{"id":24673,"date":"2020-08-28T13:04:06","date_gmt":"2020-08-28T13:04:06","guid":{"rendered":"https:\/\/basakcilastik.com.tr\/?post_type=product&#038;p=24673"},"modified":"2020-08-28T13:04:08","modified_gmt":"2020-08-28T13:04:08","slug":"donerli-alu-tabanca-edt-335","status":"publish","type":"product","link":"http:\/\/basakcilastik.com.tr\/?product=donerli-alu-tabanca-edt-335","title":{"rendered":"D\u00f6nerli Al\u00fc. Tabanca EDT 335"},"content":{"rendered":"<p>D\u00f6nerli Al\u00fc. Tabanca EDT 335<\/p>\n","protected":false},"excerpt":{"rendered":"<p>D\u00f6nerli Al\u00fc. Tabanca EDT 335<\/p>\n","protected":false},"featured_media":24676,"comment_status":"open","ping_status":"closed","template":"","meta":[],"product_brand":[],"product_cat":[15,72,251,88],"product_tag":[],"class_list":{"0":"post-24673","1":"product","2":"type-product","3":"status-publish","4":"has-post-thumbnail","6":"product_cat-genel","7":"product_cat-hirdavat","8":"product_cat-silikon-ve-diger-tabancalar","9":"product_cat-yapistirici-ve-bantlar","11":"first","12":"instock","13":"shipping-taxable","14":"product-type-simple"},"_links":{"self":[{"href":"http:\/\/basakcilastik.com.tr\/index.php?rest_route=\/wp\/v2\/product\/24673","targetHints":{"allow":["GET"]}}],"collection":[{"href":"http:\/\/basakcilastik.com.tr\/index.php?rest_route=\/wp\/v2\/product"}],"about":[{"href":"http:\/\/basakcilastik.com.tr\/index.php?rest_route=\/wp\/v2\/types\/product"}],"replies":[{"embeddable":true,"href":"http:\/\/basakcilastik.com.tr\/index.php?rest_route=%2Fwp%2Fv2%2Fcomments&post=24673"}],"wp:featuredmedia":[{"embeddable":true,"href":"http:\/\/basakcilastik.com.tr\/index.php?rest_route=\/wp\/v2\/media\/24676"}],"wp:attachment":[{"href":"http:\/\/basakcilastik.com.tr\/index.php?rest_route=%2Fwp%2Fv2%2Fmedia&parent=24673"}],"wp:term":[{"taxonomy":"product_brand","embeddable":true,"href":"http:\/\/basakcilastik.com.tr\/index.php?rest_route=%2Fwp%2Fv2%2Fproduct_brand&post=24673"},{"taxonomy":"product_cat","embeddable":true,"href":"http:\/\/basakcilastik.com.tr\/index.php?rest_route=%2Fwp%2Fv2%2Fproduct_cat&post=24673"},{"taxonomy":"product_tag","embeddable":true,"href":"http:\/\/basakcilastik.com.tr\/index.php?rest_route=%2Fwp%2Fv2%2Fproduct_tag&post=24673"}],"curies":[{"name":"wp","href":"https:\/\/api.w.org\/{rel}","templated":true}]}}