{"id":24671,"date":"2020-08-28T13:03:18","date_gmt":"2020-08-28T13:03:18","guid":{"rendered":"https:\/\/basakcilastik.com.tr\/?post_type=product&#038;p=24671"},"modified":"2020-08-28T13:03:21","modified_gmt":"2020-08-28T13:03:21","slug":"alu-silikon-tabancasi-akt-331","status":"publish","type":"product","link":"http:\/\/basakcilastik.com.tr\/?product=alu-silikon-tabancasi-akt-331","title":{"rendered":"Al\u00fc. Silikon Tabancas\u0131 AKT 331"},"content":{"rendered":"<p>Al\u00fc. Silikon Tabancas\u0131 AKT 331<\/p>\n","protected":false},"excerpt":{"rendered":"<p>Al\u00fc. Silikon Tabancas\u0131 AKT 331<\/p>\n","protected":false},"featured_media":24674,"comment_status":"open","ping_status":"closed","template":"","meta":[],"product_brand":[],"product_cat":[15,72,251,88],"product_tag":[],"class_list":{"0":"post-24671","1":"product","2":"type-product","3":"status-publish","4":"has-post-thumbnail","6":"product_cat-genel","7":"product_cat-hirdavat","8":"product_cat-silikon-ve-diger-tabancalar","9":"product_cat-yapistirici-ve-bantlar","11":"first","12":"instock","13":"shipping-taxable","14":"product-type-simple"},"_links":{"self":[{"href":"http:\/\/basakcilastik.com.tr\/index.php?rest_route=\/wp\/v2\/product\/24671","targetHints":{"allow":["GET"]}}],"collection":[{"href":"http:\/\/basakcilastik.com.tr\/index.php?rest_route=\/wp\/v2\/product"}],"about":[{"href":"http:\/\/basakcilastik.com.tr\/index.php?rest_route=\/wp\/v2\/types\/product"}],"replies":[{"embeddable":true,"href":"http:\/\/basakcilastik.com.tr\/index.php?rest_route=%2Fwp%2Fv2%2Fcomments&post=24671"}],"wp:featuredmedia":[{"embeddable":true,"href":"http:\/\/basakcilastik.com.tr\/index.php?rest_route=\/wp\/v2\/media\/24674"}],"wp:attachment":[{"href":"http:\/\/basakcilastik.com.tr\/index.php?rest_route=%2Fwp%2Fv2%2Fmedia&parent=24671"}],"wp:term":[{"taxonomy":"product_brand","embeddable":true,"href":"http:\/\/basakcilastik.com.tr\/index.php?rest_route=%2Fwp%2Fv2%2Fproduct_brand&post=24671"},{"taxonomy":"product_cat","embeddable":true,"href":"http:\/\/basakcilastik.com.tr\/index.php?rest_route=%2Fwp%2Fv2%2Fproduct_cat&post=24671"},{"taxonomy":"product_tag","embeddable":true,"href":"http:\/\/basakcilastik.com.tr\/index.php?rest_route=%2Fwp%2Fv2%2Fproduct_tag&post=24671"}],"curies":[{"name":"wp","href":"https:\/\/api.w.org\/{rel}","templated":true}]}}