{"id":24669,"date":"2020-08-28T13:02:36","date_gmt":"2020-08-28T13:02:36","guid":{"rendered":"https:\/\/basakcilastik.com.tr\/?post_type=product&#038;p=24669"},"modified":"2020-08-28T13:02:39","modified_gmt":"2020-08-28T13:02:39","slug":"sun-fix-sivi-kaynak-plastik-plastikbond","status":"publish","type":"product","link":"http:\/\/basakcilastik.com.tr\/?product=sun-fix-sivi-kaynak-plastik-plastikbond","title":{"rendered":"SUN-FIX S\u0131v\u0131 Kaynak, Plastik &#8211; PLASTIKBOND"},"content":{"rendered":"<p><strong>SUN-FIX S\u0131v\u0131 Kaynak, Plastik \u2013 PLASTIKBOND<\/strong><\/p>\n<ul>\n<li>\u00d6zellikle sert plastik malzemelerin birbiriyle veya ba\u015fka bir sert malzeme ile yap\u0131\u015ft\u0131r\u0131lmas\u0131nda<br \/>\n\u25cf Otomobil tampon tamirinde, karoseri tamirinde, aynalar\u0131n yap\u0131\u015ft\u0131r\u0131lmas\u0131nda,<br \/>\n\u25cf Far ve stop lambalar\u0131n\u0131n tamirinde, ara\u00e7lar\u0131n t\u00fcm metal aksam\u0131n\u0131n onar\u0131m\u0131nda<br \/>\n\u25cf En \u00e7ok 3 dakika i\u00e7erisinde uygulayaca\u011f\u0131n\u0131z yere s\u00fcr\u00fcn\u00fcz.<br \/>\n\u25cf 4-6 dakikada kat\u0131la\u015fmaya ba\u015flar ve 60 dakika sonra z\u0131mparalanabilir ve boyanabilir<br \/>\n\u25cf Son kullanma tarihi: En az 18 ay.<\/li>\n<\/ul>\n<p><strong>TEKN\u0130K \u00d6ZELL\u0130KLER<\/strong><br \/>\n\u25cf Ambalaj: 28g ikiz \u015f\u0131r\u0131nga<br \/>\n\u25cf K\u00fcr s\u00fcresi (oda s\u0131cakl\u0131\u011f\u0131nda): 5-30dak<br \/>\n\u25cf Nihai k\u00fcr: 24saat<br \/>\n\u25cf Is\u0131ya Dayan\u0131m: -55\u00baC ila + 125\u00baC<\/p>\n<p>&nbsp;<\/p>\n","protected":false},"excerpt":{"rendered":"<p>SUN-FIX S\u0131v\u0131 Kaynak, Plastik \u2013 PLASTIKBOND \u00d6zellikle sert plastik malzemelerin birbiriyle veya ba\u015fka bir sert malzeme ile yap\u0131\u015ft\u0131r\u0131lmas\u0131nda \u25cf Otomobil tampon tamirinde, karoseri tamirinde, aynalar\u0131n yap\u0131\u015ft\u0131r\u0131lmas\u0131nda, \u25cf Far ve stop lambalar\u0131n\u0131n tamirinde, ara\u00e7lar\u0131n t\u00fcm metal aksam\u0131n\u0131n onar\u0131m\u0131nda \u25cf En \u00e7ok 3 dakika i\u00e7erisinde uygulayaca\u011f\u0131n\u0131z yere s\u00fcr\u00fcn\u00fcz. \u25cf 4-6 dakikada kat\u0131la\u015fmaya ba\u015flar ve 60 dakika sonra z\u0131mparalanabilir ve boyanabilir \u25cf Son [&hellip;]<\/p>\n","protected":false},"featured_media":24672,"comment_status":"open","ping_status":"closed","template":"","meta":[],"product_brand":[],"product_cat":[15,250,72,88],"product_tag":[],"class_list":{"0":"post-24669","1":"product","2":"type-product","3":"status-publish","4":"has-post-thumbnail","6":"product_cat-genel","7":"product_cat-diger-yapistirici-ve-bantlar","8":"product_cat-hirdavat","9":"product_cat-yapistirici-ve-bantlar","11":"first","12":"instock","13":"shipping-taxable","14":"product-type-simple"},"_links":{"self":[{"href":"http:\/\/basakcilastik.com.tr\/index.php?rest_route=\/wp\/v2\/product\/24669","targetHints":{"allow":["GET"]}}],"collection":[{"href":"http:\/\/basakcilastik.com.tr\/index.php?rest_route=\/wp\/v2\/product"}],"about":[{"href":"http:\/\/basakcilastik.com.tr\/index.php?rest_route=\/wp\/v2\/types\/product"}],"replies":[{"embeddable":true,"href":"http:\/\/basakcilastik.com.tr\/index.php?rest_route=%2Fwp%2Fv2%2Fcomments&post=24669"}],"wp:featuredmedia":[{"embeddable":true,"href":"http:\/\/basakcilastik.com.tr\/index.php?rest_route=\/wp\/v2\/media\/24672"}],"wp:attachment":[{"href":"http:\/\/basakcilastik.com.tr\/index.php?rest_route=%2Fwp%2Fv2%2Fmedia&parent=24669"}],"wp:term":[{"taxonomy":"product_brand","embeddable":true,"href":"http:\/\/basakcilastik.com.tr\/index.php?rest_route=%2Fwp%2Fv2%2Fproduct_brand&post=24669"},{"taxonomy":"product_cat","embeddable":true,"href":"http:\/\/basakcilastik.com.tr\/index.php?rest_route=%2Fwp%2Fv2%2Fproduct_cat&post=24669"},{"taxonomy":"product_tag","embeddable":true,"href":"http:\/\/basakcilastik.com.tr\/index.php?rest_route=%2Fwp%2Fv2%2Fproduct_tag&post=24669"}],"curies":[{"name":"wp","href":"https:\/\/api.w.org\/{rel}","templated":true}]}}