{"id":24643,"date":"2020-08-28T12:49:00","date_gmt":"2020-08-28T12:49:00","guid":{"rendered":"https:\/\/basakcilastik.com.tr\/?post_type=product&#038;p=24643"},"modified":"2020-08-28T12:49:02","modified_gmt":"2020-08-28T12:49:02","slug":"sun-fix-civata-sabitleyici-10ml-lock-sf-99-243","status":"publish","type":"product","link":"http:\/\/basakcilastik.com.tr\/?product=sun-fix-civata-sabitleyici-10ml-lock-sf-99-243","title":{"rendered":"SUN-FIX C\u0131vata Sabitleyici, 10ml (LOCK SF 99-243)"},"content":{"rendered":"<p>SUN-FIX Civata Sabitleyici, 10ml (LOCK SF 99-243)<\/p>\n<p>&nbsp;<\/p>\n<ul>\n<li>\nT\u00fcm saplama, civata, vida ve somun ba\u011flant\u0131lar\u0131 i\u00e7in y\u00fcksek diren\u00e7li, gev\u015femezlik sa\u011flar.<br \/>\n\u25cf Titre\u015fimden etkilenmeyi \u00f6nler.<br \/>\n\u25cf Genellikle tekrar s\u00f6k\u00fclmesi istenebilecek par\u00e7alara uygulan\u0131r.<br \/>\n\u25cf 0,25mm.ye kadar olan yar\u0131klar\u0131n kapat\u0131lmas\u0131nda da kullan\u0131labilir.<br \/>\n\u25cf Kuruduktan sonra ya\u011flara dayan\u0131kl\u0131d\u0131r.<br \/>\n\u25cf Y\u00fcksek mukavemetlidir.<br \/>\n\u25cf -55\u00baC ile + 150\u00baC aras\u0131nda etkindir.<br \/>\n\u25cf Tutma mukavemetine 30 dakikada eri\u015fir.<br \/>\n\u25cf Statik kesme mukavemeti: 3 saatte 3N\/mm\u00b2<\/li>\n<\/ul>\n<p><strong>A\u011f\u0131rl\u0131k(Kg)<\/strong><\/p>\n<p><strong>:<\/strong><\/p>\n<p>0.05<\/p>\n<p>&nbsp;<\/p>\n","protected":false},"excerpt":{"rendered":"<p>SUN-FIX Civata Sabitleyici, 10ml (LOCK SF 99-243) &nbsp; T\u00fcm saplama, civata, vida ve somun ba\u011flant\u0131lar\u0131 i\u00e7in y\u00fcksek diren\u00e7li, gev\u015femezlik sa\u011flar. \u25cf Titre\u015fimden etkilenmeyi \u00f6nler. \u25cf Genellikle tekrar s\u00f6k\u00fclmesi istenebilecek par\u00e7alara uygulan\u0131r. \u25cf 0,25mm.ye kadar olan yar\u0131klar\u0131n kapat\u0131lmas\u0131nda da kullan\u0131labilir. \u25cf Kuruduktan sonra ya\u011flara dayan\u0131kl\u0131d\u0131r. \u25cf Y\u00fcksek mukavemetlidir. \u25cf -55\u00baC ile + 150\u00baC aras\u0131nda etkindir. \u25cf Tutma mukavemetine 30 dakikada eri\u015fir. [&hellip;]<\/p>\n","protected":false},"featured_media":24646,"comment_status":"open","ping_status":"closed","template":"","meta":[],"product_brand":[],"product_cat":[15,250,72,88],"product_tag":[],"class_list":{"0":"post-24643","1":"product","2":"type-product","3":"status-publish","4":"has-post-thumbnail","6":"product_cat-genel","7":"product_cat-diger-yapistirici-ve-bantlar","8":"product_cat-hirdavat","9":"product_cat-yapistirici-ve-bantlar","11":"first","12":"instock","13":"shipping-taxable","14":"product-type-simple"},"_links":{"self":[{"href":"http:\/\/basakcilastik.com.tr\/index.php?rest_route=\/wp\/v2\/product\/24643","targetHints":{"allow":["GET"]}}],"collection":[{"href":"http:\/\/basakcilastik.com.tr\/index.php?rest_route=\/wp\/v2\/product"}],"about":[{"href":"http:\/\/basakcilastik.com.tr\/index.php?rest_route=\/wp\/v2\/types\/product"}],"replies":[{"embeddable":true,"href":"http:\/\/basakcilastik.com.tr\/index.php?rest_route=%2Fwp%2Fv2%2Fcomments&post=24643"}],"wp:featuredmedia":[{"embeddable":true,"href":"http:\/\/basakcilastik.com.tr\/index.php?rest_route=\/wp\/v2\/media\/24646"}],"wp:attachment":[{"href":"http:\/\/basakcilastik.com.tr\/index.php?rest_route=%2Fwp%2Fv2%2Fmedia&parent=24643"}],"wp:term":[{"taxonomy":"product_brand","embeddable":true,"href":"http:\/\/basakcilastik.com.tr\/index.php?rest_route=%2Fwp%2Fv2%2Fproduct_brand&post=24643"},{"taxonomy":"product_cat","embeddable":true,"href":"http:\/\/basakcilastik.com.tr\/index.php?rest_route=%2Fwp%2Fv2%2Fproduct_cat&post=24643"},{"taxonomy":"product_tag","embeddable":true,"href":"http:\/\/basakcilastik.com.tr\/index.php?rest_route=%2Fwp%2Fv2%2Fproduct_tag&post=24643"}],"curies":[{"name":"wp","href":"https:\/\/api.w.org\/{rel}","templated":true}]}}