{"id":24639,"date":"2020-08-28T12:47:41","date_gmt":"2020-08-28T12:47:41","guid":{"rendered":"https:\/\/basakcilastik.com.tr\/?post_type=product&#038;p=24639"},"modified":"2020-08-28T12:47:43","modified_gmt":"2020-08-28T12:47:43","slug":"siva-filesi","status":"publish","type":"product","link":"http:\/\/basakcilastik.com.tr\/?product=siva-filesi","title":{"rendered":"SIVA F\u0130LES\u0130"},"content":{"rendered":"<p>Yu\u0308ksek alkali dayan\u0131m\u0131na sahip fiber cam elyaf\u0131n iplik haline getirilerek sonras\u0131nda dokunmas\u0131 ve tutkal re\u00e7ine ile kaplanarak renklendirilmesi ile elde edilen ta\u015f\u0131y\u0131c\u0131 donat\u0131m malzemesidir. S\u0131va filesi yal\u0131t\u0131m gereken yap\u0131larda d\u0131\u015f ve i\u00e7 cephelerinde kullan\u0131l\u0131r.<\/p>\n<table width=\"100%\">\n<thead>\n<tr>\n<td><strong>\u00dcR\u00dcN KODU<\/strong><\/td>\n<td><strong>B\u0130R\u0130M<\/strong><\/td>\n<td><strong>Boy (mm)<\/strong><\/td>\n<td><strong>Renk<\/strong><\/td>\n<td><strong>Paketleme Bilgisi Miktar<\/strong><\/td>\n<td><strong>En<\/strong><\/td>\n<td><strong>Boy<\/strong><\/td>\n<td><strong>Y\u00fckseklik<\/strong><\/td>\n<td><strong>Net A\u011f\u0131rl\u0131k<\/strong><\/td>\n<td><strong>Br\u00fct A\u011f\u0131rl\u0131k<\/strong><\/td>\n<\/tr>\n<\/thead>\n<tbody>\n<tr>\n<td>09.03.01.00.00075<\/td>\n<td>MT<\/td>\n<td>75 g\/m\u00b2<\/td>\n<td>Beyaz<\/td>\n<td>1<\/td>\n<td>0<\/td>\n<td>0<\/td>\n<td>0<\/td>\n<td>0<\/td>\n<td>0<\/td>\n<\/tr>\n<tr>\n<td>09.03.01.00.00075<\/td>\n<td>PK<\/td>\n<td>75 g\/m\u00b2<\/td>\n<td>Beyaz<\/td>\n<td>50<\/td>\n<td>0<\/td>\n<td>0<\/td>\n<td>0<\/td>\n<td>0<\/td>\n<td>0<\/td>\n<\/tr>\n<tr>\n<td>09.03.01.00.00075<\/td>\n<td>KL<\/td>\n<td>75 g\/m\u00b2<\/td>\n<td>Beyaz<\/td>\n<td>200<\/td>\n<td>0<\/td>\n<td>0<\/td>\n<td>0<\/td>\n<td>0<\/td>\n<td>0<\/td>\n<\/tr>\n<tr>\n<td>09.03.01.00.00175<\/td>\n<td>MT<\/td>\n<td>75 g\/m\u00b2<\/td>\n<td>Mavi<\/td>\n<td>1<\/td>\n<td>0<\/td>\n<td>0<\/td>\n<td>0<\/td>\n<td>0<\/td>\n<td>0<\/td>\n<\/tr>\n<tr>\n<td>09.03.01.00.00175<\/td>\n<td>PK<\/td>\n<td>75 g\/m\u00b2<\/td>\n<td>Mavi<\/td>\n<td>50<\/td>\n<td>0<\/td>\n<td>0<\/td>\n<td>0<\/td>\n<td>0<\/td>\n<td>0<\/td>\n<\/tr>\n<tr>\n<td>09.03.01.00.00175<\/td>\n<td>KL<\/td>\n<td>75 g\/m\u00b2<\/td>\n<td>Mavi<\/td>\n<td>200<\/td>\n<td>0<\/td>\n<td>0<\/td>\n<td>0<\/td>\n<td>0<\/td>\n<td>0<\/td>\n<\/tr>\n<tr>\n<td>09.03.01.00.00275<\/td>\n<td>MT<\/td>\n<td>75 g\/m\u00b2<\/td>\n<td>Turuncu<\/td>\n<td>1<\/td>\n<td>0<\/td>\n<td>0<\/td>\n<td>0<\/td>\n<td>0<\/td>\n<td>0<\/td>\n<\/tr>\n<tr>\n<td>09.03.01.00.00275<\/td>\n<td>PK<\/td>\n<td>75 g\/m\u00b2<\/td>\n<td>Turuncu<\/td>\n<td>50<\/td>\n<td>0<\/td>\n<td>0<\/td>\n<td>0<\/td>\n<td>0<\/td>\n<td>0<\/td>\n<\/tr>\n<tr>\n<td>09.03.01.00.00275<\/td>\n<td>KL<\/td>\n<td>75 g\/m\u00b2<\/td>\n<td>Turuncu<\/td>\n<td>200<\/td>\n<td>0<\/td>\n<td>0<\/td>\n<td>0<\/td>\n<td>0<\/td>\n<td>0<\/td>\n<\/tr>\n<tr>\n<td>09.03.01.01.00165<\/td>\n<td>MT<\/td>\n<td>165 g\/m\u00b2<\/td>\n<td>Beyaz<\/td>\n<td>1<\/td>\n<td>0<\/td>\n<td>0<\/td>\n<td>0<\/td>\n<td>0<\/td>\n<td>0<\/td>\n<\/tr>\n<tr>\n<td>09.03.01.01.00165<\/td>\n<td>PK<\/td>\n<td>165 g\/m\u00b2<\/td>\n<td>Beyaz<\/td>\n<td>50<\/td>\n<td>0<\/td>\n<td>0<\/td>\n<td>0<\/td>\n<td>0<\/td>\n<td>0<\/td>\n<\/tr>\n<tr>\n<td>09.03.01.01.00165<\/td>\n<td>KL<\/td>\n<td>165 g\/m\u00b2<\/td>\n<td>Beyaz<\/td>\n<td>200<\/td>\n<td>0<\/td>\n<td>0<\/td>\n<td>0<\/td>\n<td>0<\/td>\n<td>0<\/td>\n<\/tr>\n<tr>\n<td>09.03.01.01.00265<\/td>\n<td>MT<\/td>\n<td>165 g\/m\u00b2<\/td>\n<td>Mavi<\/td>\n<td>1<\/td>\n<td>0<\/td>\n<td>0<\/td>\n<td>0<\/td>\n<td>0<\/td>\n<td>0<\/td>\n<\/tr>\n<tr>\n<td>09.03.01.01.00265<\/td>\n<td>PK<\/td>\n<td>165 g\/m\u00b2<\/td>\n<td>Mavi<\/td>\n<td>100<\/td>\n<td>0<\/td>\n<td>0<\/td>\n<td>0<\/td>\n<td>0<\/td>\n<td>0<\/td>\n<\/tr>\n<tr>\n<td>09.03.01.01.00265<\/td>\n<td>KL<\/td>\n<td>165 g\/m\u00b2<\/td>\n<td>Mavi<\/td>\n<td>200<\/td>\n<td>0<\/td>\n<td>0<\/td>\n<td>0<\/td>\n<td>0<\/td>\n<td>0<\/td>\n<\/tr>\n<tr>\n<td>09.03.01.01.00365<\/td>\n<td>MT<\/td>\n<td>165 g\/m\u00b2<\/td>\n<td>Turuncu<\/td>\n<td>1<\/td>\n<td>0<\/td>\n<td>0<\/td>\n<td>0<\/td>\n<td>0<\/td>\n<td>0<\/td>\n<\/tr>\n<tr>\n<td>09.03.01.01.00365<\/td>\n<td>PK<\/td>\n<td>165 g\/m\u00b2<\/td>\n<td>Turuncu<\/td>\n<td>100<\/td>\n<td>0<\/td>\n<td>0<\/td>\n<td>0<\/td>\n<td>0<\/td>\n<td>0<\/td>\n<\/tr>\n<tr>\n<td>09.03.01.01.00365<\/td>\n<td>KL<\/td>\n<td>165 g\/m\u00b2<\/td>\n<td>Turuncu<\/td>\n<td>200<\/td>\n<td>0<\/td>\n<td>0<\/td>\n<td>0<\/td>\n<td>0<\/td>\n<td>0<\/td>\n<\/tr>\n<\/tbody>\n<\/table>\n<p>&nbsp;<\/p>\n","protected":false},"excerpt":{"rendered":"<p>Yu\u0308ksek alkali dayan\u0131m\u0131na sahip fiber cam elyaf\u0131n iplik haline getirilerek sonras\u0131nda dokunmas\u0131 ve tutkal re\u00e7ine ile kaplanarak renklendirilmesi ile elde edilen ta\u015f\u0131y\u0131c\u0131 donat\u0131m malzemesidir. S\u0131va filesi yal\u0131t\u0131m gereken yap\u0131larda d\u0131\u015f ve i\u00e7 cephelerinde kullan\u0131l\u0131r. \u00dcR\u00dcN KODU B\u0130R\u0130M Boy (mm) Renk Paketleme Bilgisi Miktar En Boy Y\u00fckseklik Net A\u011f\u0131rl\u0131k Br\u00fct A\u011f\u0131rl\u0131k 09.03.01.00.00075 MT 75 g\/m\u00b2 Beyaz 1 0 0 0 0 [&hellip;]<\/p>\n","protected":false},"featured_media":24642,"comment_status":"open","ping_status":"closed","template":"","meta":[],"product_brand":[],"product_cat":[15,250,72,88],"product_tag":[],"class_list":{"0":"post-24639","1":"product","2":"type-product","3":"status-publish","4":"has-post-thumbnail","6":"product_cat-genel","7":"product_cat-diger-yapistirici-ve-bantlar","8":"product_cat-hirdavat","9":"product_cat-yapistirici-ve-bantlar","11":"first","12":"instock","13":"shipping-taxable","14":"product-type-simple"},"_links":{"self":[{"href":"http:\/\/basakcilastik.com.tr\/index.php?rest_route=\/wp\/v2\/product\/24639","targetHints":{"allow":["GET"]}}],"collection":[{"href":"http:\/\/basakcilastik.com.tr\/index.php?rest_route=\/wp\/v2\/product"}],"about":[{"href":"http:\/\/basakcilastik.com.tr\/index.php?rest_route=\/wp\/v2\/types\/product"}],"replies":[{"embeddable":true,"href":"http:\/\/basakcilastik.com.tr\/index.php?rest_route=%2Fwp%2Fv2%2Fcomments&post=24639"}],"wp:featuredmedia":[{"embeddable":true,"href":"http:\/\/basakcilastik.com.tr\/index.php?rest_route=\/wp\/v2\/media\/24642"}],"wp:attachment":[{"href":"http:\/\/basakcilastik.com.tr\/index.php?rest_route=%2Fwp%2Fv2%2Fmedia&parent=24639"}],"wp:term":[{"taxonomy":"product_brand","embeddable":true,"href":"http:\/\/basakcilastik.com.tr\/index.php?rest_route=%2Fwp%2Fv2%2Fproduct_brand&post=24639"},{"taxonomy":"product_cat","embeddable":true,"href":"http:\/\/basakcilastik.com.tr\/index.php?rest_route=%2Fwp%2Fv2%2Fproduct_cat&post=24639"},{"taxonomy":"product_tag","embeddable":true,"href":"http:\/\/basakcilastik.com.tr\/index.php?rest_route=%2Fwp%2Fv2%2Fproduct_tag&post=24639"}],"curies":[{"name":"wp","href":"https:\/\/api.w.org\/{rel}","templated":true}]}}