{"id":24637,"date":"2020-08-28T12:46:46","date_gmt":"2020-08-28T12:46:46","guid":{"rendered":"https:\/\/basakcilastik.com.tr\/?post_type=product&#038;p=24637"},"modified":"2020-08-28T12:46:48","modified_gmt":"2020-08-28T12:46:48","slug":"sinek-teli","status":"publish","type":"product","link":"http:\/\/basakcilastik.com.tr\/?product=sinek-teli","title":{"rendered":"S\u0130NEK TEL\u0130"},"content":{"rendered":"<p>Kap\u0131, pencere, \u00e7ad\u0131r imalat\u0131, filtre sanayi, dekorasyon ve sinekten korunma ama\u00e7l\u0131 kullan\u0131lan, fiberglastan imal edilmi\u015f, \u0131s\u0131ya kar\u015f\u0131 dayan\u0131kl\u0131 bir u\u0308ru\u0308ndu\u0308r.<\/p>\n<table width=\"100%\">\n<thead>\n<tr>\n<td><strong>\u00dcR\u00dcN KODU<\/strong><\/td>\n<td><strong>B\u0130R\u0130M<\/strong><\/td>\n<td><strong>Kal\u0131nl\u0131k (mm)<\/strong><\/td>\n<td><strong>Geni\u015flik (cm)<\/strong><\/td>\n<td><strong>Paketleme Bilgisi Miktar<\/strong><\/td>\n<td><strong>En<\/strong><\/td>\n<td><strong>Boy<\/strong><\/td>\n<td><strong>Y\u00fckseklik<\/strong><\/td>\n<td><strong>Net A\u011f\u0131rl\u0131k<\/strong><\/td>\n<td><strong>Br\u00fct A\u011f\u0131rl\u0131k<\/strong><\/td>\n<\/tr>\n<\/thead>\n<tbody>\n<tr>\n<td>09.04.01.00.00080<\/td>\n<td>MT<\/td>\n<td>0.28<\/td>\n<td>80<\/td>\n<td>1<\/td>\n<td>0<\/td>\n<td>0<\/td>\n<td>0<\/td>\n<td>0<\/td>\n<td>0<\/td>\n<\/tr>\n<tr>\n<td>09.04.01.00.00080<\/td>\n<td>PK<\/td>\n<td>0.28<\/td>\n<td>80<\/td>\n<td>30<\/td>\n<td>0<\/td>\n<td>0<\/td>\n<td>0<\/td>\n<td>0<\/td>\n<td>0<\/td>\n<\/tr>\n<tr>\n<td>09.04.01.00.00080<\/td>\n<td>KL<\/td>\n<td>0.28<\/td>\n<td>80<\/td>\n<td>180<\/td>\n<td>0<\/td>\n<td>0<\/td>\n<td>0<\/td>\n<td>0<\/td>\n<td>0<\/td>\n<\/tr>\n<tr>\n<td>09.04.01.00.00100<\/td>\n<td>MT<\/td>\n<td>0.28<\/td>\n<td>100<\/td>\n<td>1<\/td>\n<td>0<\/td>\n<td>0<\/td>\n<td>0<\/td>\n<td>0<\/td>\n<td>0<\/td>\n<\/tr>\n<tr>\n<td>09.04.01.00.00100<\/td>\n<td>PK<\/td>\n<td>0.28<\/td>\n<td>100<\/td>\n<td>30<\/td>\n<td>0<\/td>\n<td>0<\/td>\n<td>0<\/td>\n<td>0<\/td>\n<td>0<\/td>\n<\/tr>\n<tr>\n<td>09.04.01.00.00100<\/td>\n<td>KL<\/td>\n<td>0.28<\/td>\n<td>100<\/td>\n<td>180<\/td>\n<td>0<\/td>\n<td>0<\/td>\n<td>0<\/td>\n<td>0<\/td>\n<td>0<\/td>\n<\/tr>\n<tr>\n<td>09.04.01.00.00120<\/td>\n<td>MT<\/td>\n<td>0.28<\/td>\n<td>120<\/td>\n<td>1<\/td>\n<td>0<\/td>\n<td>0<\/td>\n<td>0<\/td>\n<td>0<\/td>\n<td>0<\/td>\n<\/tr>\n<tr>\n<td>09.04.01.00.00120<\/td>\n<td>PK<\/td>\n<td>0.28<\/td>\n<td>120<\/td>\n<td>30<\/td>\n<td>0<\/td>\n<td>0<\/td>\n<td>0<\/td>\n<td>0<\/td>\n<td>0<\/td>\n<\/tr>\n<tr>\n<td>09.04.01.00.00120<\/td>\n<td>KL<\/td>\n<td>0.28<\/td>\n<td>120<\/td>\n<td>180<\/td>\n<td>0<\/td>\n<td>0<\/td>\n<td>0<\/td>\n<td>0<\/td>\n<td>0<\/td>\n<\/tr>\n<\/tbody>\n<\/table>\n<p>&nbsp;<\/p>\n","protected":false},"excerpt":{"rendered":"<p>Kap\u0131, pencere, \u00e7ad\u0131r imalat\u0131, filtre sanayi, dekorasyon ve sinekten korunma ama\u00e7l\u0131 kullan\u0131lan, fiberglastan imal edilmi\u015f, \u0131s\u0131ya kar\u015f\u0131 dayan\u0131kl\u0131 bir u\u0308ru\u0308ndu\u0308r. \u00dcR\u00dcN KODU B\u0130R\u0130M Kal\u0131nl\u0131k (mm) Geni\u015flik (cm) Paketleme Bilgisi Miktar En Boy Y\u00fckseklik Net A\u011f\u0131rl\u0131k Br\u00fct A\u011f\u0131rl\u0131k 09.04.01.00.00080 MT 0.28 80 1 0 0 0 0 0 09.04.01.00.00080 PK 0.28 80 30 0 0 0 0 0 09.04.01.00.00080 KL 0.28 [&hellip;]<\/p>\n","protected":false},"featured_media":24640,"comment_status":"open","ping_status":"closed","template":"","meta":[],"product_brand":[],"product_cat":[15,250,72,88],"product_tag":[],"class_list":{"0":"post-24637","1":"product","2":"type-product","3":"status-publish","4":"has-post-thumbnail","6":"product_cat-genel","7":"product_cat-diger-yapistirici-ve-bantlar","8":"product_cat-hirdavat","9":"product_cat-yapistirici-ve-bantlar","11":"first","12":"instock","13":"shipping-taxable","14":"product-type-simple"},"_links":{"self":[{"href":"http:\/\/basakcilastik.com.tr\/index.php?rest_route=\/wp\/v2\/product\/24637","targetHints":{"allow":["GET"]}}],"collection":[{"href":"http:\/\/basakcilastik.com.tr\/index.php?rest_route=\/wp\/v2\/product"}],"about":[{"href":"http:\/\/basakcilastik.com.tr\/index.php?rest_route=\/wp\/v2\/types\/product"}],"replies":[{"embeddable":true,"href":"http:\/\/basakcilastik.com.tr\/index.php?rest_route=%2Fwp%2Fv2%2Fcomments&post=24637"}],"wp:featuredmedia":[{"embeddable":true,"href":"http:\/\/basakcilastik.com.tr\/index.php?rest_route=\/wp\/v2\/media\/24640"}],"wp:attachment":[{"href":"http:\/\/basakcilastik.com.tr\/index.php?rest_route=%2Fwp%2Fv2%2Fmedia&parent=24637"}],"wp:term":[{"taxonomy":"product_brand","embeddable":true,"href":"http:\/\/basakcilastik.com.tr\/index.php?rest_route=%2Fwp%2Fv2%2Fproduct_brand&post=24637"},{"taxonomy":"product_cat","embeddable":true,"href":"http:\/\/basakcilastik.com.tr\/index.php?rest_route=%2Fwp%2Fv2%2Fproduct_cat&post=24637"},{"taxonomy":"product_tag","embeddable":true,"href":"http:\/\/basakcilastik.com.tr\/index.php?rest_route=%2Fwp%2Fv2%2Fproduct_tag&post=24637"}],"curies":[{"name":"wp","href":"https:\/\/api.w.org\/{rel}","templated":true}]}}