{"id":24585,"date":"2020-08-26T22:13:33","date_gmt":"2020-08-26T22:13:33","guid":{"rendered":"https:\/\/basakcilastik.com.tr\/?post_type=product&#038;p=24585"},"modified":"2020-08-26T22:13:35","modified_gmt":"2020-08-26T22:13:35","slug":"eratool-avuc-ici-bant-kesme-aparati","status":"publish","type":"product","link":"http:\/\/basakcilastik.com.tr\/?product=eratool-avuc-ici-bant-kesme-aparati","title":{"rendered":"ERATOOL AVU\u00c7 \u0130\u00c7\u0130 BANT KESME APARATI"},"content":{"rendered":"<p>ERATOOL AVU\u00c7 \u0130\u00c7\u0130 BANT KESME APARATI<\/p>\n","protected":false},"excerpt":{"rendered":"<p>ERATOOL AVU\u00c7 \u0130\u00c7\u0130 BANT KESME APARATI<\/p>\n","protected":false},"featured_media":24588,"comment_status":"open","ping_status":"closed","template":"","meta":[],"product_brand":[],"product_cat":[15,249,72,88],"product_tag":[],"class_list":{"0":"post-24585","1":"product","2":"type-product","3":"status-publish","4":"has-post-thumbnail","6":"product_cat-genel","7":"product_cat-bantlar","8":"product_cat-hirdavat","9":"product_cat-yapistirici-ve-bantlar","11":"first","12":"instock","13":"shipping-taxable","14":"product-type-simple"},"_links":{"self":[{"href":"http:\/\/basakcilastik.com.tr\/index.php?rest_route=\/wp\/v2\/product\/24585","targetHints":{"allow":["GET"]}}],"collection":[{"href":"http:\/\/basakcilastik.com.tr\/index.php?rest_route=\/wp\/v2\/product"}],"about":[{"href":"http:\/\/basakcilastik.com.tr\/index.php?rest_route=\/wp\/v2\/types\/product"}],"replies":[{"embeddable":true,"href":"http:\/\/basakcilastik.com.tr\/index.php?rest_route=%2Fwp%2Fv2%2Fcomments&post=24585"}],"wp:featuredmedia":[{"embeddable":true,"href":"http:\/\/basakcilastik.com.tr\/index.php?rest_route=\/wp\/v2\/media\/24588"}],"wp:attachment":[{"href":"http:\/\/basakcilastik.com.tr\/index.php?rest_route=%2Fwp%2Fv2%2Fmedia&parent=24585"}],"wp:term":[{"taxonomy":"product_brand","embeddable":true,"href":"http:\/\/basakcilastik.com.tr\/index.php?rest_route=%2Fwp%2Fv2%2Fproduct_brand&post=24585"},{"taxonomy":"product_cat","embeddable":true,"href":"http:\/\/basakcilastik.com.tr\/index.php?rest_route=%2Fwp%2Fv2%2Fproduct_cat&post=24585"},{"taxonomy":"product_tag","embeddable":true,"href":"http:\/\/basakcilastik.com.tr\/index.php?rest_route=%2Fwp%2Fv2%2Fproduct_tag&post=24585"}],"curies":[{"name":"wp","href":"https:\/\/api.w.org\/{rel}","templated":true}]}}