{"id":24583,"date":"2020-08-26T22:12:36","date_gmt":"2020-08-26T22:12:36","guid":{"rendered":"https:\/\/basakcilastik.com.tr\/?post_type=product&#038;p=24583"},"modified":"2020-08-26T22:12:38","modified_gmt":"2020-08-26T22:12:38","slug":"eratool-aluminyum-folyo-bant","status":"publish","type":"product","link":"http:\/\/basakcilastik.com.tr\/?product=eratool-aluminyum-folyo-bant","title":{"rendered":"ERATOOL AL\u00dcM\u0130NYUM FOLYO BANT"},"content":{"rendered":"<p>ERATOOL AL\u00dcM\u0130NYUM FOLYO BANT<\/p>\n","protected":false},"excerpt":{"rendered":"<p>ERATOOL AL\u00dcM\u0130NYUM FOLYO BANT<\/p>\n","protected":false},"featured_media":24586,"comment_status":"open","ping_status":"closed","template":"","meta":[],"product_brand":[],"product_cat":[15,249,72,88],"product_tag":[],"class_list":{"0":"post-24583","1":"product","2":"type-product","3":"status-publish","4":"has-post-thumbnail","6":"product_cat-genel","7":"product_cat-bantlar","8":"product_cat-hirdavat","9":"product_cat-yapistirici-ve-bantlar","11":"first","12":"instock","13":"shipping-taxable","14":"product-type-simple"},"_links":{"self":[{"href":"http:\/\/basakcilastik.com.tr\/index.php?rest_route=\/wp\/v2\/product\/24583","targetHints":{"allow":["GET"]}}],"collection":[{"href":"http:\/\/basakcilastik.com.tr\/index.php?rest_route=\/wp\/v2\/product"}],"about":[{"href":"http:\/\/basakcilastik.com.tr\/index.php?rest_route=\/wp\/v2\/types\/product"}],"replies":[{"embeddable":true,"href":"http:\/\/basakcilastik.com.tr\/index.php?rest_route=%2Fwp%2Fv2%2Fcomments&post=24583"}],"wp:featuredmedia":[{"embeddable":true,"href":"http:\/\/basakcilastik.com.tr\/index.php?rest_route=\/wp\/v2\/media\/24586"}],"wp:attachment":[{"href":"http:\/\/basakcilastik.com.tr\/index.php?rest_route=%2Fwp%2Fv2%2Fmedia&parent=24583"}],"wp:term":[{"taxonomy":"product_brand","embeddable":true,"href":"http:\/\/basakcilastik.com.tr\/index.php?rest_route=%2Fwp%2Fv2%2Fproduct_brand&post=24583"},{"taxonomy":"product_cat","embeddable":true,"href":"http:\/\/basakcilastik.com.tr\/index.php?rest_route=%2Fwp%2Fv2%2Fproduct_cat&post=24583"},{"taxonomy":"product_tag","embeddable":true,"href":"http:\/\/basakcilastik.com.tr\/index.php?rest_route=%2Fwp%2Fv2%2Fproduct_tag&post=24583"}],"curies":[{"name":"wp","href":"https:\/\/api.w.org\/{rel}","templated":true}]}}