{"id":24579,"date":"2020-08-26T22:10:46","date_gmt":"2020-08-26T22:10:46","guid":{"rendered":"https:\/\/basakcilastik.com.tr\/?post_type=product&#038;p=24579"},"modified":"2020-08-26T22:10:48","modified_gmt":"2020-08-26T22:10:48","slug":"elektirik-bandi","status":"publish","type":"product","link":"http:\/\/basakcilastik.com.tr\/?product=elektirik-bandi","title":{"rendered":"ELEKT\u0130R\u0130K BANDI"},"content":{"rendered":"<p>\u00d6zellikle elektrik ve elektronik sekt\u00f6ru\u0308nde elektrik izolasyonu, manyetik alan izolasyonu amac\u0131 ile kullan\u0131lan pvc elektrik bantlar alev geciktirici \u00f6zellikte, siyah ve beyaz renk se\u00e7enekleriyle sunulmaktad\u0131r.<\/p>\n<table width=\"100%\">\n<thead>\n<tr>\n<td><strong>\u00dcR\u00dcN KODU<\/strong><\/td>\n<td><strong>B\u0130R\u0130M<\/strong><\/td>\n<td><strong>\u00d6l\u00e7\u00fcler (mm)<\/strong><\/td>\n<td><strong>Renk<\/strong><\/td>\n<td><strong>Paketleme Bilgisi Miktar<\/strong><\/td>\n<td><strong>En<\/strong><\/td>\n<td><strong>Boy<\/strong><\/td>\n<td><strong>Y\u00fckseklik<\/strong><\/td>\n<td><strong>Net A\u011f\u0131rl\u0131k<\/strong><\/td>\n<td><strong>Br\u00fct A\u011f\u0131rl\u0131k<\/strong><\/td>\n<\/tr>\n<\/thead>\n<tbody>\n<tr>\n<td>09.02.01.00.19010<\/td>\n<td>AD<\/td>\n<td>0.13x19x10Y<\/td>\n<td>Siyah<\/td>\n<td>1<\/td>\n<td>0<\/td>\n<td>0<\/td>\n<td>0<\/td>\n<td>0<\/td>\n<td>0<\/td>\n<\/tr>\n<tr>\n<td>09.02.01.00.19010<\/td>\n<td>PK<\/td>\n<td>0.13x19x10Y<\/td>\n<td>Siyah<\/td>\n<td>10<\/td>\n<td>0<\/td>\n<td>0<\/td>\n<td>0<\/td>\n<td>0<\/td>\n<td>0<\/td>\n<\/tr>\n<tr>\n<td>09.02.01.00.19010<\/td>\n<td>KL<\/td>\n<td>0.13x19x10Y<\/td>\n<td>Siyah<\/td>\n<td>500<\/td>\n<td>30<\/td>\n<td>59<\/td>\n<td>21<\/td>\n<td>16<\/td>\n<td>16.6<\/td>\n<\/tr>\n<tr>\n<td>09.02.01.00.19011<\/td>\n<td>AD<\/td>\n<td>0.13x19x10Y<\/td>\n<td>Beyaz<\/td>\n<td>1<\/td>\n<td>0<\/td>\n<td>0<\/td>\n<td>0<\/td>\n<td>0<\/td>\n<td>0<\/td>\n<\/tr>\n<tr>\n<td>09.02.01.00.19011<\/td>\n<td>PK<\/td>\n<td>0.13x19x10Y<\/td>\n<td>Beyaz<\/td>\n<td>10<\/td>\n<td>0<\/td>\n<td>0<\/td>\n<td>0<\/td>\n<td>0<\/td>\n<td>0<\/td>\n<\/tr>\n<tr>\n<td>09.02.01.00.19011<\/td>\n<td>KL<\/td>\n<td>0.13x19x10Y<\/td>\n<td>Beyaz<\/td>\n<td>500<\/td>\n<td>30<\/td>\n<td>59<\/td>\n<td>21<\/td>\n<td>16<\/td>\n<td>16.6<\/td>\n<\/tr>\n<\/tbody>\n<\/table>\n<p>&nbsp;<\/p>\n","protected":false},"excerpt":{"rendered":"<p>\u00d6zellikle elektrik ve elektronik sekt\u00f6ru\u0308nde elektrik izolasyonu, manyetik alan izolasyonu amac\u0131 ile kullan\u0131lan pvc elektrik bantlar alev geciktirici \u00f6zellikte, siyah ve beyaz renk se\u00e7enekleriyle sunulmaktad\u0131r. \u00dcR\u00dcN KODU B\u0130R\u0130M \u00d6l\u00e7\u00fcler (mm) Renk Paketleme Bilgisi Miktar En Boy Y\u00fckseklik Net A\u011f\u0131rl\u0131k Br\u00fct A\u011f\u0131rl\u0131k 09.02.01.00.19010 AD 0.13x19x10Y Siyah 1 0 0 0 0 0 09.02.01.00.19010 PK 0.13x19x10Y Siyah 10 0 0 0 0 [&hellip;]<\/p>\n","protected":false},"featured_media":24582,"comment_status":"open","ping_status":"closed","template":"","meta":[],"product_brand":[],"product_cat":[15,249,72,88],"product_tag":[],"class_list":{"0":"post-24579","1":"product","2":"type-product","3":"status-publish","4":"has-post-thumbnail","6":"product_cat-genel","7":"product_cat-bantlar","8":"product_cat-hirdavat","9":"product_cat-yapistirici-ve-bantlar","11":"first","12":"instock","13":"shipping-taxable","14":"product-type-simple"},"_links":{"self":[{"href":"http:\/\/basakcilastik.com.tr\/index.php?rest_route=\/wp\/v2\/product\/24579","targetHints":{"allow":["GET"]}}],"collection":[{"href":"http:\/\/basakcilastik.com.tr\/index.php?rest_route=\/wp\/v2\/product"}],"about":[{"href":"http:\/\/basakcilastik.com.tr\/index.php?rest_route=\/wp\/v2\/types\/product"}],"replies":[{"embeddable":true,"href":"http:\/\/basakcilastik.com.tr\/index.php?rest_route=%2Fwp%2Fv2%2Fcomments&post=24579"}],"wp:featuredmedia":[{"embeddable":true,"href":"http:\/\/basakcilastik.com.tr\/index.php?rest_route=\/wp\/v2\/media\/24582"}],"wp:attachment":[{"href":"http:\/\/basakcilastik.com.tr\/index.php?rest_route=%2Fwp%2Fv2%2Fmedia&parent=24579"}],"wp:term":[{"taxonomy":"product_brand","embeddable":true,"href":"http:\/\/basakcilastik.com.tr\/index.php?rest_route=%2Fwp%2Fv2%2Fproduct_brand&post=24579"},{"taxonomy":"product_cat","embeddable":true,"href":"http:\/\/basakcilastik.com.tr\/index.php?rest_route=%2Fwp%2Fv2%2Fproduct_cat&post=24579"},{"taxonomy":"product_tag","embeddable":true,"href":"http:\/\/basakcilastik.com.tr\/index.php?rest_route=%2Fwp%2Fv2%2Fproduct_tag&post=24579"}],"curies":[{"name":"wp","href":"https:\/\/api.w.org\/{rel}","templated":true}]}}