{"id":24577,"date":"2020-08-26T22:10:04","date_gmt":"2020-08-26T22:10:04","guid":{"rendered":"https:\/\/basakcilastik.com.tr\/?post_type=product&#038;p=24577"},"modified":"2020-08-26T22:10:06","modified_gmt":"2020-08-26T22:10:06","slug":"cok-amacli-tamir-bandi-duct-tape","status":"publish","type":"product","link":"http:\/\/basakcilastik.com.tr\/?product=cok-amacli-tamir-bandi-duct-tape","title":{"rendered":"\u00c7OK AMA\u00c7LI TAM\u0130R BANDI (DUCT TAPE)"},"content":{"rendered":"<p>Elle y\u0131rt\u0131labilen bir\u00e7ok y\u00fczeye yap\u0131\u015fan tamir uygulamalar\u0131 i\u00e7in uygun olan bir \u00fcr\u00fcnd\u00fcr. Renkleri mevcuttur.<\/p>\n<table width=\"100%\">\n<thead>\n<tr>\n<td><strong>\u00dcR\u00dcN KODU<\/strong><\/td>\n<td><strong>B\u0130R\u0130M<\/strong><\/td>\n<td><strong>\u00d6l\u00e7\u00fcler (mm x mt)<\/strong><\/td>\n<td><strong>Paketleme Bilgisi Miktar<\/strong><\/td>\n<td><strong>En<\/strong><\/td>\n<td><strong>Boy<\/strong><\/td>\n<td><strong>Y\u00fckseklik<\/strong><\/td>\n<td><strong>Net A\u011f\u0131rl\u0131k<\/strong><\/td>\n<td><strong>Br\u00fct A\u011f\u0131rl\u0131k<\/strong><\/td>\n<\/tr>\n<\/thead>\n<tbody>\n<tr>\n<td>09.02.06.01.04810<\/td>\n<td>AD<\/td>\n<td>48&#215;10 Gri<\/td>\n<td>1<\/td>\n<td>0<\/td>\n<td>0<\/td>\n<td>0<\/td>\n<td>0<\/td>\n<td>0<\/td>\n<\/tr>\n<tr>\n<td>09.02.06.01.04810<\/td>\n<td>PK<\/td>\n<td>48&#215;10 Gri<\/td>\n<td>1<\/td>\n<td>0<\/td>\n<td>0<\/td>\n<td>0<\/td>\n<td>0<\/td>\n<td>0<\/td>\n<\/tr>\n<tr>\n<td>09.02.06.01.04810<\/td>\n<td>KL<\/td>\n<td>48&#215;10 Gri<\/td>\n<td>60<\/td>\n<td>0<\/td>\n<td>0<\/td>\n<td>0<\/td>\n<td>0<\/td>\n<td>0<\/td>\n<\/tr>\n<tr>\n<td>09.02.06.02.04810<\/td>\n<td>AD<\/td>\n<td>48&#215;10 K\u0131rm\u0131z\u0131<\/td>\n<td>1<\/td>\n<td>0<\/td>\n<td>0<\/td>\n<td>0<\/td>\n<td>0<\/td>\n<td>0<\/td>\n<\/tr>\n<tr>\n<td>09.02.06.02.04810<\/td>\n<td>PK<\/td>\n<td>48&#215;10 K\u0131rm\u0131z\u0131<\/td>\n<td>1<\/td>\n<td>0<\/td>\n<td>0<\/td>\n<td>0<\/td>\n<td>0<\/td>\n<td>0<\/td>\n<\/tr>\n<tr>\n<td>09.02.06.02.04810<\/td>\n<td>KL<\/td>\n<td>48&#215;10 K\u0131rm\u0131z\u0131<\/td>\n<td>60<\/td>\n<td>0<\/td>\n<td>0<\/td>\n<td>0<\/td>\n<td>0<\/td>\n<td>0<\/td>\n<\/tr>\n<tr>\n<td>09.02.06.03.04810<\/td>\n<td>AD<\/td>\n<td>48&#215;10 Sar\u0131<\/td>\n<td>1<\/td>\n<td>0<\/td>\n<td>0<\/td>\n<td>0<\/td>\n<td>0<\/td>\n<td>0<\/td>\n<\/tr>\n<tr>\n<td>09.02.06.03.04810<\/td>\n<td>PK<\/td>\n<td>48&#215;10 Sar\u0131<\/td>\n<td>1<\/td>\n<td>0<\/td>\n<td>0<\/td>\n<td>0<\/td>\n<td>0<\/td>\n<td>0<\/td>\n<\/tr>\n<tr>\n<td>09.02.06.03.04810<\/td>\n<td>KL<\/td>\n<td>48&#215;10 Sar\u0131<\/td>\n<td>60<\/td>\n<td>0<\/td>\n<td>0<\/td>\n<td>0<\/td>\n<td>0<\/td>\n<td>0<\/td>\n<\/tr>\n<tr>\n<td>09.02.06.04.04810<\/td>\n<td>AD<\/td>\n<td>48&#215;10 Mavi<\/td>\n<td>1<\/td>\n<td>0<\/td>\n<td>0<\/td>\n<td>0<\/td>\n<td>0<\/td>\n<td>0<\/td>\n<\/tr>\n<tr>\n<td>09.02.06.04.04810<\/td>\n<td>PK<\/td>\n<td>48&#215;10 Mavi<\/td>\n<td>1<\/td>\n<td>0<\/td>\n<td>0<\/td>\n<td>0<\/td>\n<td>0<\/td>\n<td>0<\/td>\n<\/tr>\n<tr>\n<td>09.02.06.04.04810<\/td>\n<td>KL<\/td>\n<td>48&#215;10 Mavi<\/td>\n<td>60<\/td>\n<td>0<\/td>\n<td>0<\/td>\n<td>0<\/td>\n<td>0<\/td>\n<td>0<\/td>\n<\/tr>\n<tr>\n<td>09.02.06.05.04810<\/td>\n<td>AD<\/td>\n<td>48&#215;10 Ye\u015fil<\/td>\n<td>1<\/td>\n<td>0<\/td>\n<td>0<\/td>\n<td>0<\/td>\n<td>0<\/td>\n<td>0<\/td>\n<\/tr>\n<tr>\n<td>09.02.06.05.04810<\/td>\n<td>PK<\/td>\n<td>48&#215;10 Ye\u015fil<\/td>\n<td>1<\/td>\n<td>0<\/td>\n<td>0<\/td>\n<td>0<\/td>\n<td>0<\/td>\n<td>0<\/td>\n<\/tr>\n<tr>\n<td>09.02.06.05.04810<\/td>\n<td>KL<\/td>\n<td>48&#215;10 Ye\u015fil<\/td>\n<td>60<\/td>\n<td>0<\/td>\n<td>0<\/td>\n<td>0<\/td>\n<td>0<\/td>\n<td>0<\/td>\n<\/tr>\n<tr>\n<td>09.02.06.06.04810<\/td>\n<td>AD<\/td>\n<td>48&#215;10 Siyah<\/td>\n<td>1<\/td>\n<td>0<\/td>\n<td>0<\/td>\n<td>0<\/td>\n<td>0<\/td>\n<td>0<\/td>\n<\/tr>\n<tr>\n<td>09.02.06.06.04810<\/td>\n<td>PK<\/td>\n<td>48&#215;10 Siyah<\/td>\n<td>1<\/td>\n<td>0<\/td>\n<td>0<\/td>\n<td>0<\/td>\n<td>0<\/td>\n<td>0<\/td>\n<\/tr>\n<tr>\n<td>09.02.06.06.04810<\/td>\n<td>KL<\/td>\n<td>48&#215;10 Siyah<\/td>\n<td>60<\/td>\n<td>0<\/td>\n<td>0<\/td>\n<td>0<\/td>\n<td>0<\/td>\n<td>0<\/td>\n<\/tr>\n<tr>\n<td>09.02.06.07.04810<\/td>\n<td>AD<\/td>\n<td>48&#215;10 Beyaz<\/td>\n<td>1<\/td>\n<td>0<\/td>\n<td>0<\/td>\n<td>0<\/td>\n<td>0<\/td>\n<td>0<\/td>\n<\/tr>\n<tr>\n<td>09.02.06.07.04810<\/td>\n<td>PK<\/td>\n<td>48&#215;10 Beyaz<\/td>\n<td>1<\/td>\n<td>0<\/td>\n<td>0<\/td>\n<td>0<\/td>\n<td>0<\/td>\n<td>0<\/td>\n<\/tr>\n<tr>\n<td>09.02.06.07.04810<\/td>\n<td>KL<\/td>\n<td>48&#215;10 Beyaz<\/td>\n<td>60<\/td>\n<td>0<\/td>\n<td>0<\/td>\n<td>0<\/td>\n<td>0<\/td>\n<td>0<\/td>\n<\/tr>\n<tr>\n<td>09.02.06.08.04810<\/td>\n<td>AD<\/td>\n<td>48&#215;10 Turuncu<\/td>\n<td>1<\/td>\n<td>0<\/td>\n<td>0<\/td>\n<td>0<\/td>\n<td>0<\/td>\n<td>0<\/td>\n<\/tr>\n<tr>\n<td>09.02.06.08.04810<\/td>\n<td>PK<\/td>\n<td>48&#215;10 Turuncu<\/td>\n<td>1<\/td>\n<td>0<\/td>\n<td>0<\/td>\n<td>0<\/td>\n<td>0<\/td>\n<td>0<\/td>\n<\/tr>\n<tr>\n<td>09.02.06.08.04810<\/td>\n<td>KL<\/td>\n<td>48&#215;10 Turuncu<\/td>\n<td>60<\/td>\n<td>0<\/td>\n<td>0<\/td>\n<td>0<\/td>\n<td>0<\/td>\n<td>0<\/td>\n<\/tr>\n<\/tbody>\n<\/table>\n<p>&nbsp;<\/p>\n","protected":false},"excerpt":{"rendered":"<p>Elle y\u0131rt\u0131labilen bir\u00e7ok y\u00fczeye yap\u0131\u015fan tamir uygulamalar\u0131 i\u00e7in uygun olan bir \u00fcr\u00fcnd\u00fcr. Renkleri mevcuttur. \u00dcR\u00dcN KODU B\u0130R\u0130M \u00d6l\u00e7\u00fcler (mm x mt) Paketleme Bilgisi Miktar En Boy Y\u00fckseklik Net A\u011f\u0131rl\u0131k Br\u00fct A\u011f\u0131rl\u0131k 09.02.06.01.04810 AD 48&#215;10 Gri 1 0 0 0 0 0 09.02.06.01.04810 PK 48&#215;10 Gri 1 0 0 0 0 0 09.02.06.01.04810 KL 48&#215;10 Gri 60 0 0 0 0 [&hellip;]<\/p>\n","protected":false},"featured_media":24580,"comment_status":"open","ping_status":"closed","template":"","meta":[],"product_brand":[],"product_cat":[15,249,88],"product_tag":[],"class_list":{"0":"post-24577","1":"product","2":"type-product","3":"status-publish","4":"has-post-thumbnail","6":"product_cat-genel","7":"product_cat-bantlar","8":"product_cat-yapistirici-ve-bantlar","10":"first","11":"instock","12":"shipping-taxable","13":"product-type-simple"},"_links":{"self":[{"href":"http:\/\/basakcilastik.com.tr\/index.php?rest_route=\/wp\/v2\/product\/24577","targetHints":{"allow":["GET"]}}],"collection":[{"href":"http:\/\/basakcilastik.com.tr\/index.php?rest_route=\/wp\/v2\/product"}],"about":[{"href":"http:\/\/basakcilastik.com.tr\/index.php?rest_route=\/wp\/v2\/types\/product"}],"replies":[{"embeddable":true,"href":"http:\/\/basakcilastik.com.tr\/index.php?rest_route=%2Fwp%2Fv2%2Fcomments&post=24577"}],"wp:featuredmedia":[{"embeddable":true,"href":"http:\/\/basakcilastik.com.tr\/index.php?rest_route=\/wp\/v2\/media\/24580"}],"wp:attachment":[{"href":"http:\/\/basakcilastik.com.tr\/index.php?rest_route=%2Fwp%2Fv2%2Fmedia&parent=24577"}],"wp:term":[{"taxonomy":"product_brand","embeddable":true,"href":"http:\/\/basakcilastik.com.tr\/index.php?rest_route=%2Fwp%2Fv2%2Fproduct_brand&post=24577"},{"taxonomy":"product_cat","embeddable":true,"href":"http:\/\/basakcilastik.com.tr\/index.php?rest_route=%2Fwp%2Fv2%2Fproduct_cat&post=24577"},{"taxonomy":"product_tag","embeddable":true,"href":"http:\/\/basakcilastik.com.tr\/index.php?rest_route=%2Fwp%2Fv2%2Fproduct_tag&post=24577"}],"curies":[{"name":"wp","href":"https:\/\/api.w.org\/{rel}","templated":true}]}}