{"id":24575,"date":"2020-08-26T22:08:49","date_gmt":"2020-08-26T22:08:49","guid":{"rendered":"https:\/\/basakcilastik.com.tr\/?post_type=product&#038;p=24575"},"modified":"2020-08-26T22:08:51","modified_gmt":"2020-08-26T22:08:51","slug":"cift-tarafli-kopuk-bant-yesil-siyah","status":"publish","type":"product","link":"http:\/\/basakcilastik.com.tr\/?product=cift-tarafli-kopuk-bant-yesil-siyah","title":{"rendered":"\u00c7ift Tarafl\u0131 K\u00f6p\u00fck Bant Ye\u015fil-Siyah"},"content":{"rendered":"<p>Eva etil vinil asetattan mamul olup esnek yap\u0131ya sahip bir materyaldir. Bakteri \u00fcretmeyen sa\u011fl\u0131kl\u0131 bir\u00e7ok sanayide kullan\u0131lan \u00fcr\u00fcnd\u00fcr. Her t\u00fcrl\u00fc havaland\u0131rma cam filtreleme kap\u0131 gibi sekt\u00f6rlerde s\u0131zd\u0131rmazl\u0131\u011f\u0131 sa\u011flamaktad\u0131r.<\/p>\n<table width=\"100%\">\n<thead>\n<tr>\n<td><strong>\u00dcR\u00dcN KODU<\/strong><\/td>\n<td><strong>B\u0130R\u0130M<\/strong><\/td>\n<td><strong>\u00d6l\u00e7\u00fcler (mm x mt)<\/strong><\/td>\n<td><strong>Paketleme Bilgisi Miktar<\/strong><\/td>\n<td><strong>En<\/strong><\/td>\n<td><strong>Boy<\/strong><\/td>\n<td><strong>Y\u00fckseklik<\/strong><\/td>\n<td><strong>Net A\u011f\u0131rl\u0131k<\/strong><\/td>\n<td><strong>Br\u00fct A\u011f\u0131rl\u0131k<\/strong><\/td>\n<\/tr>\n<\/thead>\n<tbody>\n<tr>\n<td>09.02.09.01.21010<\/td>\n<td>AD<\/td>\n<td>10&#215;10<\/td>\n<td>1<\/td>\n<td>0<\/td>\n<td>0<\/td>\n<td>0<\/td>\n<td>0<\/td>\n<td>0<\/td>\n<\/tr>\n<tr>\n<td>09.02.09.01.21010<\/td>\n<td>PK<\/td>\n<td>10&#215;10<\/td>\n<td>1<\/td>\n<td>0<\/td>\n<td>0<\/td>\n<td>0<\/td>\n<td>0<\/td>\n<td>0<\/td>\n<\/tr>\n<tr>\n<td>09.02.09.01.21010<\/td>\n<td>KL<\/td>\n<td>10&#215;10<\/td>\n<td>300<\/td>\n<td>0<\/td>\n<td>0<\/td>\n<td>0<\/td>\n<td>0<\/td>\n<td>0<\/td>\n<\/tr>\n<tr>\n<td>09.02.09.01.21510<\/td>\n<td>AD<\/td>\n<td>15&#215;10<\/td>\n<td>1<\/td>\n<td>0<\/td>\n<td>0<\/td>\n<td>0<\/td>\n<td>0<\/td>\n<td>0<\/td>\n<\/tr>\n<tr>\n<td>09.02.09.01.21510<\/td>\n<td>PK<\/td>\n<td>15&#215;10<\/td>\n<td>1<\/td>\n<td>0<\/td>\n<td>0<\/td>\n<td>0<\/td>\n<td>0<\/td>\n<td>0<\/td>\n<\/tr>\n<tr>\n<td>09.02.09.01.21510<\/td>\n<td>KL<\/td>\n<td>15&#215;10<\/td>\n<td>192<\/td>\n<td>0<\/td>\n<td>0<\/td>\n<td>0<\/td>\n<td>0<\/td>\n<td>0<\/td>\n<\/tr>\n<tr>\n<td>09.02.09.01.22010<\/td>\n<td>AD<\/td>\n<td>20&#215;10<\/td>\n<td>1<\/td>\n<td>0<\/td>\n<td>0<\/td>\n<td>0<\/td>\n<td>0<\/td>\n<td>0<\/td>\n<\/tr>\n<tr>\n<td>09.02.09.01.22010<\/td>\n<td>PK<\/td>\n<td>20&#215;10<\/td>\n<td>1<\/td>\n<td>0<\/td>\n<td>0<\/td>\n<td>0<\/td>\n<td>0<\/td>\n<td>0<\/td>\n<\/tr>\n<tr>\n<td>09.02.09.01.22010<\/td>\n<td>KL<\/td>\n<td>20&#215;10<\/td>\n<td>144<\/td>\n<td>0<\/td>\n<td>0<\/td>\n<td>0<\/td>\n<td>0<\/td>\n<td>0<\/td>\n<\/tr>\n<tr>\n<td>09.02.09.01.22510<\/td>\n<td>AD<\/td>\n<td>25&#215;10<\/td>\n<td>1<\/td>\n<td>0<\/td>\n<td>0<\/td>\n<td>0<\/td>\n<td>0<\/td>\n<td>0<\/td>\n<\/tr>\n<tr>\n<td>09.02.09.01.22510<\/td>\n<td>PK<\/td>\n<td>25&#215;10<\/td>\n<td>1<\/td>\n<td>0<\/td>\n<td>0<\/td>\n<td>0<\/td>\n<td>0<\/td>\n<td>0<\/td>\n<\/tr>\n<tr>\n<td>09.02.09.01.22510<\/td>\n<td>KL<\/td>\n<td>25&#215;10<\/td>\n<td>120<\/td>\n<td>0<\/td>\n<td>0<\/td>\n<td>0<\/td>\n<td>0<\/td>\n<td>0<\/td>\n<\/tr>\n<tr>\n<td>09.02.09.01.23010<\/td>\n<td>AD<\/td>\n<td>30&#215;10<\/td>\n<td>1<\/td>\n<td>0<\/td>\n<td>0<\/td>\n<td>0<\/td>\n<td>0<\/td>\n<td>0<\/td>\n<\/tr>\n<tr>\n<td>09.02.09.01.23010<\/td>\n<td>PK<\/td>\n<td>30&#215;10<\/td>\n<td>1<\/td>\n<td>0<\/td>\n<td>0<\/td>\n<td>0<\/td>\n<td>0<\/td>\n<td>0<\/td>\n<\/tr>\n<tr>\n<td>09.02.09.01.23010<\/td>\n<td>KL<\/td>\n<td>30&#215;10<\/td>\n<td>96<\/td>\n<td>0<\/td>\n<td>0<\/td>\n<td>0<\/td>\n<td>0<\/td>\n<td>0<\/td>\n<\/tr>\n<tr>\n<td>09.02.09.01.24010<\/td>\n<td>AD<\/td>\n<td>40&#215;10<\/td>\n<td>1<\/td>\n<td>0<\/td>\n<td>0<\/td>\n<td>0<\/td>\n<td>0<\/td>\n<td>0<\/td>\n<\/tr>\n<tr>\n<td>09.02.09.01.24010<\/td>\n<td>PK<\/td>\n<td>40&#215;10<\/td>\n<td>1<\/td>\n<td>0<\/td>\n<td>0<\/td>\n<td>0<\/td>\n<td>0<\/td>\n<td>0<\/td>\n<\/tr>\n<tr>\n<td>09.02.09.01.24010<\/td>\n<td>KL<\/td>\n<td>40&#215;10<\/td>\n<td>72<\/td>\n<td>0<\/td>\n<td>0<\/td>\n<td>0<\/td>\n<td>0<\/td>\n<td>0<\/td>\n<\/tr>\n<tr>\n<td>09.02.09.01.25010<\/td>\n<td>AD<\/td>\n<td>50&#215;10<\/td>\n<td>1<\/td>\n<td>0<\/td>\n<td>0<\/td>\n<td>0<\/td>\n<td>0<\/td>\n<td>0<\/td>\n<\/tr>\n<tr>\n<td>09.02.09.01.25010<\/td>\n<td>PK<\/td>\n<td>50&#215;10<\/td>\n<td>1<\/td>\n<td>0<\/td>\n<td>0<\/td>\n<td>0<\/td>\n<td>0<\/td>\n<td>0<\/td>\n<\/tr>\n<tr>\n<td>09.02.09.01.25010<\/td>\n<td>KL<\/td>\n<td>50&#215;10<\/td>\n<td>60<\/td>\n<td>0<\/td>\n<td>0<\/td>\n<td>0<\/td>\n<td>0<\/td>\n<td>0<\/td>\n<\/tr>\n<\/tbody>\n<\/table>\n<p>&nbsp;<\/p>\n","protected":false},"excerpt":{"rendered":"<p>Eva etil vinil asetattan mamul olup esnek yap\u0131ya sahip bir materyaldir. Bakteri \u00fcretmeyen sa\u011fl\u0131kl\u0131 bir\u00e7ok sanayide kullan\u0131lan \u00fcr\u00fcnd\u00fcr. Her t\u00fcrl\u00fc havaland\u0131rma cam filtreleme kap\u0131 gibi sekt\u00f6rlerde s\u0131zd\u0131rmazl\u0131\u011f\u0131 sa\u011flamaktad\u0131r. \u00dcR\u00dcN KODU B\u0130R\u0130M \u00d6l\u00e7\u00fcler (mm x mt) Paketleme Bilgisi Miktar En Boy Y\u00fckseklik Net A\u011f\u0131rl\u0131k Br\u00fct A\u011f\u0131rl\u0131k 09.02.09.01.21010 AD 10&#215;10 1 0 0 0 0 0 09.02.09.01.21010 PK 10&#215;10 1 0 0 [&hellip;]<\/p>\n","protected":false},"featured_media":24578,"comment_status":"open","ping_status":"closed","template":"","meta":[],"product_brand":[],"product_cat":[15,249,72,88],"product_tag":[],"class_list":{"0":"post-24575","1":"product","2":"type-product","3":"status-publish","4":"has-post-thumbnail","6":"product_cat-genel","7":"product_cat-bantlar","8":"product_cat-hirdavat","9":"product_cat-yapistirici-ve-bantlar","11":"first","12":"instock","13":"shipping-taxable","14":"product-type-simple"},"_links":{"self":[{"href":"http:\/\/basakcilastik.com.tr\/index.php?rest_route=\/wp\/v2\/product\/24575","targetHints":{"allow":["GET"]}}],"collection":[{"href":"http:\/\/basakcilastik.com.tr\/index.php?rest_route=\/wp\/v2\/product"}],"about":[{"href":"http:\/\/basakcilastik.com.tr\/index.php?rest_route=\/wp\/v2\/types\/product"}],"replies":[{"embeddable":true,"href":"http:\/\/basakcilastik.com.tr\/index.php?rest_route=%2Fwp%2Fv2%2Fcomments&post=24575"}],"wp:featuredmedia":[{"embeddable":true,"href":"http:\/\/basakcilastik.com.tr\/index.php?rest_route=\/wp\/v2\/media\/24578"}],"wp:attachment":[{"href":"http:\/\/basakcilastik.com.tr\/index.php?rest_route=%2Fwp%2Fv2%2Fmedia&parent=24575"}],"wp:term":[{"taxonomy":"product_brand","embeddable":true,"href":"http:\/\/basakcilastik.com.tr\/index.php?rest_route=%2Fwp%2Fv2%2Fproduct_brand&post=24575"},{"taxonomy":"product_cat","embeddable":true,"href":"http:\/\/basakcilastik.com.tr\/index.php?rest_route=%2Fwp%2Fv2%2Fproduct_cat&post=24575"},{"taxonomy":"product_tag","embeddable":true,"href":"http:\/\/basakcilastik.com.tr\/index.php?rest_route=%2Fwp%2Fv2%2Fproduct_tag&post=24575"}],"curies":[{"name":"wp","href":"https:\/\/api.w.org\/{rel}","templated":true}]}}