{"id":24566,"date":"2020-08-26T22:01:01","date_gmt":"2020-08-26T22:01:01","guid":{"rendered":"https:\/\/basakcilastik.com.tr\/?post_type=product&#038;p=24566"},"modified":"2020-08-26T22:01:04","modified_gmt":"2020-08-26T22:01:04","slug":"yildiz-uclu-tornavidalar","status":"publish","type":"product","link":"http:\/\/basakcilastik.com.tr\/?product=yildiz-uclu-tornavidalar","title":{"rendered":"Y\u0131ld\u0131z U\u00e7lu Tornavidalar"},"content":{"rendered":"<p>Vida s\u0131kma, s\u00f6kme ve gev\u015fetme i\u015flemlerinde kullan\u0131lan, vida \u015fekline g\u00f6re ucu y\u0131ld\u0131z olan alettir.<\/p>\n<table width=\"100%\">\n<thead>\n<tr>\n<td><strong>\u00dcR\u00dcN KODU<\/strong><\/td>\n<td><strong>B\u0130R\u0130M<\/strong><\/td>\n<td><strong>U\u00e7<\/strong><\/td>\n<td><strong>Ebatlar (mm)<\/strong><\/td>\n<td><strong>Paketleme Bilgisi Miktar<\/strong><\/td>\n<td><strong>En<\/strong><\/td>\n<td><strong>Boy<\/strong><\/td>\n<td><strong>Y\u00fckseklik<\/strong><\/td>\n<td><strong>Net A\u011f\u0131rl\u0131k<\/strong><\/td>\n<td><strong>Br\u00fct A\u011f\u0131rl\u0131k<\/strong><\/td>\n<\/tr>\n<\/thead>\n<tbody>\n<tr>\n<td>02.08.02.00.40075<\/td>\n<td>AD<\/td>\n<td>PH0<\/td>\n<td>4&#215;75<\/td>\n<td>1<\/td>\n<td>0<\/td>\n<td>0<\/td>\n<td>0<\/td>\n<td>0<\/td>\n<td>0<\/td>\n<\/tr>\n<tr>\n<td>02.08.02.00.40075<\/td>\n<td>PK<\/td>\n<td>PH0<\/td>\n<td>4&#215;75<\/td>\n<td>12<\/td>\n<td>0<\/td>\n<td>0<\/td>\n<td>0<\/td>\n<td>0<\/td>\n<td>0<\/td>\n<\/tr>\n<tr>\n<td>02.08.02.00.40075<\/td>\n<td>KL<\/td>\n<td>PH0<\/td>\n<td>4&#215;75<\/td>\n<td>120<\/td>\n<td>0<\/td>\n<td>0<\/td>\n<td>0<\/td>\n<td>0<\/td>\n<td>0<\/td>\n<\/tr>\n<tr>\n<td>02.08.02.00.50100<\/td>\n<td>AD<\/td>\n<td>PH1<\/td>\n<td>5&#215;100<\/td>\n<td>1<\/td>\n<td>0<\/td>\n<td>0<\/td>\n<td>0<\/td>\n<td>0<\/td>\n<td>0<\/td>\n<\/tr>\n<tr>\n<td>02.08.02.00.50100<\/td>\n<td>PK<\/td>\n<td>PH1<\/td>\n<td>5&#215;100<\/td>\n<td>12<\/td>\n<td>0<\/td>\n<td>0<\/td>\n<td>0<\/td>\n<td>0<\/td>\n<td>0<\/td>\n<\/tr>\n<tr>\n<td>02.08.02.00.50100<\/td>\n<td>KL<\/td>\n<td>PH1<\/td>\n<td>5&#215;100<\/td>\n<td>120<\/td>\n<td>0<\/td>\n<td>0<\/td>\n<td>0<\/td>\n<td>0<\/td>\n<td>0<\/td>\n<\/tr>\n<tr>\n<td>02.08.02.00.50125<\/td>\n<td>AD<\/td>\n<td>PH1<\/td>\n<td>5&#215;125<\/td>\n<td>1<\/td>\n<td>0<\/td>\n<td>0<\/td>\n<td>0<\/td>\n<td>0<\/td>\n<td>0<\/td>\n<\/tr>\n<tr>\n<td>02.08.02.00.50125<\/td>\n<td>PK<\/td>\n<td>PH1<\/td>\n<td>5&#215;125<\/td>\n<td>12<\/td>\n<td>0<\/td>\n<td>0<\/td>\n<td>0<\/td>\n<td>0<\/td>\n<td>0<\/td>\n<\/tr>\n<tr>\n<td>02.08.02.00.50125<\/td>\n<td>KL<\/td>\n<td>PH1<\/td>\n<td>5&#215;125<\/td>\n<td>120<\/td>\n<td>0<\/td>\n<td>0<\/td>\n<td>0<\/td>\n<td>0<\/td>\n<td>0<\/td>\n<\/tr>\n<tr>\n<td>02.08.02.00.50150<\/td>\n<td>AD<\/td>\n<td>PH1<\/td>\n<td>5&#215;150<\/td>\n<td>1<\/td>\n<td>0<\/td>\n<td>0<\/td>\n<td>0<\/td>\n<td>0<\/td>\n<td>0<\/td>\n<\/tr>\n<tr>\n<td>02.08.02.00.50150<\/td>\n<td>PK<\/td>\n<td>PH1<\/td>\n<td>5&#215;150<\/td>\n<td>12<\/td>\n<td>0<\/td>\n<td>0<\/td>\n<td>0<\/td>\n<td>0<\/td>\n<td>0<\/td>\n<\/tr>\n<tr>\n<td>02.08.02.00.50150<\/td>\n<td>KL<\/td>\n<td>PH1<\/td>\n<td>5&#215;150<\/td>\n<td>120<\/td>\n<td>0<\/td>\n<td>0<\/td>\n<td>0<\/td>\n<td>0<\/td>\n<td>0<\/td>\n<\/tr>\n<tr>\n<td>02.08.02.00.60100<\/td>\n<td>AD<\/td>\n<td>PH2<\/td>\n<td>6&#215;100<\/td>\n<td>1<\/td>\n<td>0<\/td>\n<td>0<\/td>\n<td>0<\/td>\n<td>0<\/td>\n<td>0<\/td>\n<\/tr>\n<tr>\n<td>02.08.02.00.60100<\/td>\n<td>PK<\/td>\n<td>PH2<\/td>\n<td>6&#215;100<\/td>\n<td>12<\/td>\n<td>0<\/td>\n<td>0<\/td>\n<td>0<\/td>\n<td>0<\/td>\n<td>0<\/td>\n<\/tr>\n<tr>\n<td>02.08.02.00.60100<\/td>\n<td>KL<\/td>\n<td>PH2<\/td>\n<td>6&#215;100<\/td>\n<td>120<\/td>\n<td>0<\/td>\n<td>0<\/td>\n<td>0<\/td>\n<td>0<\/td>\n<td>0<\/td>\n<\/tr>\n<tr>\n<td>02.08.02.00.60125<\/td>\n<td>AD<\/td>\n<td>PH2<\/td>\n<td>6&#215;125<\/td>\n<td>1<\/td>\n<td>0<\/td>\n<td>0<\/td>\n<td>0<\/td>\n<td>0<\/td>\n<td>0<\/td>\n<\/tr>\n<tr>\n<td>02.08.02.00.60125<\/td>\n<td>PK<\/td>\n<td>PH2<\/td>\n<td>6&#215;125<\/td>\n<td>12<\/td>\n<td>0<\/td>\n<td>0<\/td>\n<td>0<\/td>\n<td>0<\/td>\n<td>0<\/td>\n<\/tr>\n<tr>\n<td>02.08.02.00.60125<\/td>\n<td>KL<\/td>\n<td>PH2<\/td>\n<td>6&#215;125<\/td>\n<td>120<\/td>\n<td>0<\/td>\n<td>0<\/td>\n<td>0<\/td>\n<td>0<\/td>\n<td>0<\/td>\n<\/tr>\n<tr>\n<td>02.08.02.00.60150<\/td>\n<td>AD<\/td>\n<td>PH2<\/td>\n<td>6&#215;150<\/td>\n<td>1<\/td>\n<td>0<\/td>\n<td>0<\/td>\n<td>0<\/td>\n<td>0<\/td>\n<td>0<\/td>\n<\/tr>\n<tr>\n<td>02.08.02.00.60150<\/td>\n<td>PK<\/td>\n<td>PH2<\/td>\n<td>6&#215;150<\/td>\n<td>12<\/td>\n<td>0<\/td>\n<td>0<\/td>\n<td>0<\/td>\n<td>0<\/td>\n<td>0<\/td>\n<\/tr>\n<tr>\n<td>02.08.02.00.60150<\/td>\n<td>KL<\/td>\n<td>PH2<\/td>\n<td>6&#215;150<\/td>\n<td>120<\/td>\n<td>0<\/td>\n<td>0<\/td>\n<td>0<\/td>\n<td>0<\/td>\n<td>0<\/td>\n<\/tr>\n<tr>\n<td>02.08.02.00.60175<\/td>\n<td>AD<\/td>\n<td>PH2<\/td>\n<td>6&#215;175<\/td>\n<td>1<\/td>\n<td>0<\/td>\n<td>0<\/td>\n<td>0<\/td>\n<td>0<\/td>\n<td>0<\/td>\n<\/tr>\n<tr>\n<td>02.08.02.00.60175<\/td>\n<td>PK<\/td>\n<td>PH2<\/td>\n<td>6&#215;175<\/td>\n<td>12<\/td>\n<td>0<\/td>\n<td>0<\/td>\n<td>0<\/td>\n<td>0<\/td>\n<td>0<\/td>\n<\/tr>\n<tr>\n<td>02.08.02.00.60175<\/td>\n<td>KL<\/td>\n<td>PH2<\/td>\n<td>6&#215;175<\/td>\n<td>120<\/td>\n<td>0<\/td>\n<td>0<\/td>\n<td>0<\/td>\n<td>0<\/td>\n<td>0<\/td>\n<\/tr>\n<tr>\n<td>02.08.02.00.80150<\/td>\n<td>AD<\/td>\n<td>PH3<\/td>\n<td>8&#215;150<\/td>\n<td>1<\/td>\n<td>0<\/td>\n<td>0<\/td>\n<td>0<\/td>\n<td>0<\/td>\n<td>0<\/td>\n<\/tr>\n<tr>\n<td>02.08.02.00.80150<\/td>\n<td>PK<\/td>\n<td>PH3<\/td>\n<td>8&#215;150<\/td>\n<td>12<\/td>\n<td>0<\/td>\n<td>0<\/td>\n<td>0<\/td>\n<td>0<\/td>\n<td>0<\/td>\n<\/tr>\n<tr>\n<td>02.08.02.00.80150<\/td>\n<td>KL<\/td>\n<td>PH3<\/td>\n<td>8&#215;150<\/td>\n<td>120<\/td>\n<td>0<\/td>\n<td>0<\/td>\n<td>0<\/td>\n<td>0<\/td>\n<td>0<\/td>\n<\/tr>\n<\/tbody>\n<\/table>\n<p>&nbsp;<\/p>\n","protected":false},"excerpt":{"rendered":"<p>Vida s\u0131kma, s\u00f6kme ve gev\u015fetme i\u015flemlerinde kullan\u0131lan, vida \u015fekline g\u00f6re ucu y\u0131ld\u0131z olan alettir. \u00dcR\u00dcN KODU B\u0130R\u0130M U\u00e7 Ebatlar (mm) Paketleme Bilgisi Miktar En Boy Y\u00fckseklik Net A\u011f\u0131rl\u0131k Br\u00fct A\u011f\u0131rl\u0131k 02.08.02.00.40075 AD PH0 4&#215;75 1 0 0 0 0 0 02.08.02.00.40075 PK PH0 4&#215;75 12 0 0 0 0 0 02.08.02.00.40075 KL PH0 4&#215;75 120 0 0 0 0 0 [&hellip;]<\/p>\n","protected":false},"featured_media":24569,"comment_status":"open","ping_status":"closed","template":"","meta":[],"product_brand":[],"product_cat":[15,72,87,248],"product_tag":[],"class_list":{"0":"post-24566","1":"product","2":"type-product","3":"status-publish","4":"has-post-thumbnail","6":"product_cat-genel","7":"product_cat-hirdavat","8":"product_cat-tornavida-ve-allen-anahtarlar","9":"product_cat-tornavidalar-tornavida-ve-allen-anahtarlar","11":"first","12":"instock","13":"shipping-taxable","14":"product-type-simple"},"_links":{"self":[{"href":"http:\/\/basakcilastik.com.tr\/index.php?rest_route=\/wp\/v2\/product\/24566","targetHints":{"allow":["GET"]}}],"collection":[{"href":"http:\/\/basakcilastik.com.tr\/index.php?rest_route=\/wp\/v2\/product"}],"about":[{"href":"http:\/\/basakcilastik.com.tr\/index.php?rest_route=\/wp\/v2\/types\/product"}],"replies":[{"embeddable":true,"href":"http:\/\/basakcilastik.com.tr\/index.php?rest_route=%2Fwp%2Fv2%2Fcomments&post=24566"}],"wp:featuredmedia":[{"embeddable":true,"href":"http:\/\/basakcilastik.com.tr\/index.php?rest_route=\/wp\/v2\/media\/24569"}],"wp:attachment":[{"href":"http:\/\/basakcilastik.com.tr\/index.php?rest_route=%2Fwp%2Fv2%2Fmedia&parent=24566"}],"wp:term":[{"taxonomy":"product_brand","embeddable":true,"href":"http:\/\/basakcilastik.com.tr\/index.php?rest_route=%2Fwp%2Fv2%2Fproduct_brand&post=24566"},{"taxonomy":"product_cat","embeddable":true,"href":"http:\/\/basakcilastik.com.tr\/index.php?rest_route=%2Fwp%2Fv2%2Fproduct_cat&post=24566"},{"taxonomy":"product_tag","embeddable":true,"href":"http:\/\/basakcilastik.com.tr\/index.php?rest_route=%2Fwp%2Fv2%2Fproduct_tag&post=24566"}],"curies":[{"name":"wp","href":"https:\/\/api.w.org\/{rel}","templated":true}]}}