{"id":24564,"date":"2020-08-26T22:00:02","date_gmt":"2020-08-26T22:00:02","guid":{"rendered":"https:\/\/basakcilastik.com.tr\/?post_type=product&#038;p=24564"},"modified":"2020-08-26T22:00:05","modified_gmt":"2020-08-26T22:00:05","slug":"yildiz-tornavida-alfatech","status":"publish","type":"product","link":"http:\/\/basakcilastik.com.tr\/?product=yildiz-tornavida-alfatech","title":{"rendered":"Y\u0131ld\u0131z Tornavida ALFATECH"},"content":{"rendered":"<table>\n<tbody>\n<tr>\n<td rowspan=\"2\">AYT<br \/>\ny\u0131ld\u0131z tornavidalar<br \/>\nt\u00fcm tornavida b\u0131\u00e7aklar\u0131 y\u00fcksek vas\u0131fl\u0131 krom vanadium \u00e7eli\u011finden \u00fcretilir ve krom kaplamad\u0131r.<br \/>\n\u0131s\u0131l i\u015flemli PH (phillips) u\u00e7lar y\u00fcksek tork performans\u0131 sunar.<br \/>\nALFATECH\u00ae \u00f6zel dizayn\u0131 tornavida saplar\u0131, ele oturan yap\u0131s\u0131yla ergonomik kullan\u0131m sa\u011flar. t\u00fcm tornavida saplar\u0131 y\u00fcksek kaliteli asetat hammadde kullan\u0131larak \u00fcretilir ve \u015feffaft\u0131r. asetat<br \/>\nhammaddesi sayesinde saplar, darbelere kar\u015f\u0131 dayan\u0131kl\u0131d\u0131r. saplardaki delikli yap\u0131 tak\u0131m raflar\u0131nda ve te\u015fhir pano ask\u0131lar\u0131nda avantaj sa\u011flar.<br \/>\npaketleme: her \u00fcr\u00fcnde plastik bayrak tipi barkod, alfatech ambalaj\u0131<\/td>\n<td colspan=\"2\" width=\"17\">&nbsp;<\/td>\n<td width=\"0\"><\/td>\n<\/tr>\n<tr>\n<td width=\"10\"><\/td>\n<td width=\"10\"><\/td>\n<td width=\"0\">&nbsp;<\/td>\n<\/tr>\n<\/tbody>\n<\/table>\n<p>&nbsp;<\/p>\n<table width=\"633\">\n<thead>\n<tr>\n<td><strong>Stok Kodu<\/strong><\/td>\n<td><strong>mm<\/strong><\/td>\n<td><strong>Adet<\/strong><\/td>\n<td><strong>Stok Kodu<\/strong><\/td>\n<td><strong>mm<\/strong><\/td>\n<td><strong>Adet<\/strong><\/td>\n<\/tr>\n<\/thead>\n<tbody>\n<tr>\n<td>AYT-3080<\/td>\n<td>3,0&#215;80#0<\/td>\n<td>12<\/td>\n<td>AYT-6100<\/td>\n<td>6,0&#215;100#2<\/td>\n<td>12<\/td>\n<\/tr>\n<tr>\n<td>AYT-3100<\/td>\n<td>3,0&#215;100#0<\/td>\n<td>12<\/td>\n<td>AYT-6125<\/td>\n<td>6,0&#215;125#2<\/td>\n<td>12<\/td>\n<\/tr>\n<tr>\n<td>AYT-5100<\/td>\n<td>5,0&#215;100#1<\/td>\n<td>12<\/td>\n<td>AYT-6150<\/td>\n<td>6,0&#215;150#2<\/td>\n<td>12<\/td>\n<\/tr>\n<tr>\n<td>AYT-5125<\/td>\n<td>5,0&#215;125#1<\/td>\n<td>12<\/td>\n<td>AYT-8200<\/td>\n<td>8,0&#215;200#3<\/td>\n<td>12<\/td>\n<\/tr>\n<tr>\n<td>AYT-5150<\/td>\n<td>5,0&#215;150#1<\/td>\n<td>12<\/td>\n<td>&nbsp;<\/td>\n<td><\/td>\n<td><\/td>\n<\/tr>\n<\/tbody>\n<\/table>\n<p>&nbsp;<\/p>\n","protected":false},"excerpt":{"rendered":"<p>AYT y\u0131ld\u0131z tornavidalar t\u00fcm tornavida b\u0131\u00e7aklar\u0131 y\u00fcksek vas\u0131fl\u0131 krom vanadium \u00e7eli\u011finden \u00fcretilir ve krom kaplamad\u0131r. \u0131s\u0131l i\u015flemli PH (phillips) u\u00e7lar y\u00fcksek tork performans\u0131 sunar. ALFATECH\u00ae \u00f6zel dizayn\u0131 tornavida saplar\u0131, ele oturan yap\u0131s\u0131yla ergonomik kullan\u0131m sa\u011flar. t\u00fcm tornavida saplar\u0131 y\u00fcksek kaliteli asetat hammadde kullan\u0131larak \u00fcretilir ve \u015feffaft\u0131r. asetat hammaddesi sayesinde saplar, darbelere kar\u015f\u0131 dayan\u0131kl\u0131d\u0131r. saplardaki delikli yap\u0131 tak\u0131m raflar\u0131nda ve te\u015fhir [&hellip;]<\/p>\n","protected":false},"featured_media":24567,"comment_status":"open","ping_status":"closed","template":"","meta":[],"product_brand":[],"product_cat":[15,72,87,248],"product_tag":[],"class_list":{"0":"post-24564","1":"product","2":"type-product","3":"status-publish","4":"has-post-thumbnail","6":"product_cat-genel","7":"product_cat-hirdavat","8":"product_cat-tornavida-ve-allen-anahtarlar","9":"product_cat-tornavidalar-tornavida-ve-allen-anahtarlar","11":"first","12":"instock","13":"shipping-taxable","14":"product-type-simple"},"_links":{"self":[{"href":"http:\/\/basakcilastik.com.tr\/index.php?rest_route=\/wp\/v2\/product\/24564","targetHints":{"allow":["GET"]}}],"collection":[{"href":"http:\/\/basakcilastik.com.tr\/index.php?rest_route=\/wp\/v2\/product"}],"about":[{"href":"http:\/\/basakcilastik.com.tr\/index.php?rest_route=\/wp\/v2\/types\/product"}],"replies":[{"embeddable":true,"href":"http:\/\/basakcilastik.com.tr\/index.php?rest_route=%2Fwp%2Fv2%2Fcomments&post=24564"}],"wp:featuredmedia":[{"embeddable":true,"href":"http:\/\/basakcilastik.com.tr\/index.php?rest_route=\/wp\/v2\/media\/24567"}],"wp:attachment":[{"href":"http:\/\/basakcilastik.com.tr\/index.php?rest_route=%2Fwp%2Fv2%2Fmedia&parent=24564"}],"wp:term":[{"taxonomy":"product_brand","embeddable":true,"href":"http:\/\/basakcilastik.com.tr\/index.php?rest_route=%2Fwp%2Fv2%2Fproduct_brand&post=24564"},{"taxonomy":"product_cat","embeddable":true,"href":"http:\/\/basakcilastik.com.tr\/index.php?rest_route=%2Fwp%2Fv2%2Fproduct_cat&post=24564"},{"taxonomy":"product_tag","embeddable":true,"href":"http:\/\/basakcilastik.com.tr\/index.php?rest_route=%2Fwp%2Fv2%2Fproduct_tag&post=24564"}],"curies":[{"name":"wp","href":"https:\/\/api.w.org\/{rel}","templated":true}]}}