{"id":24562,"date":"2020-08-26T21:58:59","date_gmt":"2020-08-26T21:58:59","guid":{"rendered":"https:\/\/basakcilastik.com.tr\/?post_type=product&#038;p=24562"},"modified":"2020-08-26T21:59:02","modified_gmt":"2020-08-26T21:59:02","slug":"wert-2296-tornavida-yildiz-ph3x200mm","status":"publish","type":"product","link":"http:\/\/basakcilastik.com.tr\/?product=wert-2296-tornavida-yildiz-ph3x200mm","title":{"rendered":"WERT 2296 Tornavida &#8211; Y\u0131ld\u0131z (PH3x200mm)"},"content":{"rendered":"<p>WERT 2296 Tornavida &#8211; Y\u0131ld\u0131z (PH3x200mm)<\/p>\n<p>&nbsp;<\/p>\n<ul>\n<li>Sertle\u015ftirilmi\u015f, \u0131s\u0131l i\u015flemden ge\u00e7irilmi\u015f krom vanadyum \u00e7elik<br \/>\n\u25cf Kum p\u00fcsk\u00fcrtme cilal\u0131, m\u0131knat\u0131sl\u0131 u\u00e7<br \/>\n\u25cf Satin krom kaplama cilal\u0131<br \/>\n\u25cf Darbelere dayan\u0131kl\u0131 yumu\u015fak kavray\u0131\u015fl\u0131 polipropilen sapl\u0131<br \/>\n\u25cf Plastik ask\u0131l\u0131<\/li>\n<\/ul>\n<p><strong>A\u011f\u0131rl\u0131k(Kg)<\/strong><\/p>\n<p><strong>:<\/strong><\/p>\n<p>0.19<\/p>\n<p>&nbsp;<\/p>\n","protected":false},"excerpt":{"rendered":"<p>WERT 2296 Tornavida &#8211; Y\u0131ld\u0131z (PH3x200mm) &nbsp; Sertle\u015ftirilmi\u015f, \u0131s\u0131l i\u015flemden ge\u00e7irilmi\u015f krom vanadyum \u00e7elik \u25cf Kum p\u00fcsk\u00fcrtme cilal\u0131, m\u0131knat\u0131sl\u0131 u\u00e7 \u25cf Satin krom kaplama cilal\u0131 \u25cf Darbelere dayan\u0131kl\u0131 yumu\u015fak kavray\u0131\u015fl\u0131 polipropilen sapl\u0131 \u25cf Plastik ask\u0131l\u0131 A\u011f\u0131rl\u0131k(Kg) : 0.19 &nbsp;<\/p>\n","protected":false},"featured_media":24565,"comment_status":"open","ping_status":"closed","template":"","meta":[],"product_brand":[],"product_cat":[15,72,87,248],"product_tag":[],"class_list":{"0":"post-24562","1":"product","2":"type-product","3":"status-publish","4":"has-post-thumbnail","6":"product_cat-genel","7":"product_cat-hirdavat","8":"product_cat-tornavida-ve-allen-anahtarlar","9":"product_cat-tornavidalar-tornavida-ve-allen-anahtarlar","11":"first","12":"instock","13":"shipping-taxable","14":"product-type-simple"},"_links":{"self":[{"href":"http:\/\/basakcilastik.com.tr\/index.php?rest_route=\/wp\/v2\/product\/24562","targetHints":{"allow":["GET"]}}],"collection":[{"href":"http:\/\/basakcilastik.com.tr\/index.php?rest_route=\/wp\/v2\/product"}],"about":[{"href":"http:\/\/basakcilastik.com.tr\/index.php?rest_route=\/wp\/v2\/types\/product"}],"replies":[{"embeddable":true,"href":"http:\/\/basakcilastik.com.tr\/index.php?rest_route=%2Fwp%2Fv2%2Fcomments&post=24562"}],"wp:featuredmedia":[{"embeddable":true,"href":"http:\/\/basakcilastik.com.tr\/index.php?rest_route=\/wp\/v2\/media\/24565"}],"wp:attachment":[{"href":"http:\/\/basakcilastik.com.tr\/index.php?rest_route=%2Fwp%2Fv2%2Fmedia&parent=24562"}],"wp:term":[{"taxonomy":"product_brand","embeddable":true,"href":"http:\/\/basakcilastik.com.tr\/index.php?rest_route=%2Fwp%2Fv2%2Fproduct_brand&post=24562"},{"taxonomy":"product_cat","embeddable":true,"href":"http:\/\/basakcilastik.com.tr\/index.php?rest_route=%2Fwp%2Fv2%2Fproduct_cat&post=24562"},{"taxonomy":"product_tag","embeddable":true,"href":"http:\/\/basakcilastik.com.tr\/index.php?rest_route=%2Fwp%2Fv2%2Fproduct_tag&post=24562"}],"curies":[{"name":"wp","href":"https:\/\/api.w.org\/{rel}","templated":true}]}}