{"id":24152,"date":"2020-08-25T19:33:35","date_gmt":"2020-08-25T19:33:35","guid":{"rendered":"https:\/\/basakcilastik.com.tr\/?post_type=product&#038;p=24152"},"modified":"2020-08-25T19:33:37","modified_gmt":"2020-08-25T19:33:37","slug":"4120-kraft-seri-yildiz-uclu-tornavida-seti-6-parca","status":"publish","type":"product","link":"http:\/\/basakcilastik.com.tr\/?product=4120-kraft-seri-yildiz-uclu-tornavida-seti-6-parca","title":{"rendered":"4120 Kraft Seri Y\u0131ld\u0131z U\u00e7lu Tornavida Seti (6 Par\u00e7a)"},"content":{"rendered":"<table width=\"100%\">\n<tbody>\n<tr>\n<td><strong>KOD<\/strong><\/td>\n<td><strong>\u0130\u00c7ER\u0130K<\/strong><\/td>\n<td><\/td>\n<td><\/td>\n<\/tr>\n<tr>\n<td>4120 00 8106<\/td>\n<td>3&#215;60 &#8211; 4.5&#215;80 &#8211; 4.5&#215;100<br \/>\n4.5&#215;150 &#8211; 6&#215;100<br \/>\n&#8211; 6&#215;150<br \/>\nY\u0131ld\u0131z U\u00e7lu<\/td>\n<td>380<\/td>\n<td>6<\/td>\n<\/tr>\n<\/tbody>\n<\/table>\n<p>&nbsp;<\/p>\n","protected":false},"excerpt":{"rendered":"<p>KOD \u0130\u00c7ER\u0130K 4120 00 8106 3&#215;60 &#8211; 4.5&#215;80 &#8211; 4.5&#215;100 4.5&#215;150 &#8211; 6&#215;100 &#8211; 6&#215;150 Y\u0131ld\u0131z U\u00e7lu 380 6 &nbsp;<\/p>\n","protected":false},"featured_media":24155,"comment_status":"open","ping_status":"closed","template":"","meta":[],"product_brand":[],"product_cat":[15,72,87,248],"product_tag":[],"class_list":{"0":"post-24152","1":"product","2":"type-product","3":"status-publish","4":"has-post-thumbnail","6":"product_cat-genel","7":"product_cat-hirdavat","8":"product_cat-tornavida-ve-allen-anahtarlar","9":"product_cat-tornavidalar-tornavida-ve-allen-anahtarlar","11":"first","12":"instock","13":"shipping-taxable","14":"product-type-simple"},"_links":{"self":[{"href":"http:\/\/basakcilastik.com.tr\/index.php?rest_route=\/wp\/v2\/product\/24152","targetHints":{"allow":["GET"]}}],"collection":[{"href":"http:\/\/basakcilastik.com.tr\/index.php?rest_route=\/wp\/v2\/product"}],"about":[{"href":"http:\/\/basakcilastik.com.tr\/index.php?rest_route=\/wp\/v2\/types\/product"}],"replies":[{"embeddable":true,"href":"http:\/\/basakcilastik.com.tr\/index.php?rest_route=%2Fwp%2Fv2%2Fcomments&post=24152"}],"wp:featuredmedia":[{"embeddable":true,"href":"http:\/\/basakcilastik.com.tr\/index.php?rest_route=\/wp\/v2\/media\/24155"}],"wp:attachment":[{"href":"http:\/\/basakcilastik.com.tr\/index.php?rest_route=%2Fwp%2Fv2%2Fmedia&parent=24152"}],"wp:term":[{"taxonomy":"product_brand","embeddable":true,"href":"http:\/\/basakcilastik.com.tr\/index.php?rest_route=%2Fwp%2Fv2%2Fproduct_brand&post=24152"},{"taxonomy":"product_cat","embeddable":true,"href":"http:\/\/basakcilastik.com.tr\/index.php?rest_route=%2Fwp%2Fv2%2Fproduct_cat&post=24152"},{"taxonomy":"product_tag","embeddable":true,"href":"http:\/\/basakcilastik.com.tr\/index.php?rest_route=%2Fwp%2Fv2%2Fproduct_tag&post=24152"}],"curies":[{"name":"wp","href":"https:\/\/api.w.org\/{rel}","templated":true}]}}