{"id":24150,"date":"2020-08-25T19:32:52","date_gmt":"2020-08-25T19:32:52","guid":{"rendered":"https:\/\/basakcilastik.com.tr\/?post_type=product&#038;p=24150"},"modified":"2020-08-25T19:32:54","modified_gmt":"2020-08-25T19:32:54","slug":"4120-kraft-seri-yildiz-uclu-tornavida","status":"publish","type":"product","link":"http:\/\/basakcilastik.com.tr\/?product=4120-kraft-seri-yildiz-uclu-tornavida","title":{"rendered":"4120 Kraft Seri Y\u0131ld\u0131z U\u00e7lu Tornavida"},"content":{"rendered":"<table width=\"100%\">\n<tbody>\n<tr>\n<td><strong>KOD<\/strong><\/td>\n<td><\/td>\n<td><\/td>\n<td><\/td>\n<td><\/td>\n<td><\/td>\n<\/tr>\n<tr>\n<td><\/td>\n<td><\/td>\n<td><\/td>\n<td><\/td>\n<td><\/td>\n<td><\/td>\n<\/tr>\n<tr>\n<td>4120 18 0360<\/td>\n<td>3&#215;60<\/td>\n<td>Ph0<\/td>\n<td>135<\/td>\n<td>30<\/td>\n<td>10<\/td>\n<\/tr>\n<tr>\n<td>4120 18 4580<\/td>\n<td>4.5&#215;80<\/td>\n<td>Ph1<\/td>\n<td>165<\/td>\n<td>55<\/td>\n<td>10<\/td>\n<\/tr>\n<tr>\n<td><\/td>\n<td><\/td>\n<td><\/td>\n<td><\/td>\n<td><\/td>\n<td><\/td>\n<\/tr>\n<tr>\n<td>4120 18 5100<\/td>\n<td>4.5&#215;100<\/td>\n<td>Ph1<\/td>\n<td>185<\/td>\n<td>55<\/td>\n<td>10<\/td>\n<\/tr>\n<tr>\n<td>4120 18 5150<\/td>\n<td>4.5&#215;150<\/td>\n<td>Ph1<\/td>\n<td>235<\/td>\n<td>60<\/td>\n<td>10<\/td>\n<\/tr>\n<tr>\n<td><\/td>\n<td><\/td>\n<td><\/td>\n<td><\/td>\n<td><\/td>\n<td><\/td>\n<\/tr>\n<tr>\n<td>4120 18 6100<\/td>\n<td>6&#215;100<\/td>\n<td>Ph2<\/td>\n<td>195<\/td>\n<td>85<\/td>\n<td>10<\/td>\n<\/tr>\n<tr>\n<td>4120 18 6150<\/td>\n<td>6&#215;150<\/td>\n<td>Ph2<\/td>\n<td>245<\/td>\n<td>95<\/td>\n<td>10<\/td>\n<\/tr>\n<tr>\n<td><\/td>\n<td><\/td>\n<td><\/td>\n<td><\/td>\n<td><\/td>\n<td><\/td>\n<\/tr>\n<tr>\n<td>4120 18 6200<\/td>\n<td>6&#215;200<\/td>\n<td>Ph2<\/td>\n<td>295<\/td>\n<td>105<\/td>\n<td>10<\/td>\n<\/tr>\n<tr>\n<td>4120 18 8150<\/td>\n<td>8&#215;150<\/td>\n<td>Ph3<\/td>\n<td>255<\/td>\n<td>150<\/td>\n<td>10<\/td>\n<\/tr>\n<tr>\n<td><\/td>\n<td><\/td>\n<td><\/td>\n<td><\/td>\n<td><\/td>\n<td><\/td>\n<\/tr>\n<tr>\n<td>4120 18 1200<\/td>\n<td>10&#215;200<\/td>\n<td>Ph4<\/td>\n<td>315<\/td>\n<td>240<\/td>\n<td>10<\/td>\n<\/tr>\n<\/tbody>\n<\/table>\n<p>&nbsp;<\/p>\n","protected":false},"excerpt":{"rendered":"<p>KOD 4120 18 0360 3&#215;60 Ph0 135 30 10 4120 18 4580 4.5&#215;80 Ph1 165 55 10 4120 18 5100 4.5&#215;100 Ph1 185 55 10 4120 18 5150 4.5&#215;150 Ph1 235 60 10 4120 18 6100 6&#215;100 Ph2 195 85 10 4120 18 6150 6&#215;150 Ph2 245 95 10 4120 18 6200 6&#215;200 Ph2 295 105 10 4120 18 8150 [&hellip;]<\/p>\n","protected":false},"featured_media":24153,"comment_status":"open","ping_status":"closed","template":"","meta":[],"product_brand":[],"product_cat":[15,72,87,248],"product_tag":[],"class_list":{"0":"post-24150","1":"product","2":"type-product","3":"status-publish","4":"has-post-thumbnail","6":"product_cat-genel","7":"product_cat-hirdavat","8":"product_cat-tornavida-ve-allen-anahtarlar","9":"product_cat-tornavidalar-tornavida-ve-allen-anahtarlar","11":"first","12":"instock","13":"shipping-taxable","14":"product-type-simple"},"_links":{"self":[{"href":"http:\/\/basakcilastik.com.tr\/index.php?rest_route=\/wp\/v2\/product\/24150","targetHints":{"allow":["GET"]}}],"collection":[{"href":"http:\/\/basakcilastik.com.tr\/index.php?rest_route=\/wp\/v2\/product"}],"about":[{"href":"http:\/\/basakcilastik.com.tr\/index.php?rest_route=\/wp\/v2\/types\/product"}],"replies":[{"embeddable":true,"href":"http:\/\/basakcilastik.com.tr\/index.php?rest_route=%2Fwp%2Fv2%2Fcomments&post=24150"}],"wp:featuredmedia":[{"embeddable":true,"href":"http:\/\/basakcilastik.com.tr\/index.php?rest_route=\/wp\/v2\/media\/24153"}],"wp:attachment":[{"href":"http:\/\/basakcilastik.com.tr\/index.php?rest_route=%2Fwp%2Fv2%2Fmedia&parent=24150"}],"wp:term":[{"taxonomy":"product_brand","embeddable":true,"href":"http:\/\/basakcilastik.com.tr\/index.php?rest_route=%2Fwp%2Fv2%2Fproduct_brand&post=24150"},{"taxonomy":"product_cat","embeddable":true,"href":"http:\/\/basakcilastik.com.tr\/index.php?rest_route=%2Fwp%2Fv2%2Fproduct_cat&post=24150"},{"taxonomy":"product_tag","embeddable":true,"href":"http:\/\/basakcilastik.com.tr\/index.php?rest_route=%2Fwp%2Fv2%2Fproduct_tag&post=24150"}],"curies":[{"name":"wp","href":"https:\/\/api.w.org\/{rel}","templated":true}]}}