{"id":23727,"date":"2020-08-24T20:00:00","date_gmt":"2020-08-24T20:00:00","guid":{"rendered":"https:\/\/basakcilastik.com.tr\/?post_type=product&#038;p=23727"},"modified":"2020-08-24T20:00:02","modified_gmt":"2020-08-24T20:00:02","slug":"013-kk1110-ayarli-yag-filtre-70-85","status":"publish","type":"product","link":"http:\/\/basakcilastik.com.tr\/?product=013-kk1110-ayarli-yag-filtre-70-85","title":{"rendered":"013-KK1110 AYARLI YA\u011e F\u0130LTRE 70-85"},"content":{"rendered":"<p>013-KK1110 AYARLI YA\u011e F\u0130LTRE 70-85<\/p>\n","protected":false},"excerpt":{"rendered":"<p>013-KK1110 AYARLI YA\u011e F\u0130LTRE 70-85<\/p>\n","protected":false},"featured_media":23730,"comment_status":"open","ping_status":"closed","template":"","meta":[],"product_brand":[],"product_cat":[15,72,245],"product_tag":[],"class_list":{"0":"post-23727","1":"product","2":"type-product","3":"status-publish","4":"has-post-thumbnail","6":"product_cat-genel","7":"product_cat-hirdavat","8":"product_cat-yag-filtresi-aparatlari","10":"first","11":"instock","12":"shipping-taxable","13":"product-type-simple"},"_links":{"self":[{"href":"http:\/\/basakcilastik.com.tr\/index.php?rest_route=\/wp\/v2\/product\/23727","targetHints":{"allow":["GET"]}}],"collection":[{"href":"http:\/\/basakcilastik.com.tr\/index.php?rest_route=\/wp\/v2\/product"}],"about":[{"href":"http:\/\/basakcilastik.com.tr\/index.php?rest_route=\/wp\/v2\/types\/product"}],"replies":[{"embeddable":true,"href":"http:\/\/basakcilastik.com.tr\/index.php?rest_route=%2Fwp%2Fv2%2Fcomments&post=23727"}],"wp:featuredmedia":[{"embeddable":true,"href":"http:\/\/basakcilastik.com.tr\/index.php?rest_route=\/wp\/v2\/media\/23730"}],"wp:attachment":[{"href":"http:\/\/basakcilastik.com.tr\/index.php?rest_route=%2Fwp%2Fv2%2Fmedia&parent=23727"}],"wp:term":[{"taxonomy":"product_brand","embeddable":true,"href":"http:\/\/basakcilastik.com.tr\/index.php?rest_route=%2Fwp%2Fv2%2Fproduct_brand&post=23727"},{"taxonomy":"product_cat","embeddable":true,"href":"http:\/\/basakcilastik.com.tr\/index.php?rest_route=%2Fwp%2Fv2%2Fproduct_cat&post=23727"},{"taxonomy":"product_tag","embeddable":true,"href":"http:\/\/basakcilastik.com.tr\/index.php?rest_route=%2Fwp%2Fv2%2Fproduct_tag&post=23727"}],"curies":[{"name":"wp","href":"https:\/\/api.w.org\/{rel}","templated":true}]}}