{"id":23722,"date":"2020-08-24T19:57:58","date_gmt":"2020-08-24T19:57:58","guid":{"rendered":"https:\/\/basakcilastik.com.tr\/?post_type=product&#038;p=23722"},"modified":"2020-08-24T19:58:00","modified_gmt":"2020-08-24T19:58:00","slug":"013-kk1101-3-ayakli-filtre-anahtari-duz","status":"publish","type":"product","link":"http:\/\/basakcilastik.com.tr\/?product=013-kk1101-3-ayakli-filtre-anahtari-duz","title":{"rendered":"013-KK1101 3 AYAKLI F\u0130LTRE ANAHTARI D\u00fcz"},"content":{"rendered":"<p>013-KK1101 3 AYAKLI F\u0130LTRE ANAHTARI D\u00fcz<\/p>\n","protected":false},"excerpt":{"rendered":"<p>013-KK1101 3 AYAKLI F\u0130LTRE ANAHTARI D\u00fcz<\/p>\n","protected":false},"featured_media":23726,"comment_status":"open","ping_status":"closed","template":"","meta":[],"product_brand":[],"product_cat":[15,72,245],"product_tag":[],"class_list":{"0":"post-23722","1":"product","2":"type-product","3":"status-publish","4":"has-post-thumbnail","6":"product_cat-genel","7":"product_cat-hirdavat","8":"product_cat-yag-filtresi-aparatlari","10":"first","11":"instock","12":"shipping-taxable","13":"product-type-simple"},"_links":{"self":[{"href":"http:\/\/basakcilastik.com.tr\/index.php?rest_route=\/wp\/v2\/product\/23722","targetHints":{"allow":["GET"]}}],"collection":[{"href":"http:\/\/basakcilastik.com.tr\/index.php?rest_route=\/wp\/v2\/product"}],"about":[{"href":"http:\/\/basakcilastik.com.tr\/index.php?rest_route=\/wp\/v2\/types\/product"}],"replies":[{"embeddable":true,"href":"http:\/\/basakcilastik.com.tr\/index.php?rest_route=%2Fwp%2Fv2%2Fcomments&post=23722"}],"wp:featuredmedia":[{"embeddable":true,"href":"http:\/\/basakcilastik.com.tr\/index.php?rest_route=\/wp\/v2\/media\/23726"}],"wp:attachment":[{"href":"http:\/\/basakcilastik.com.tr\/index.php?rest_route=%2Fwp%2Fv2%2Fmedia&parent=23722"}],"wp:term":[{"taxonomy":"product_brand","embeddable":true,"href":"http:\/\/basakcilastik.com.tr\/index.php?rest_route=%2Fwp%2Fv2%2Fproduct_brand&post=23722"},{"taxonomy":"product_cat","embeddable":true,"href":"http:\/\/basakcilastik.com.tr\/index.php?rest_route=%2Fwp%2Fv2%2Fproduct_cat&post=23722"},{"taxonomy":"product_tag","embeddable":true,"href":"http:\/\/basakcilastik.com.tr\/index.php?rest_route=%2Fwp%2Fv2%2Fproduct_tag&post=23722"}],"curies":[{"name":"wp","href":"https:\/\/api.w.org\/{rel}","templated":true}]}}