{"id":23442,"date":"2020-08-24T11:49:46","date_gmt":"2020-08-24T11:49:46","guid":{"rendered":"https:\/\/basakcilastik.com.tr\/?post_type=product&#038;p=23442"},"modified":"2020-08-24T11:49:48","modified_gmt":"2020-08-24T11:49:48","slug":"34-tork-anahtar","status":"publish","type":"product","link":"http:\/\/basakcilastik.com.tr\/?product=34-tork-anahtar","title":{"rendered":"34 Tork Anahtar"},"content":{"rendered":"<ul>\n<li>End\u00fcstriyel ama\u00e7la \u00fcretilmi\u015f extra hafif aluminyum tork anahtar\u0131.<\/li>\n<li>R\u00fczgar g\u00fclleri,havac\u0131k,makina ve otomasyon sanayinde kullan\u0131l\u0131r.<\/li>\n<li>%3 hassayiyet.<\/li>\n<li>DIN-ISO 6789.<\/li>\n<li>Nm \/ Kg \/ Lb-Ft \/ Lb-Inc cinsinden scala.<\/li>\n<li>Sa\u011f \/ Sol kullan\u0131m kolayl\u0131\u011f\u0131 sa\u011flayan itmeli mekanizma<\/li>\n<\/ul>\n<table width=\"100%\">\n<tbody>\n<tr>\n<td width=\"148\"><strong>\u00a0\u00dcr\u00fcn Kodu<\/strong><\/td>\n<td width=\"159\"><strong>\u00a0\u00d6l\u00e7\u00fc<\/strong><\/td>\n<td width=\"173\"><strong>\u00a0Paket \/ Koli<\/strong><\/td>\n<\/tr>\n<tr>\n<td width=\"148\">\u00a0RTK3475<\/td>\n<td width=\"159\">\u00a0140-760 Nm<\/td>\n<td width=\"173\">\u00a01 Adet<\/td>\n<\/tr>\n<\/tbody>\n<\/table>\n<p>&nbsp;<\/p>\n","protected":false},"excerpt":{"rendered":"<p>End\u00fcstriyel ama\u00e7la \u00fcretilmi\u015f extra hafif aluminyum tork anahtar\u0131. R\u00fczgar g\u00fclleri,havac\u0131k,makina ve otomasyon sanayinde kullan\u0131l\u0131r. %3 hassayiyet. DIN-ISO 6789. Nm \/ Kg \/ Lb-Ft \/ Lb-Inc cinsinden scala. Sa\u011f \/ Sol kullan\u0131m kolayl\u0131\u011f\u0131 sa\u011flayan itmeli mekanizma \u00a0\u00dcr\u00fcn Kodu \u00a0\u00d6l\u00e7\u00fc \u00a0Paket \/ Koli \u00a0RTK3475 \u00a0140-760 Nm \u00a01 Adet &nbsp;<\/p>\n","protected":false},"featured_media":23445,"comment_status":"open","ping_status":"closed","template":"","meta":[],"product_brand":[],"product_cat":[15,72,85,243],"product_tag":[],"class_list":{"0":"post-23442","1":"product","2":"type-product","3":"status-publish","4":"has-post-thumbnail","6":"product_cat-genel","7":"product_cat-hirdavat","8":"product_cat-otomotiv","9":"product_cat-tork-anahtarlari","11":"first","12":"instock","13":"shipping-taxable","14":"product-type-simple"},"_links":{"self":[{"href":"http:\/\/basakcilastik.com.tr\/index.php?rest_route=\/wp\/v2\/product\/23442","targetHints":{"allow":["GET"]}}],"collection":[{"href":"http:\/\/basakcilastik.com.tr\/index.php?rest_route=\/wp\/v2\/product"}],"about":[{"href":"http:\/\/basakcilastik.com.tr\/index.php?rest_route=\/wp\/v2\/types\/product"}],"replies":[{"embeddable":true,"href":"http:\/\/basakcilastik.com.tr\/index.php?rest_route=%2Fwp%2Fv2%2Fcomments&post=23442"}],"wp:featuredmedia":[{"embeddable":true,"href":"http:\/\/basakcilastik.com.tr\/index.php?rest_route=\/wp\/v2\/media\/23445"}],"wp:attachment":[{"href":"http:\/\/basakcilastik.com.tr\/index.php?rest_route=%2Fwp%2Fv2%2Fmedia&parent=23442"}],"wp:term":[{"taxonomy":"product_brand","embeddable":true,"href":"http:\/\/basakcilastik.com.tr\/index.php?rest_route=%2Fwp%2Fv2%2Fproduct_brand&post=23442"},{"taxonomy":"product_cat","embeddable":true,"href":"http:\/\/basakcilastik.com.tr\/index.php?rest_route=%2Fwp%2Fv2%2Fproduct_cat&post=23442"},{"taxonomy":"product_tag","embeddable":true,"href":"http:\/\/basakcilastik.com.tr\/index.php?rest_route=%2Fwp%2Fv2%2Fproduct_tag&post=23442"}],"curies":[{"name":"wp","href":"https:\/\/api.w.org\/{rel}","templated":true}]}}