{"id":23440,"date":"2020-08-24T11:48:58","date_gmt":"2020-08-24T11:48:58","guid":{"rendered":"https:\/\/basakcilastik.com.tr\/?post_type=product&#038;p=23440"},"modified":"2020-08-24T11:49:01","modified_gmt":"2020-08-24T11:49:01","slug":"14-12-circirli-tork-anahtarlari","status":"publish","type":"product","link":"http:\/\/basakcilastik.com.tr\/?product=14-12-circirli-tork-anahtarlari","title":{"rendered":"14-12 C\u0131rc\u0131rl\u0131 Tork Anahtarlar\u0131"},"content":{"rendered":"<ul>\n<li>Mat krom kapl\u0131 sertle\u015ftirilmi\u015f kaliteli chrome vanadium \u00e7eli\u011fi.<\/li>\n<li>5 Nm hassasiyet.<\/li>\n<li>Nm \/ Kg \/ Lb-Ft \/ Lb-Inc cinsinden scala.<\/li>\n<li>Dar alanlarda kompakt tasar\u0131m\u0131yla kolay ula\u015f\u0131m.<\/li>\n<\/ul>\n<table width=\"100%\">\n<tbody>\n<tr>\n<td width=\"148\"><strong>\u00a0\u00dcr\u00fcn Kodu<\/strong><\/td>\n<td width=\"159\"><strong>\u00a0\u00d6l\u00e7\u00fc<\/strong><\/td>\n<td width=\"173\"><strong>\u00a0Paket \/ Koli<\/strong><\/td>\n<\/tr>\n<tr>\n<td width=\"148\">\u00a0RTK0225<\/td>\n<td width=\"159\">\u00a02-25 Nm<\/td>\n<td width=\"173\">\u00a01 \/ 24 Adet<\/td>\n<\/tr>\n<tr>\n<td width=\"148\">\u00a0RTK1010<\/td>\n<td width=\"159\">\u00a010-100 Nm<\/td>\n<td width=\"173\">\u00a01 \/ 12 Adet<\/td>\n<\/tr>\n<tr>\n<td width=\"148\">\u00a0RTK2020<\/td>\n<td width=\"159\">\u00a020-200 Nm<\/td>\n<td width=\"173\">\u00a01 \/ 12 Adet<\/td>\n<\/tr>\n<tr>\n<td width=\"148\">\u00a0RTK6030<\/td>\n<td width=\"159\">\u00a060-300 Nm<\/td>\n<td width=\"173\">\u00a01 \/ 12 Adet<\/td>\n<\/tr>\n<\/tbody>\n<\/table>\n<p>&nbsp;<\/p>\n","protected":false},"excerpt":{"rendered":"<p>Mat krom kapl\u0131 sertle\u015ftirilmi\u015f kaliteli chrome vanadium \u00e7eli\u011fi. 5 Nm hassasiyet. Nm \/ Kg \/ Lb-Ft \/ Lb-Inc cinsinden scala. Dar alanlarda kompakt tasar\u0131m\u0131yla kolay ula\u015f\u0131m. \u00a0\u00dcr\u00fcn Kodu \u00a0\u00d6l\u00e7\u00fc \u00a0Paket \/ Koli \u00a0RTK0225 \u00a02-25 Nm \u00a01 \/ 24 Adet \u00a0RTK1010 \u00a010-100 Nm \u00a01 \/ 12 Adet \u00a0RTK2020 \u00a020-200 Nm \u00a01 \/ 12 Adet \u00a0RTK6030 \u00a060-300 Nm \u00a01 \/ 12 Adet [&hellip;]<\/p>\n","protected":false},"featured_media":23443,"comment_status":"open","ping_status":"closed","template":"","meta":[],"product_brand":[],"product_cat":[15,72,243],"product_tag":[],"class_list":{"0":"post-23440","1":"product","2":"type-product","3":"status-publish","4":"has-post-thumbnail","6":"product_cat-genel","7":"product_cat-hirdavat","8":"product_cat-tork-anahtarlari","10":"first","11":"instock","12":"shipping-taxable","13":"product-type-simple"},"_links":{"self":[{"href":"http:\/\/basakcilastik.com.tr\/index.php?rest_route=\/wp\/v2\/product\/23440","targetHints":{"allow":["GET"]}}],"collection":[{"href":"http:\/\/basakcilastik.com.tr\/index.php?rest_route=\/wp\/v2\/product"}],"about":[{"href":"http:\/\/basakcilastik.com.tr\/index.php?rest_route=\/wp\/v2\/types\/product"}],"replies":[{"embeddable":true,"href":"http:\/\/basakcilastik.com.tr\/index.php?rest_route=%2Fwp%2Fv2%2Fcomments&post=23440"}],"wp:featuredmedia":[{"embeddable":true,"href":"http:\/\/basakcilastik.com.tr\/index.php?rest_route=\/wp\/v2\/media\/23443"}],"wp:attachment":[{"href":"http:\/\/basakcilastik.com.tr\/index.php?rest_route=%2Fwp%2Fv2%2Fmedia&parent=23440"}],"wp:term":[{"taxonomy":"product_brand","embeddable":true,"href":"http:\/\/basakcilastik.com.tr\/index.php?rest_route=%2Fwp%2Fv2%2Fproduct_brand&post=23440"},{"taxonomy":"product_cat","embeddable":true,"href":"http:\/\/basakcilastik.com.tr\/index.php?rest_route=%2Fwp%2Fv2%2Fproduct_cat&post=23440"},{"taxonomy":"product_tag","embeddable":true,"href":"http:\/\/basakcilastik.com.tr\/index.php?rest_route=%2Fwp%2Fv2%2Fproduct_tag&post=23440"}],"curies":[{"name":"wp","href":"https:\/\/api.w.org\/{rel}","templated":true}]}}