{"id":23331,"date":"2020-08-22T16:07:50","date_gmt":"2020-08-22T16:07:50","guid":{"rendered":"https:\/\/basakcilastik.com.tr\/?post_type=product&#038;p=23331"},"modified":"2020-08-22T16:07:52","modified_gmt":"2020-08-22T16:07:52","slug":"wert-2903-varil-pompasi-20ltdak","status":"publish","type":"product","link":"http:\/\/basakcilastik.com.tr\/?product=wert-2903-varil-pompasi-20ltdak","title":{"rendered":"WERT 2903 Varil Pompas\u0131 (20ltdak)"},"content":{"rendered":"<p>WERT 2903 Varil Pompas\u0131 (20lt\/dak)<\/p>\n<p>&nbsp;<\/p>\n<ul>\n<li>Standart hacimli varillerden ak\u0131\u015fkanlar\u0131n transferi i\u00e7in tasarlanm\u0131\u015f manuel varil pompas\u0131<br \/>\n\u25cf Dizel ya\u011flarda, bitkisel ya\u011flarda, temizlik maddelerinde, antifriz ve di\u011fer a\u015f\u0131nd\u0131r\u0131c\u0131 olmayan ak\u0131\u015fkanlar\u0131n tahliyesinde kullan\u0131l\u0131r.<br \/>\n\u25cf Pompa tipi: Dalg\u0131\u00e7<br \/>\n\u25cf Ak\u0131\u015f h\u0131z\u0131: 20l\/dak<br \/>\n\u25cf Noz\u00fcl: Oluk a\u011fz\u0131<br \/>\n\u25cf Hazne ba\u011flant\u0131 eleman\u0131: 2&#8242; NPT<br \/>\n\u25cf Emme borusu: teleskopik (45cm-90cm)<\/li>\n<\/ul>\n<p><strong>A\u011f\u0131rl\u0131k(Kg)<\/strong><\/p>\n<p><strong>:<\/strong><\/p>\n<p>2.3<\/p>\n<p>&nbsp;<\/p>\n","protected":false},"excerpt":{"rendered":"<p>WERT 2903 Varil Pompas\u0131 (20lt\/dak) &nbsp; Standart hacimli varillerden ak\u0131\u015fkanlar\u0131n transferi i\u00e7in tasarlanm\u0131\u015f manuel varil pompas\u0131 \u25cf Dizel ya\u011flarda, bitkisel ya\u011flarda, temizlik maddelerinde, antifriz ve di\u011fer a\u015f\u0131nd\u0131r\u0131c\u0131 olmayan ak\u0131\u015fkanlar\u0131n tahliyesinde kullan\u0131l\u0131r. \u25cf Pompa tipi: Dalg\u0131\u00e7 \u25cf Ak\u0131\u015f h\u0131z\u0131: 20l\/dak \u25cf Noz\u00fcl: Oluk a\u011fz\u0131 \u25cf Hazne ba\u011flant\u0131 eleman\u0131: 2&#8242; NPT \u25cf Emme borusu: teleskopik (45cm-90cm) A\u011f\u0131rl\u0131k(Kg) : 2.3 &nbsp;<\/p>\n","protected":false},"featured_media":23333,"comment_status":"open","ping_status":"closed","template":"","meta":[],"product_brand":[],"product_cat":[15,72,85,241],"product_tag":[],"class_list":{"0":"post-23331","1":"product","2":"type-product","3":"status-publish","4":"has-post-thumbnail","6":"product_cat-genel","7":"product_cat-hirdavat","8":"product_cat-otomotiv","9":"product_cat-otomotiv-yardimci-parcalar","11":"first","12":"instock","13":"shipping-taxable","14":"product-type-simple"},"_links":{"self":[{"href":"http:\/\/basakcilastik.com.tr\/index.php?rest_route=\/wp\/v2\/product\/23331","targetHints":{"allow":["GET"]}}],"collection":[{"href":"http:\/\/basakcilastik.com.tr\/index.php?rest_route=\/wp\/v2\/product"}],"about":[{"href":"http:\/\/basakcilastik.com.tr\/index.php?rest_route=\/wp\/v2\/types\/product"}],"replies":[{"embeddable":true,"href":"http:\/\/basakcilastik.com.tr\/index.php?rest_route=%2Fwp%2Fv2%2Fcomments&post=23331"}],"wp:featuredmedia":[{"embeddable":true,"href":"http:\/\/basakcilastik.com.tr\/index.php?rest_route=\/wp\/v2\/media\/23333"}],"wp:attachment":[{"href":"http:\/\/basakcilastik.com.tr\/index.php?rest_route=%2Fwp%2Fv2%2Fmedia&parent=23331"}],"wp:term":[{"taxonomy":"product_brand","embeddable":true,"href":"http:\/\/basakcilastik.com.tr\/index.php?rest_route=%2Fwp%2Fv2%2Fproduct_brand&post=23331"},{"taxonomy":"product_cat","embeddable":true,"href":"http:\/\/basakcilastik.com.tr\/index.php?rest_route=%2Fwp%2Fv2%2Fproduct_cat&post=23331"},{"taxonomy":"product_tag","embeddable":true,"href":"http:\/\/basakcilastik.com.tr\/index.php?rest_route=%2Fwp%2Fv2%2Fproduct_tag&post=23331"}],"curies":[{"name":"wp","href":"https:\/\/api.w.org\/{rel}","templated":true}]}}