{"id":23295,"date":"2020-08-22T15:53:05","date_gmt":"2020-08-22T15:53:05","guid":{"rendered":"https:\/\/basakcilastik.com.tr\/?post_type=product&#038;p=23295"},"modified":"2020-08-22T15:53:07","modified_gmt":"2020-08-22T15:53:07","slug":"wert-2460-8-fonksiyonlu-kontrol-kalemi","status":"publish","type":"product","link":"http:\/\/basakcilastik.com.tr\/?product=wert-2460-8-fonksiyonlu-kontrol-kalemi","title":{"rendered":"WERT 2460 8 Fonksiyonlu Kontrol Kalemi"},"content":{"rendered":"<p>WERT 2460 8 Fonksiyonlu Kontrol Kalemi<\/p>\n<p>WERT 2460 8 Fonksiyonlu Kontrol Kalemi<\/p>\n<p>&nbsp;<\/p>\n<ul>\n<li>\u00c7ok fonksiyonlu kontrol kalemi<br \/>\n\u25cf Voltaj test aral\u0131\u011f\u0131: DC: 6V\/12V\/24V\/50V\/110V\/220V\/380V<br \/>\n\u25cf Frekans aral\u0131\u011f\u0131: 0~60Hz<br \/>\n\u25cf Voltaj de\u011ferini LED lambalarla g\u00f6sterir<br \/>\n\u25cf Elektronik ekipmanlarda, otomotiv devre elemanlar\u0131nda ve konut elektrik hatlar\u0131nda kullan\u0131l\u0131r<br \/>\n\u25cf 1.2M VDE harmonize iletken ba\u011flant\u0131s\u0131<br \/>\n\u25cf 13A g\u00fcvenlik kontrol aleti ile birlikte yerinde \u00f6l\u00e7\u00fcm<\/li>\n<\/ul>\n<p><strong>A\u011f\u0131rl\u0131k(Kg)<\/strong><\/p>\n<p><strong>:<\/strong><\/p>\n<p>0.18<\/p>\n<p>&nbsp;<\/p>\n","protected":false},"excerpt":{"rendered":"<p>WERT 2460 8 Fonksiyonlu Kontrol Kalemi WERT 2460 8 Fonksiyonlu Kontrol Kalemi &nbsp; \u00c7ok fonksiyonlu kontrol kalemi \u25cf Voltaj test aral\u0131\u011f\u0131: DC: 6V\/12V\/24V\/50V\/110V\/220V\/380V \u25cf Frekans aral\u0131\u011f\u0131: 0~60Hz \u25cf Voltaj de\u011ferini LED lambalarla g\u00f6sterir \u25cf Elektronik ekipmanlarda, otomotiv devre elemanlar\u0131nda ve konut elektrik hatlar\u0131nda kullan\u0131l\u0131r \u25cf 1.2M VDE harmonize iletken ba\u011flant\u0131s\u0131 \u25cf 13A g\u00fcvenlik kontrol aleti ile birlikte yerinde \u00f6l\u00e7\u00fcm A\u011f\u0131rl\u0131k(Kg) [&hellip;]<\/p>\n","protected":false},"featured_media":23298,"comment_status":"open","ping_status":"closed","template":"","meta":[],"product_brand":[],"product_cat":[15,72,85,241],"product_tag":[],"class_list":{"0":"post-23295","1":"product","2":"type-product","3":"status-publish","4":"has-post-thumbnail","6":"product_cat-genel","7":"product_cat-hirdavat","8":"product_cat-otomotiv","9":"product_cat-otomotiv-yardimci-parcalar","11":"first","12":"instock","13":"shipping-taxable","14":"product-type-simple"},"_links":{"self":[{"href":"http:\/\/basakcilastik.com.tr\/index.php?rest_route=\/wp\/v2\/product\/23295","targetHints":{"allow":["GET"]}}],"collection":[{"href":"http:\/\/basakcilastik.com.tr\/index.php?rest_route=\/wp\/v2\/product"}],"about":[{"href":"http:\/\/basakcilastik.com.tr\/index.php?rest_route=\/wp\/v2\/types\/product"}],"replies":[{"embeddable":true,"href":"http:\/\/basakcilastik.com.tr\/index.php?rest_route=%2Fwp%2Fv2%2Fcomments&post=23295"}],"wp:featuredmedia":[{"embeddable":true,"href":"http:\/\/basakcilastik.com.tr\/index.php?rest_route=\/wp\/v2\/media\/23298"}],"wp:attachment":[{"href":"http:\/\/basakcilastik.com.tr\/index.php?rest_route=%2Fwp%2Fv2%2Fmedia&parent=23295"}],"wp:term":[{"taxonomy":"product_brand","embeddable":true,"href":"http:\/\/basakcilastik.com.tr\/index.php?rest_route=%2Fwp%2Fv2%2Fproduct_brand&post=23295"},{"taxonomy":"product_cat","embeddable":true,"href":"http:\/\/basakcilastik.com.tr\/index.php?rest_route=%2Fwp%2Fv2%2Fproduct_cat&post=23295"},{"taxonomy":"product_tag","embeddable":true,"href":"http:\/\/basakcilastik.com.tr\/index.php?rest_route=%2Fwp%2Fv2%2Fproduct_tag&post=23295"}],"curies":[{"name":"wp","href":"https:\/\/api.w.org\/{rel}","templated":true}]}}