{"id":22992,"date":"2020-08-22T12:36:39","date_gmt":"2020-08-22T12:36:39","guid":{"rendered":"https:\/\/basakcilastik.com.tr\/?post_type=product&#038;p=22992"},"modified":"2020-08-22T12:36:41","modified_gmt":"2020-08-22T12:36:41","slug":"12pc-fren-pistonu-itme-seti","status":"publish","type":"product","link":"http:\/\/basakcilastik.com.tr\/?product=12pc-fren-pistonu-itme-seti","title":{"rendered":"12PC FREN P\u0130STONU \u0130TME SET\u0130"},"content":{"rendered":"<p>12PC FREN P\u0130STONU \u0130TME SET\u0130<\/p>\n<table width=\"540\">\n<thead>\n<tr>\n<td>Kod<\/td>\n<td>\u00dcr\u00fcn Ad\u0131<\/td>\n<td>Koli<\/td>\n<td>Paket<\/td>\n<\/tr>\n<\/thead>\n<tbody>\n<tr>\n<td>013-kk1125<\/td>\n<td>12PC FREN P\u0130STONU \u0130TME SET\u0130<\/td>\n<td>10<\/td>\n<td>1<\/td>\n<\/tr>\n<\/tbody>\n<\/table>\n<p>&nbsp;<\/p>\n","protected":false},"excerpt":{"rendered":"<p>12PC FREN P\u0130STONU \u0130TME SET\u0130 Kod \u00dcr\u00fcn Ad\u0131 Koli Paket 013-kk1125 12PC FREN P\u0130STONU \u0130TME SET\u0130 10 1 &nbsp;<\/p>\n","protected":false},"featured_media":22995,"comment_status":"open","ping_status":"closed","template":"","meta":[],"product_brand":[],"product_cat":[15,72,85,241],"product_tag":[],"class_list":{"0":"post-22992","1":"product","2":"type-product","3":"status-publish","4":"has-post-thumbnail","6":"product_cat-genel","7":"product_cat-hirdavat","8":"product_cat-otomotiv","9":"product_cat-otomotiv-yardimci-parcalar","11":"first","12":"instock","13":"shipping-taxable","14":"product-type-simple"},"_links":{"self":[{"href":"http:\/\/basakcilastik.com.tr\/index.php?rest_route=\/wp\/v2\/product\/22992","targetHints":{"allow":["GET"]}}],"collection":[{"href":"http:\/\/basakcilastik.com.tr\/index.php?rest_route=\/wp\/v2\/product"}],"about":[{"href":"http:\/\/basakcilastik.com.tr\/index.php?rest_route=\/wp\/v2\/types\/product"}],"replies":[{"embeddable":true,"href":"http:\/\/basakcilastik.com.tr\/index.php?rest_route=%2Fwp%2Fv2%2Fcomments&post=22992"}],"wp:featuredmedia":[{"embeddable":true,"href":"http:\/\/basakcilastik.com.tr\/index.php?rest_route=\/wp\/v2\/media\/22995"}],"wp:attachment":[{"href":"http:\/\/basakcilastik.com.tr\/index.php?rest_route=%2Fwp%2Fv2%2Fmedia&parent=22992"}],"wp:term":[{"taxonomy":"product_brand","embeddable":true,"href":"http:\/\/basakcilastik.com.tr\/index.php?rest_route=%2Fwp%2Fv2%2Fproduct_brand&post=22992"},{"taxonomy":"product_cat","embeddable":true,"href":"http:\/\/basakcilastik.com.tr\/index.php?rest_route=%2Fwp%2Fv2%2Fproduct_cat&post=22992"},{"taxonomy":"product_tag","embeddable":true,"href":"http:\/\/basakcilastik.com.tr\/index.php?rest_route=%2Fwp%2Fv2%2Fproduct_tag&post=22992"}],"curies":[{"name":"wp","href":"https:\/\/api.w.org\/{rel}","templated":true}]}}