{"id":22988,"date":"2020-08-22T12:35:03","date_gmt":"2020-08-22T12:35:03","guid":{"rendered":"https:\/\/basakcilastik.com.tr\/?post_type=product&#038;p=22988"},"modified":"2020-08-22T12:35:05","modified_gmt":"2020-08-22T12:35:05","slug":"12-oniki-kose-alternator-lokmasi","status":"publish","type":"product","link":"http:\/\/basakcilastik.com.tr\/?product=12-oniki-kose-alternator-lokmasi","title":{"rendered":"12 Oniki K\u00f6\u015fe Alternat\u00f6r Lokmas\u0131"},"content":{"rendered":"<ul>\n<li>Alternat\u00f6rde \u00a0bulunan di\u015fli kay\u0131\u015f kasna\u011f\u0131n\u0131n s\u00f6k\u00fcl\u00fcp tak\u0131lmas\u0131nda kullan\u0131l\u0131r.<\/li>\n<li>Parlak krom kapl\u0131 chrome vanadium g\u00f6vde.<\/li>\n<\/ul>\n<table width=\"100%\">\n<tbody>\n<tr>\n<td width=\"148\"><strong>\u00a0\u00dcr\u00fcn Kodu<\/strong><\/td>\n<td width=\"159\"><strong>\u00a0\u00d6l\u00e7\u00fc<\/strong><\/td>\n<td width=\"173\"><strong>\u00a0Paket \/ Koli<\/strong><\/td>\n<\/tr>\n<tr>\n<td width=\"148\">\u00a0RAL0M10<\/td>\n<td width=\"159\">\u00a0M10<\/td>\n<td width=\"173\">\u00a010 \/ 120 Adet<\/td>\n<\/tr>\n<\/tbody>\n<\/table>\n<p>&nbsp;<\/p>\n","protected":false},"excerpt":{"rendered":"<p>Alternat\u00f6rde \u00a0bulunan di\u015fli kay\u0131\u015f kasna\u011f\u0131n\u0131n s\u00f6k\u00fcl\u00fcp tak\u0131lmas\u0131nda kullan\u0131l\u0131r. Parlak krom kapl\u0131 chrome vanadium g\u00f6vde. \u00a0\u00dcr\u00fcn Kodu \u00a0\u00d6l\u00e7\u00fc \u00a0Paket \/ Koli \u00a0RAL0M10 \u00a0M10 \u00a010 \/ 120 Adet &nbsp;<\/p>\n","protected":false},"featured_media":22991,"comment_status":"open","ping_status":"closed","template":"","meta":[],"product_brand":[],"product_cat":[15,72,85,241],"product_tag":[],"class_list":{"0":"post-22988","1":"product","2":"type-product","3":"status-publish","4":"has-post-thumbnail","6":"product_cat-genel","7":"product_cat-hirdavat","8":"product_cat-otomotiv","9":"product_cat-otomotiv-yardimci-parcalar","11":"first","12":"instock","13":"shipping-taxable","14":"product-type-simple"},"_links":{"self":[{"href":"http:\/\/basakcilastik.com.tr\/index.php?rest_route=\/wp\/v2\/product\/22988","targetHints":{"allow":["GET"]}}],"collection":[{"href":"http:\/\/basakcilastik.com.tr\/index.php?rest_route=\/wp\/v2\/product"}],"about":[{"href":"http:\/\/basakcilastik.com.tr\/index.php?rest_route=\/wp\/v2\/types\/product"}],"replies":[{"embeddable":true,"href":"http:\/\/basakcilastik.com.tr\/index.php?rest_route=%2Fwp%2Fv2%2Fcomments&post=22988"}],"wp:featuredmedia":[{"embeddable":true,"href":"http:\/\/basakcilastik.com.tr\/index.php?rest_route=\/wp\/v2\/media\/22991"}],"wp:attachment":[{"href":"http:\/\/basakcilastik.com.tr\/index.php?rest_route=%2Fwp%2Fv2%2Fmedia&parent=22988"}],"wp:term":[{"taxonomy":"product_brand","embeddable":true,"href":"http:\/\/basakcilastik.com.tr\/index.php?rest_route=%2Fwp%2Fv2%2Fproduct_brand&post=22988"},{"taxonomy":"product_cat","embeddable":true,"href":"http:\/\/basakcilastik.com.tr\/index.php?rest_route=%2Fwp%2Fv2%2Fproduct_cat&post=22988"},{"taxonomy":"product_tag","embeddable":true,"href":"http:\/\/basakcilastik.com.tr\/index.php?rest_route=%2Fwp%2Fv2%2Fproduct_tag&post=22988"}],"curies":[{"name":"wp","href":"https:\/\/api.w.org\/{rel}","templated":true}]}}