{"id":22977,"date":"2020-08-22T12:30:57","date_gmt":"2020-08-22T12:30:57","guid":{"rendered":"https:\/\/basakcilastik.com.tr\/?post_type=product&#038;p=22977"},"modified":"2020-08-22T12:30:59","modified_gmt":"2020-08-22T12:30:59","slug":"008-rt4407-bits-sapli-mandren-kucuk-3-mm","status":"publish","type":"product","link":"http:\/\/basakcilastik.com.tr\/?product=008-rt4407-bits-sapli-mandren-kucuk-3-mm","title":{"rendered":"008-RT4407 B\u0130TS SAPLI MANDREN K\u00dc\u00c7\u00dcK 3 MM"},"content":{"rendered":"<p>008-RT4407 B\u0130TS SAPLI MANDREN K\u00dc\u00c7\u00dcK 3 MM<\/p>\n","protected":false},"excerpt":{"rendered":"<p>008-RT4407 B\u0130TS SAPLI MANDREN K\u00dc\u00c7\u00dcK 3 MM<\/p>\n","protected":false},"featured_media":22980,"comment_status":"open","ping_status":"closed","template":"","meta":[],"product_brand":[],"product_cat":[15,72,85,241],"product_tag":[],"class_list":{"0":"post-22977","1":"product","2":"type-product","3":"status-publish","4":"has-post-thumbnail","6":"product_cat-genel","7":"product_cat-hirdavat","8":"product_cat-otomotiv","9":"product_cat-otomotiv-yardimci-parcalar","11":"first","12":"instock","13":"shipping-taxable","14":"product-type-simple"},"_links":{"self":[{"href":"http:\/\/basakcilastik.com.tr\/index.php?rest_route=\/wp\/v2\/product\/22977","targetHints":{"allow":["GET"]}}],"collection":[{"href":"http:\/\/basakcilastik.com.tr\/index.php?rest_route=\/wp\/v2\/product"}],"about":[{"href":"http:\/\/basakcilastik.com.tr\/index.php?rest_route=\/wp\/v2\/types\/product"}],"replies":[{"embeddable":true,"href":"http:\/\/basakcilastik.com.tr\/index.php?rest_route=%2Fwp%2Fv2%2Fcomments&post=22977"}],"wp:featuredmedia":[{"embeddable":true,"href":"http:\/\/basakcilastik.com.tr\/index.php?rest_route=\/wp\/v2\/media\/22980"}],"wp:attachment":[{"href":"http:\/\/basakcilastik.com.tr\/index.php?rest_route=%2Fwp%2Fv2%2Fmedia&parent=22977"}],"wp:term":[{"taxonomy":"product_brand","embeddable":true,"href":"http:\/\/basakcilastik.com.tr\/index.php?rest_route=%2Fwp%2Fv2%2Fproduct_brand&post=22977"},{"taxonomy":"product_cat","embeddable":true,"href":"http:\/\/basakcilastik.com.tr\/index.php?rest_route=%2Fwp%2Fv2%2Fproduct_cat&post=22977"},{"taxonomy":"product_tag","embeddable":true,"href":"http:\/\/basakcilastik.com.tr\/index.php?rest_route=%2Fwp%2Fv2%2Fproduct_tag&post=22977"}],"curies":[{"name":"wp","href":"https:\/\/api.w.org\/{rel}","templated":true}]}}