{"id":22975,"date":"2020-08-22T12:30:16","date_gmt":"2020-08-22T12:30:16","guid":{"rendered":"https:\/\/basakcilastik.com.tr\/?post_type=product&#038;p=22975"},"modified":"2020-08-22T12:30:18","modified_gmt":"2020-08-22T12:30:18","slug":"008-rt4406-bits-sapli-mandren-buyuk-5-mm","status":"publish","type":"product","link":"http:\/\/basakcilastik.com.tr\/?product=008-rt4406-bits-sapli-mandren-buyuk-5-mm","title":{"rendered":"008-RT4406 B\u0130TS SAPLI MANDREN B\u00dcY\u00dcK 5 MM"},"content":{"rendered":"<p>008-RT4406 B\u0130TS SAPLI MANDREN B\u00dcY\u00dcK 5 MM<\/p>\n","protected":false},"excerpt":{"rendered":"<p>008-RT4406 B\u0130TS SAPLI MANDREN B\u00dcY\u00dcK 5 MM<\/p>\n","protected":false},"featured_media":22978,"comment_status":"open","ping_status":"closed","template":"","meta":[],"product_brand":[],"product_cat":[15,72,85,241],"product_tag":[],"class_list":{"0":"post-22975","1":"product","2":"type-product","3":"status-publish","4":"has-post-thumbnail","6":"product_cat-genel","7":"product_cat-hirdavat","8":"product_cat-otomotiv","9":"product_cat-otomotiv-yardimci-parcalar","11":"first","12":"instock","13":"shipping-taxable","14":"product-type-simple"},"_links":{"self":[{"href":"http:\/\/basakcilastik.com.tr\/index.php?rest_route=\/wp\/v2\/product\/22975","targetHints":{"allow":["GET"]}}],"collection":[{"href":"http:\/\/basakcilastik.com.tr\/index.php?rest_route=\/wp\/v2\/product"}],"about":[{"href":"http:\/\/basakcilastik.com.tr\/index.php?rest_route=\/wp\/v2\/types\/product"}],"replies":[{"embeddable":true,"href":"http:\/\/basakcilastik.com.tr\/index.php?rest_route=%2Fwp%2Fv2%2Fcomments&post=22975"}],"wp:featuredmedia":[{"embeddable":true,"href":"http:\/\/basakcilastik.com.tr\/index.php?rest_route=\/wp\/v2\/media\/22978"}],"wp:attachment":[{"href":"http:\/\/basakcilastik.com.tr\/index.php?rest_route=%2Fwp%2Fv2%2Fmedia&parent=22975"}],"wp:term":[{"taxonomy":"product_brand","embeddable":true,"href":"http:\/\/basakcilastik.com.tr\/index.php?rest_route=%2Fwp%2Fv2%2Fproduct_brand&post=22975"},{"taxonomy":"product_cat","embeddable":true,"href":"http:\/\/basakcilastik.com.tr\/index.php?rest_route=%2Fwp%2Fv2%2Fproduct_cat&post=22975"},{"taxonomy":"product_tag","embeddable":true,"href":"http:\/\/basakcilastik.com.tr\/index.php?rest_route=%2Fwp%2Fv2%2Fproduct_tag&post=22975"}],"curies":[{"name":"wp","href":"https:\/\/api.w.org\/{rel}","templated":true}]}}