{"id":22792,"date":"2020-08-22T10:47:08","date_gmt":"2020-08-22T10:47:08","guid":{"rendered":"https:\/\/basakcilastik.com.tr\/?post_type=product&#038;p=22792"},"modified":"2020-08-22T10:47:10","modified_gmt":"2020-08-22T10:47:10","slug":"022-rc4307-enjektor-sokme-aparati","status":"publish","type":"product","link":"http:\/\/basakcilastik.com.tr\/?product=022-rc4307-enjektor-sokme-aparati","title":{"rendered":"022-RC4307 ENJEKT\u00d6R S\u00d6KME APARATI"},"content":{"rendered":"<p>ENJEKT\u00d6R S\u00d6KME APARATI<\/p>\n<table width=\"540\">\n<thead>\n<tr>\n<td>Kod<\/td>\n<td>\u00dcr\u00fcn Ad\u0131<\/td>\n<td>Koli<\/td>\n<td>Paket<\/td>\n<\/tr>\n<\/thead>\n<tbody>\n<tr>\n<td>022-RC4307<\/td>\n<td>ENJEKT\u00d6R S\u00d6KME APARATI<\/td>\n<td>8<\/td>\n<td>1<\/td>\n<\/tr>\n<\/tbody>\n<\/table>\n<p>&nbsp;<\/p>\n","protected":false},"excerpt":{"rendered":"<p>ENJEKT\u00d6R S\u00d6KME APARATI Kod \u00dcr\u00fcn Ad\u0131 Koli Paket 022-RC4307 ENJEKT\u00d6R S\u00d6KME APARATI 8 1 &nbsp;<\/p>\n","protected":false},"featured_media":22795,"comment_status":"open","ping_status":"closed","template":"","meta":[],"product_brand":[],"product_cat":[15,72,85,240],"product_tag":[],"class_list":{"0":"post-22792","1":"product","2":"type-product","3":"status-publish","4":"has-post-thumbnail","6":"product_cat-genel","7":"product_cat-hirdavat","8":"product_cat-otomotiv","9":"product_cat-otomotiv-el-aletleri","11":"first","12":"instock","13":"shipping-taxable","14":"product-type-simple"},"_links":{"self":[{"href":"http:\/\/basakcilastik.com.tr\/index.php?rest_route=\/wp\/v2\/product\/22792","targetHints":{"allow":["GET"]}}],"collection":[{"href":"http:\/\/basakcilastik.com.tr\/index.php?rest_route=\/wp\/v2\/product"}],"about":[{"href":"http:\/\/basakcilastik.com.tr\/index.php?rest_route=\/wp\/v2\/types\/product"}],"replies":[{"embeddable":true,"href":"http:\/\/basakcilastik.com.tr\/index.php?rest_route=%2Fwp%2Fv2%2Fcomments&post=22792"}],"wp:featuredmedia":[{"embeddable":true,"href":"http:\/\/basakcilastik.com.tr\/index.php?rest_route=\/wp\/v2\/media\/22795"}],"wp:attachment":[{"href":"http:\/\/basakcilastik.com.tr\/index.php?rest_route=%2Fwp%2Fv2%2Fmedia&parent=22792"}],"wp:term":[{"taxonomy":"product_brand","embeddable":true,"href":"http:\/\/basakcilastik.com.tr\/index.php?rest_route=%2Fwp%2Fv2%2Fproduct_brand&post=22792"},{"taxonomy":"product_cat","embeddable":true,"href":"http:\/\/basakcilastik.com.tr\/index.php?rest_route=%2Fwp%2Fv2%2Fproduct_cat&post=22792"},{"taxonomy":"product_tag","embeddable":true,"href":"http:\/\/basakcilastik.com.tr\/index.php?rest_route=%2Fwp%2Fv2%2Fproduct_tag&post=22792"}],"curies":[{"name":"wp","href":"https:\/\/api.w.org\/{rel}","templated":true}]}}