{"id":22764,"date":"2020-08-22T10:20:25","date_gmt":"2020-08-22T10:20:25","guid":{"rendered":"https:\/\/basakcilastik.com.tr\/?post_type=product&#038;p=22764"},"modified":"2020-08-22T10:20:27","modified_gmt":"2020-08-22T10:20:27","slug":"013-rc0004-mazot-puskurtme-tabancasi","status":"publish","type":"product","link":"http:\/\/basakcilastik.com.tr\/?product=013-rc0004-mazot-puskurtme-tabancasi","title":{"rendered":"013-RC0004 MAZOT P\u00dcSK\u00dcRTME TABANCASI"},"content":{"rendered":"<p>013-RC0004 MAZOT P\u00dcSK\u00dcRTME TABANCASI<\/p>\n","protected":false},"excerpt":{"rendered":"<p>013-RC0004 MAZOT P\u00dcSK\u00dcRTME TABANCASI<\/p>\n","protected":false},"featured_media":22767,"comment_status":"open","ping_status":"closed","template":"","meta":[],"product_brand":[],"product_cat":[15,72,85,240],"product_tag":[],"class_list":{"0":"post-22764","1":"product","2":"type-product","3":"status-publish","4":"has-post-thumbnail","6":"product_cat-genel","7":"product_cat-hirdavat","8":"product_cat-otomotiv","9":"product_cat-otomotiv-el-aletleri","11":"first","12":"instock","13":"shipping-taxable","14":"product-type-simple"},"_links":{"self":[{"href":"http:\/\/basakcilastik.com.tr\/index.php?rest_route=\/wp\/v2\/product\/22764","targetHints":{"allow":["GET"]}}],"collection":[{"href":"http:\/\/basakcilastik.com.tr\/index.php?rest_route=\/wp\/v2\/product"}],"about":[{"href":"http:\/\/basakcilastik.com.tr\/index.php?rest_route=\/wp\/v2\/types\/product"}],"replies":[{"embeddable":true,"href":"http:\/\/basakcilastik.com.tr\/index.php?rest_route=%2Fwp%2Fv2%2Fcomments&post=22764"}],"wp:featuredmedia":[{"embeddable":true,"href":"http:\/\/basakcilastik.com.tr\/index.php?rest_route=\/wp\/v2\/media\/22767"}],"wp:attachment":[{"href":"http:\/\/basakcilastik.com.tr\/index.php?rest_route=%2Fwp%2Fv2%2Fmedia&parent=22764"}],"wp:term":[{"taxonomy":"product_brand","embeddable":true,"href":"http:\/\/basakcilastik.com.tr\/index.php?rest_route=%2Fwp%2Fv2%2Fproduct_brand&post=22764"},{"taxonomy":"product_cat","embeddable":true,"href":"http:\/\/basakcilastik.com.tr\/index.php?rest_route=%2Fwp%2Fv2%2Fproduct_cat&post=22764"},{"taxonomy":"product_tag","embeddable":true,"href":"http:\/\/basakcilastik.com.tr\/index.php?rest_route=%2Fwp%2Fv2%2Fproduct_tag&post=22764"}],"curies":[{"name":"wp","href":"https:\/\/api.w.org\/{rel}","templated":true}]}}