{"id":22738,"date":"2020-08-22T10:10:21","date_gmt":"2020-08-22T10:10:21","guid":{"rendered":"https:\/\/basakcilastik.com.tr\/?post_type=product&#038;p=22738"},"modified":"2020-08-22T10:10:22","modified_gmt":"2020-08-22T10:10:22","slug":"pressol-17786-portatif-gres-kovasi-8kg","status":"publish","type":"product","link":"http:\/\/basakcilastik.com.tr\/?product=pressol-17786-portatif-gres-kovasi-8kg","title":{"rendered":"PRESSOL 17786 Portatif Gres Kovas\u0131, 8kg"},"content":{"rendered":"<p>PRESSOL 17786 Portatif Gres Kovas\u0131, 8kg<\/p>\n<p>&nbsp;<\/p>\n<ul>\n<li>8kg hazneli, manuel i\u015fletimli, portatif gres kovas\u0131<br \/>\n\u25cf A\u00e7\u0131l\u0131 noz\u00fcl, M 10 x 1, 150 mm<br \/>\n\u25cf Portatif, dayan\u0131kl\u0131 tutacakl\u0131<br \/>\n\u25cf Ayak frenli<br \/>\n\u25cf Y\u00fcksek bas\u0131n\u00e7 dayan\u0131ml\u0131 gres hortumu, 11 x 1500 mm<br \/>\n\u25cf 4 \u00e7eneli hidrolik kupl\u00f6r, M 10 x 1<br \/>\n\u25cf Kesme valfi<br \/>\n\u25cf Ya\u011flara dayan\u0131kl\u0131 lake kaplamal\u0131<br \/>\n\u25cf Hazne kapasitesi: 8kg<br \/>\n\u25cf Hazne \u00e7ap\u0131: 145<br \/>\n\u25cf Hazne y\u00fcksekli\u011fi: 380<br \/>\n\u25cf NLGI 2&#8217;ye kadar ya\u011flama ya\u011flar\u0131 i\u00e7in uygundur<br \/>\n\u25cf Aktarma h\u0131z\u0131: 10cm\u00b3<br \/>\n\u25cf De\u015farj bas\u0131nc\u0131: 25bar<br \/>\n\u25cf Gres tedari\u011fi: el pompas\u0131 ile<br \/>\n\u25cf Dolum: manuel, demonte pompa kullanarak<br \/>\n\u25cf De\u015farj hortumu: y\u00fcksek bas\u0131n\u00e7 hortumu, 11 x 1500 mm<br \/>\n\u25cf Y\u00fczey kaplamas\u0131: t\u00fcm \u00e7elik y\u00fczeyler galvanize \u00e7elikten mamul<br \/>\n\u25cf Pompa ba\u015fl\u0131\u011f\u0131: darbelere dayan\u0131kl\u0131 pres d\u00f6k\u00fcm \u00e7inko<br \/>\n\u25cf Hazne ve kapak kaplamas\u0131: gri satine<br \/>\n\u25cf Boyutlar\u0131: 480 x 160 x 600mm<br \/>\n\u25cf Net a\u011f\u0131rl\u0131k: 4,9kg<\/li>\n<\/ul>\n<p><strong>A\u011f\u0131rl\u0131k(Kg)<\/strong><\/p>\n<p><strong>:<\/strong><\/p>\n<p>8<\/p>\n<p>&nbsp;<\/p>\n","protected":false},"excerpt":{"rendered":"<p>PRESSOL 17786 Portatif Gres Kovas\u0131, 8kg &nbsp; 8kg hazneli, manuel i\u015fletimli, portatif gres kovas\u0131 \u25cf A\u00e7\u0131l\u0131 noz\u00fcl, M 10 x 1, 150 mm \u25cf Portatif, dayan\u0131kl\u0131 tutacakl\u0131 \u25cf Ayak frenli \u25cf Y\u00fcksek bas\u0131n\u00e7 dayan\u0131ml\u0131 gres hortumu, 11 x 1500 mm \u25cf 4 \u00e7eneli hidrolik kupl\u00f6r, M 10 x 1 \u25cf Kesme valfi \u25cf Ya\u011flara dayan\u0131kl\u0131 lake kaplamal\u0131 \u25cf Hazne kapasitesi: [&hellip;]<\/p>\n","protected":false},"featured_media":22742,"comment_status":"open","ping_status":"closed","template":"","meta":[],"product_brand":[],"product_cat":[15,239,72,85],"product_tag":[],"class_list":{"0":"post-22738","1":"product","2":"type-product","3":"status-publish","4":"has-post-thumbnail","6":"product_cat-genel","7":"product_cat-gress-aksamlari","8":"product_cat-hirdavat","9":"product_cat-otomotiv","11":"first","12":"instock","13":"shipping-taxable","14":"product-type-simple"},"_links":{"self":[{"href":"http:\/\/basakcilastik.com.tr\/index.php?rest_route=\/wp\/v2\/product\/22738","targetHints":{"allow":["GET"]}}],"collection":[{"href":"http:\/\/basakcilastik.com.tr\/index.php?rest_route=\/wp\/v2\/product"}],"about":[{"href":"http:\/\/basakcilastik.com.tr\/index.php?rest_route=\/wp\/v2\/types\/product"}],"replies":[{"embeddable":true,"href":"http:\/\/basakcilastik.com.tr\/index.php?rest_route=%2Fwp%2Fv2%2Fcomments&post=22738"}],"wp:featuredmedia":[{"embeddable":true,"href":"http:\/\/basakcilastik.com.tr\/index.php?rest_route=\/wp\/v2\/media\/22742"}],"wp:attachment":[{"href":"http:\/\/basakcilastik.com.tr\/index.php?rest_route=%2Fwp%2Fv2%2Fmedia&parent=22738"}],"wp:term":[{"taxonomy":"product_brand","embeddable":true,"href":"http:\/\/basakcilastik.com.tr\/index.php?rest_route=%2Fwp%2Fv2%2Fproduct_brand&post=22738"},{"taxonomy":"product_cat","embeddable":true,"href":"http:\/\/basakcilastik.com.tr\/index.php?rest_route=%2Fwp%2Fv2%2Fproduct_cat&post=22738"},{"taxonomy":"product_tag","embeddable":true,"href":"http:\/\/basakcilastik.com.tr\/index.php?rest_route=%2Fwp%2Fv2%2Fproduct_tag&post=22738"}],"curies":[{"name":"wp","href":"https:\/\/api.w.org\/{rel}","templated":true}]}}