{"id":22736,"date":"2020-08-22T10:09:45","date_gmt":"2020-08-22T10:09:45","guid":{"rendered":"https:\/\/basakcilastik.com.tr\/?post_type=product&#038;p=22736"},"modified":"2020-08-22T10:09:47","modified_gmt":"2020-08-22T10:09:47","slug":"pressol-12634-gres-tabancasi","status":"publish","type":"product","link":"http:\/\/basakcilastik.com.tr\/?product=pressol-12634-gres-tabancasi","title":{"rendered":"PRESSOL 12634 Gres Tabancas\u0131"},"content":{"rendered":"<p>PRESSOL 12634 Gres Tabancas\u0131,<\/p>\n<p>M 10 x 1-GBDR-MU-VVP<\/p>\n<p>&nbsp;<\/p>\n<ul>\n<li>NLGI S\u0131n\u0131f 2 greslerle kullanmak i\u00e7in<br \/>\n\u25cf Kartu\u015fla uyumlu piston<br \/>\n\u25cf DIN 1283 standartlar\u0131na uygun<br \/>\n\u25cf Silindire tam uyumlu pompa pistonu<br \/>\n\u25cf 5000 kullan\u0131mdan sonra bile de\u011fi\u015fmez performans seviyesi<br \/>\n\u25cf Z 410 \u00e7inko gres pompa ba\u015fl\u0131\u011f\u0131<br \/>\n\u25cf Derin oyuklu lastik tucakla sa\u011flam kavrama<br \/>\n\u25cf Tulumba koluna ba\u011fl\u0131 g\u00fcvenli tutacak<br \/>\n\u25cf Tulumba kolu kelep\u00e7esi ile manual bas\u0131nc\u0131n gres k\u00fctlesine direk aktar\u0131m\u0131<br \/>\n\u25cf Optimum kald\u0131ra\u00e7 verimlili\u011fi sayesinde az bir kuvvetle ya\u011flama sa\u011flan\u0131r<br \/>\n\u25cf Gres tabancas\u0131 t\u00fcp\u00fcn\u00fcn yar\u0131m devir rotasyonu ile y\u00fcksek h\u0131zl\u0131 havaland\u0131rma sa\u011flan\u0131r.<br \/>\n\u25cf A\u00e7\u0131l\u0131 oluk a\u011fz\u0131 M10 x 1, 150mm<br \/>\n\u25cf 1 ba\u011flant\u0131 kolu, 4 a\u011f\u0131z, M10 x1<\/p>\n<p>Teknik \u00d6zellikler<br \/>\n\u25cf Bas\u0131n\u00e7 a\u011fz\u0131nda pompa ba\u011flant\u0131s\u0131: M 10 x 1<br \/>\n\u25cf Kapasite: 500 cm\u00b3<br \/>\n\u25cf Y\u00fckleme: 400 g kartu\u015f<br \/>\n\u25cf Y\u00fckleme: DIN 1284 a\u00e7\u0131k gres<br \/>\n\u25cf Piston \u00e7ap\u0131: 8 mm<br \/>\n\u25cf Gres pompas\u0131 aktivasyonu: manuel kald\u0131ra\u00e7<br \/>\n\u25cf Hacim\/vuru\u015f: 1,2 cm\u00b3, 400 bar<br \/>\n\u25cf \u00c7\u0131k\u0131\u015f bas\u0131nc\u0131: 400 bar<br \/>\n\u25cf Max. bas\u0131n\u00e7 (sistem): 850 bar<br \/>\n\u25cf Max. bas\u0131n\u00e7 (pompa ba\u015fl\u0131\u011f\u0131): 1200 bar<br \/>\n\u25cf Tulumba kolunun i\u015fletimi: L tutacak<br \/>\n\u25cf M\u00fch\u00fcrleme kapa\u011f\u0131: gev\u015fek<br \/>\n\u25cf Duvar kal\u0131nl\u0131\u011f\u0131: 1,0 mm<br \/>\n\u25cf Renk: g\u00fcm\u00fc\u015f<\/li>\n<\/ul>\n<p><strong>A\u011f\u0131rl\u0131k(Kg)<\/strong><\/p>\n<p><strong>:<\/strong><\/p>\n<p>1.4<\/p>\n<p>&nbsp;<\/p>\n","protected":false},"excerpt":{"rendered":"<p>PRESSOL 12634 Gres Tabancas\u0131, M 10 x 1-GBDR-MU-VVP &nbsp; NLGI S\u0131n\u0131f 2 greslerle kullanmak i\u00e7in \u25cf Kartu\u015fla uyumlu piston \u25cf DIN 1283 standartlar\u0131na uygun \u25cf Silindire tam uyumlu pompa pistonu \u25cf 5000 kullan\u0131mdan sonra bile de\u011fi\u015fmez performans seviyesi \u25cf Z 410 \u00e7inko gres pompa ba\u015fl\u0131\u011f\u0131 \u25cf Derin oyuklu lastik tucakla sa\u011flam kavrama \u25cf Tulumba koluna ba\u011fl\u0131 g\u00fcvenli tutacak \u25cf Tulumba [&hellip;]<\/p>\n","protected":false},"featured_media":22739,"comment_status":"open","ping_status":"closed","template":"","meta":[],"product_brand":[],"product_cat":[15,239,72,85],"product_tag":[],"class_list":{"0":"post-22736","1":"product","2":"type-product","3":"status-publish","4":"has-post-thumbnail","6":"product_cat-genel","7":"product_cat-gress-aksamlari","8":"product_cat-hirdavat","9":"product_cat-otomotiv","11":"first","12":"instock","13":"shipping-taxable","14":"product-type-simple"},"_links":{"self":[{"href":"http:\/\/basakcilastik.com.tr\/index.php?rest_route=\/wp\/v2\/product\/22736","targetHints":{"allow":["GET"]}}],"collection":[{"href":"http:\/\/basakcilastik.com.tr\/index.php?rest_route=\/wp\/v2\/product"}],"about":[{"href":"http:\/\/basakcilastik.com.tr\/index.php?rest_route=\/wp\/v2\/types\/product"}],"replies":[{"embeddable":true,"href":"http:\/\/basakcilastik.com.tr\/index.php?rest_route=%2Fwp%2Fv2%2Fcomments&post=22736"}],"wp:featuredmedia":[{"embeddable":true,"href":"http:\/\/basakcilastik.com.tr\/index.php?rest_route=\/wp\/v2\/media\/22739"}],"wp:attachment":[{"href":"http:\/\/basakcilastik.com.tr\/index.php?rest_route=%2Fwp%2Fv2%2Fmedia&parent=22736"}],"wp:term":[{"taxonomy":"product_brand","embeddable":true,"href":"http:\/\/basakcilastik.com.tr\/index.php?rest_route=%2Fwp%2Fv2%2Fproduct_brand&post=22736"},{"taxonomy":"product_cat","embeddable":true,"href":"http:\/\/basakcilastik.com.tr\/index.php?rest_route=%2Fwp%2Fv2%2Fproduct_cat&post=22736"},{"taxonomy":"product_tag","embeddable":true,"href":"http:\/\/basakcilastik.com.tr\/index.php?rest_route=%2Fwp%2Fv2%2Fproduct_tag&post=22736"}],"curies":[{"name":"wp","href":"https:\/\/api.w.org\/{rel}","templated":true}]}}