{"id":22726,"date":"2020-08-22T10:06:10","date_gmt":"2020-08-22T10:06:10","guid":{"rendered":"https:\/\/basakcilastik.com.tr\/?post_type=product&#038;p=22726"},"modified":"2020-08-22T10:06:12","modified_gmt":"2020-08-22T10:06:12","slug":"gres-pompasi-hortumu","status":"publish","type":"product","link":"http:\/\/basakcilastik.com.tr\/?product=gres-pompasi-hortumu","title":{"rendered":"Gres Pompas\u0131 Hortumu"},"content":{"rendered":"<p><strong>\u00dcr\u00fcn Teknik Bilgileri<\/strong><\/p>\n<table width=\"100%\">\n<tbody>\n<tr>\n<td><strong>A\u00e7\u0131klama<\/strong><\/td>\n<td><strong>Koli<\/strong><\/td>\n<\/tr>\n<tr>\n<td width=\"50%\"><strong>Pressol Gres Pompa Hortumu 8*300mm<\/strong><\/td>\n<td width=\"50%\"><strong>Kutu: 25 ADE<\/strong><\/td>\n<\/tr>\n<\/tbody>\n<\/table>\n<p>&nbsp;<\/p>\n","protected":false},"excerpt":{"rendered":"<p>\u00dcr\u00fcn Teknik Bilgileri A\u00e7\u0131klama Koli Pressol Gres Pompa Hortumu 8*300mm Kutu: 25 ADE &nbsp;<\/p>\n","protected":false},"featured_media":22729,"comment_status":"open","ping_status":"closed","template":"","meta":[],"product_brand":[],"product_cat":[15,239,72,85],"product_tag":[],"class_list":{"0":"post-22726","1":"product","2":"type-product","3":"status-publish","4":"has-post-thumbnail","6":"product_cat-genel","7":"product_cat-gress-aksamlari","8":"product_cat-hirdavat","9":"product_cat-otomotiv","11":"first","12":"instock","13":"shipping-taxable","14":"product-type-simple"},"_links":{"self":[{"href":"http:\/\/basakcilastik.com.tr\/index.php?rest_route=\/wp\/v2\/product\/22726","targetHints":{"allow":["GET"]}}],"collection":[{"href":"http:\/\/basakcilastik.com.tr\/index.php?rest_route=\/wp\/v2\/product"}],"about":[{"href":"http:\/\/basakcilastik.com.tr\/index.php?rest_route=\/wp\/v2\/types\/product"}],"replies":[{"embeddable":true,"href":"http:\/\/basakcilastik.com.tr\/index.php?rest_route=%2Fwp%2Fv2%2Fcomments&post=22726"}],"wp:featuredmedia":[{"embeddable":true,"href":"http:\/\/basakcilastik.com.tr\/index.php?rest_route=\/wp\/v2\/media\/22729"}],"wp:attachment":[{"href":"http:\/\/basakcilastik.com.tr\/index.php?rest_route=%2Fwp%2Fv2%2Fmedia&parent=22726"}],"wp:term":[{"taxonomy":"product_brand","embeddable":true,"href":"http:\/\/basakcilastik.com.tr\/index.php?rest_route=%2Fwp%2Fv2%2Fproduct_brand&post=22726"},{"taxonomy":"product_cat","embeddable":true,"href":"http:\/\/basakcilastik.com.tr\/index.php?rest_route=%2Fwp%2Fv2%2Fproduct_cat&post=22726"},{"taxonomy":"product_tag","embeddable":true,"href":"http:\/\/basakcilastik.com.tr\/index.php?rest_route=%2Fwp%2Fv2%2Fproduct_tag&post=22726"}],"curies":[{"name":"wp","href":"https:\/\/api.w.org\/{rel}","templated":true}]}}