{"id":22718,"date":"2020-08-22T10:03:18","date_gmt":"2020-08-22T10:03:18","guid":{"rendered":"https:\/\/basakcilastik.com.tr\/?post_type=product&#038;p=22718"},"modified":"2020-08-22T10:03:19","modified_gmt":"2020-08-22T10:03:19","slug":"el-tipi-yuksek-basincli-gres-pompasi-500cc","status":"publish","type":"product","link":"http:\/\/basakcilastik.com.tr\/?product=el-tipi-yuksek-basincli-gres-pompasi-500cc","title":{"rendered":"El Tipi Y\u00fcksek Bas\u0131n\u00e7l\u0131 Gres Pompas\u0131 500cc"},"content":{"rendered":"<p>El Tipi Y\u00fcksek Bas\u0131n\u00e7l\u0131 Gres Pompas\u0131 500cc<\/p>\n","protected":false},"excerpt":{"rendered":"<p>El Tipi Y\u00fcksek Bas\u0131n\u00e7l\u0131 Gres Pompas\u0131 500cc<\/p>\n","protected":false},"featured_media":22721,"comment_status":"open","ping_status":"closed","template":"","meta":[],"product_brand":[],"product_cat":[15,239,72,85],"product_tag":[],"class_list":{"0":"post-22718","1":"product","2":"type-product","3":"status-publish","4":"has-post-thumbnail","6":"product_cat-genel","7":"product_cat-gress-aksamlari","8":"product_cat-hirdavat","9":"product_cat-otomotiv","11":"first","12":"instock","13":"shipping-taxable","14":"product-type-simple"},"_links":{"self":[{"href":"http:\/\/basakcilastik.com.tr\/index.php?rest_route=\/wp\/v2\/product\/22718","targetHints":{"allow":["GET"]}}],"collection":[{"href":"http:\/\/basakcilastik.com.tr\/index.php?rest_route=\/wp\/v2\/product"}],"about":[{"href":"http:\/\/basakcilastik.com.tr\/index.php?rest_route=\/wp\/v2\/types\/product"}],"replies":[{"embeddable":true,"href":"http:\/\/basakcilastik.com.tr\/index.php?rest_route=%2Fwp%2Fv2%2Fcomments&post=22718"}],"wp:featuredmedia":[{"embeddable":true,"href":"http:\/\/basakcilastik.com.tr\/index.php?rest_route=\/wp\/v2\/media\/22721"}],"wp:attachment":[{"href":"http:\/\/basakcilastik.com.tr\/index.php?rest_route=%2Fwp%2Fv2%2Fmedia&parent=22718"}],"wp:term":[{"taxonomy":"product_brand","embeddable":true,"href":"http:\/\/basakcilastik.com.tr\/index.php?rest_route=%2Fwp%2Fv2%2Fproduct_brand&post=22718"},{"taxonomy":"product_cat","embeddable":true,"href":"http:\/\/basakcilastik.com.tr\/index.php?rest_route=%2Fwp%2Fv2%2Fproduct_cat&post=22718"},{"taxonomy":"product_tag","embeddable":true,"href":"http:\/\/basakcilastik.com.tr\/index.php?rest_route=%2Fwp%2Fv2%2Fproduct_tag&post=22718"}],"curies":[{"name":"wp","href":"https:\/\/api.w.org\/{rel}","templated":true}]}}