{"id":22463,"date":"2020-08-20T15:51:23","date_gmt":"2020-08-20T15:51:23","guid":{"rendered":"https:\/\/basakcilastik.com.tr\/?post_type=product&#038;p=22463"},"modified":"2020-08-20T15:51:25","modified_gmt":"2020-08-20T15:51:25","slug":"220-iki-ve-uc-ayak-vurmali-cektirme","status":"publish","type":"product","link":"http:\/\/basakcilastik.com.tr\/?product=220-iki-ve-uc-ayak-vurmali-cektirme","title":{"rendered":"220 \u0130K\u0130 VE \u00dc\u00c7 AYAK VURMALI \u00c7EKT\u0130RME"},"content":{"rendered":"<p>220 \u0130K\u0130 VE \u00dc\u00c7 AYAK VURMALI \u00c7EKT\u0130RME<\/p>\n","protected":false},"excerpt":{"rendered":"<p>220 \u0130K\u0130 VE \u00dc\u00c7 AYAK VURMALI \u00c7EKT\u0130RME<\/p>\n","protected":false},"featured_media":22464,"comment_status":"open","ping_status":"closed","template":"","meta":[],"product_brand":[],"product_cat":[15,238,72,85],"product_tag":[],"class_list":{"0":"post-22463","1":"product","2":"type-product","3":"status-publish","4":"has-post-thumbnail","6":"product_cat-genel","7":"product_cat-cektirmeler","8":"product_cat-hirdavat","9":"product_cat-otomotiv","11":"first","12":"instock","13":"shipping-taxable","14":"product-type-simple"},"_links":{"self":[{"href":"http:\/\/basakcilastik.com.tr\/index.php?rest_route=\/wp\/v2\/product\/22463","targetHints":{"allow":["GET"]}}],"collection":[{"href":"http:\/\/basakcilastik.com.tr\/index.php?rest_route=\/wp\/v2\/product"}],"about":[{"href":"http:\/\/basakcilastik.com.tr\/index.php?rest_route=\/wp\/v2\/types\/product"}],"replies":[{"embeddable":true,"href":"http:\/\/basakcilastik.com.tr\/index.php?rest_route=%2Fwp%2Fv2%2Fcomments&post=22463"}],"wp:featuredmedia":[{"embeddable":true,"href":"http:\/\/basakcilastik.com.tr\/index.php?rest_route=\/wp\/v2\/media\/22464"}],"wp:attachment":[{"href":"http:\/\/basakcilastik.com.tr\/index.php?rest_route=%2Fwp%2Fv2%2Fmedia&parent=22463"}],"wp:term":[{"taxonomy":"product_brand","embeddable":true,"href":"http:\/\/basakcilastik.com.tr\/index.php?rest_route=%2Fwp%2Fv2%2Fproduct_brand&post=22463"},{"taxonomy":"product_cat","embeddable":true,"href":"http:\/\/basakcilastik.com.tr\/index.php?rest_route=%2Fwp%2Fv2%2Fproduct_cat&post=22463"},{"taxonomy":"product_tag","embeddable":true,"href":"http:\/\/basakcilastik.com.tr\/index.php?rest_route=%2Fwp%2Fv2%2Fproduct_tag&post=22463"}],"curies":[{"name":"wp","href":"https:\/\/api.w.org\/{rel}","templated":true}]}}