{"id":22451,"date":"2020-08-20T15:46:13","date_gmt":"2020-08-20T15:46:13","guid":{"rendered":"https:\/\/basakcilastik.com.tr\/?post_type=product&#038;p=22451"},"modified":"2020-08-20T15:46:16","modified_gmt":"2020-08-20T15:46:16","slug":"30-20-t-genel-amacli-cektirme-takimi","status":"publish","type":"product","link":"http:\/\/basakcilastik.com.tr\/?product=30-20-t-genel-amacli-cektirme-takimi","title":{"rendered":"30-20-T GENEL AMA\u00c7LI \u00c7EKT\u0130RME TAKIMI"},"content":{"rendered":"<p>30-20-T GENEL AMA\u00c7LI \u00c7EKT\u0130RME TAKIMI<\/p>\n","protected":false},"excerpt":{"rendered":"<p>30-20-T GENEL AMA\u00c7LI \u00c7EKT\u0130RME TAKIMI<\/p>\n","protected":false},"featured_media":22454,"comment_status":"open","ping_status":"closed","template":"","meta":[],"product_brand":[],"product_cat":[15,238,72,85],"product_tag":[],"class_list":{"0":"post-22451","1":"product","2":"type-product","3":"status-publish","4":"has-post-thumbnail","6":"product_cat-genel","7":"product_cat-cektirmeler","8":"product_cat-hirdavat","9":"product_cat-otomotiv","11":"first","12":"instock","13":"shipping-taxable","14":"product-type-simple"},"_links":{"self":[{"href":"http:\/\/basakcilastik.com.tr\/index.php?rest_route=\/wp\/v2\/product\/22451","targetHints":{"allow":["GET"]}}],"collection":[{"href":"http:\/\/basakcilastik.com.tr\/index.php?rest_route=\/wp\/v2\/product"}],"about":[{"href":"http:\/\/basakcilastik.com.tr\/index.php?rest_route=\/wp\/v2\/types\/product"}],"replies":[{"embeddable":true,"href":"http:\/\/basakcilastik.com.tr\/index.php?rest_route=%2Fwp%2Fv2%2Fcomments&post=22451"}],"wp:featuredmedia":[{"embeddable":true,"href":"http:\/\/basakcilastik.com.tr\/index.php?rest_route=\/wp\/v2\/media\/22454"}],"wp:attachment":[{"href":"http:\/\/basakcilastik.com.tr\/index.php?rest_route=%2Fwp%2Fv2%2Fmedia&parent=22451"}],"wp:term":[{"taxonomy":"product_brand","embeddable":true,"href":"http:\/\/basakcilastik.com.tr\/index.php?rest_route=%2Fwp%2Fv2%2Fproduct_brand&post=22451"},{"taxonomy":"product_cat","embeddable":true,"href":"http:\/\/basakcilastik.com.tr\/index.php?rest_route=%2Fwp%2Fv2%2Fproduct_cat&post=22451"},{"taxonomy":"product_tag","embeddable":true,"href":"http:\/\/basakcilastik.com.tr\/index.php?rest_route=%2Fwp%2Fv2%2Fproduct_tag&post=22451"}],"curies":[{"name":"wp","href":"https:\/\/api.w.org\/{rel}","templated":true}]}}