{"id":22441,"date":"2020-08-20T15:41:33","date_gmt":"2020-08-20T15:41:33","guid":{"rendered":"https:\/\/basakcilastik.com.tr\/?post_type=product&#038;p=22441"},"modified":"2020-08-20T15:41:35","modified_gmt":"2020-08-20T15:41:35","slug":"14-1-14-2-14-3-iki-ayak-cektirme","status":"publish","type":"product","link":"http:\/\/basakcilastik.com.tr\/?product=14-1-14-2-14-3-iki-ayak-cektirme","title":{"rendered":"14-1 14-2 14-3 \u0130K\u0130 AYAK \u00c7EKT\u0130RME"},"content":{"rendered":"<p>14-1 14-2 14-3 \u0130K\u0130 AYAK \u00c7EKT\u0130RME<\/p>\n","protected":false},"excerpt":{"rendered":"<p>14-1 14-2 14-3 \u0130K\u0130 AYAK \u00c7EKT\u0130RME<\/p>\n","protected":false},"featured_media":22444,"comment_status":"open","ping_status":"closed","template":"","meta":[],"product_brand":[],"product_cat":[15,238,72,85],"product_tag":[],"class_list":{"0":"post-22441","1":"product","2":"type-product","3":"status-publish","4":"has-post-thumbnail","6":"product_cat-genel","7":"product_cat-cektirmeler","8":"product_cat-hirdavat","9":"product_cat-otomotiv","11":"first","12":"instock","13":"shipping-taxable","14":"product-type-simple"},"_links":{"self":[{"href":"http:\/\/basakcilastik.com.tr\/index.php?rest_route=\/wp\/v2\/product\/22441","targetHints":{"allow":["GET"]}}],"collection":[{"href":"http:\/\/basakcilastik.com.tr\/index.php?rest_route=\/wp\/v2\/product"}],"about":[{"href":"http:\/\/basakcilastik.com.tr\/index.php?rest_route=\/wp\/v2\/types\/product"}],"replies":[{"embeddable":true,"href":"http:\/\/basakcilastik.com.tr\/index.php?rest_route=%2Fwp%2Fv2%2Fcomments&post=22441"}],"wp:featuredmedia":[{"embeddable":true,"href":"http:\/\/basakcilastik.com.tr\/index.php?rest_route=\/wp\/v2\/media\/22444"}],"wp:attachment":[{"href":"http:\/\/basakcilastik.com.tr\/index.php?rest_route=%2Fwp%2Fv2%2Fmedia&parent=22441"}],"wp:term":[{"taxonomy":"product_brand","embeddable":true,"href":"http:\/\/basakcilastik.com.tr\/index.php?rest_route=%2Fwp%2Fv2%2Fproduct_brand&post=22441"},{"taxonomy":"product_cat","embeddable":true,"href":"http:\/\/basakcilastik.com.tr\/index.php?rest_route=%2Fwp%2Fv2%2Fproduct_cat&post=22441"},{"taxonomy":"product_tag","embeddable":true,"href":"http:\/\/basakcilastik.com.tr\/index.php?rest_route=%2Fwp%2Fv2%2Fproduct_tag&post=22441"}],"curies":[{"name":"wp","href":"https:\/\/api.w.org\/{rel}","templated":true}]}}