{"id":22440,"date":"2020-08-20T15:40:02","date_gmt":"2020-08-20T15:40:02","guid":{"rendered":"https:\/\/basakcilastik.com.tr\/?post_type=product&#038;p=22440"},"modified":"2020-08-20T15:40:04","modified_gmt":"2020-08-20T15:40:04","slug":"013-rc3007-kurt-agzi-lamali","status":"publish","type":"product","link":"http:\/\/basakcilastik.com.tr\/?product=013-rc3007-kurt-agzi-lamali","title":{"rendered":"013-RC3007 Kurt A\u011fz\u0131 Lamal\u0131"},"content":{"rendered":"<p>013-RC3007 Kurt A\u011fz\u0131 Lamal\u0131<\/p>\n","protected":false},"excerpt":{"rendered":"<p>013-RC3007 Kurt A\u011fz\u0131 Lamal\u0131<\/p>\n","protected":false},"featured_media":22442,"comment_status":"open","ping_status":"closed","template":"","meta":[],"product_brand":[],"product_cat":[15,238,72,85],"product_tag":[],"class_list":{"0":"post-22440","1":"product","2":"type-product","3":"status-publish","4":"has-post-thumbnail","6":"product_cat-genel","7":"product_cat-cektirmeler","8":"product_cat-hirdavat","9":"product_cat-otomotiv","11":"first","12":"instock","13":"shipping-taxable","14":"product-type-simple"},"_links":{"self":[{"href":"http:\/\/basakcilastik.com.tr\/index.php?rest_route=\/wp\/v2\/product\/22440","targetHints":{"allow":["GET"]}}],"collection":[{"href":"http:\/\/basakcilastik.com.tr\/index.php?rest_route=\/wp\/v2\/product"}],"about":[{"href":"http:\/\/basakcilastik.com.tr\/index.php?rest_route=\/wp\/v2\/types\/product"}],"replies":[{"embeddable":true,"href":"http:\/\/basakcilastik.com.tr\/index.php?rest_route=%2Fwp%2Fv2%2Fcomments&post=22440"}],"wp:featuredmedia":[{"embeddable":true,"href":"http:\/\/basakcilastik.com.tr\/index.php?rest_route=\/wp\/v2\/media\/22442"}],"wp:attachment":[{"href":"http:\/\/basakcilastik.com.tr\/index.php?rest_route=%2Fwp%2Fv2%2Fmedia&parent=22440"}],"wp:term":[{"taxonomy":"product_brand","embeddable":true,"href":"http:\/\/basakcilastik.com.tr\/index.php?rest_route=%2Fwp%2Fv2%2Fproduct_brand&post=22440"},{"taxonomy":"product_cat","embeddable":true,"href":"http:\/\/basakcilastik.com.tr\/index.php?rest_route=%2Fwp%2Fv2%2Fproduct_cat&post=22440"},{"taxonomy":"product_tag","embeddable":true,"href":"http:\/\/basakcilastik.com.tr\/index.php?rest_route=%2Fwp%2Fv2%2Fproduct_tag&post=22440"}],"curies":[{"name":"wp","href":"https:\/\/api.w.org\/{rel}","templated":true}]}}