{"id":22371,"date":"2020-08-20T14:31:31","date_gmt":"2020-08-20T14:31:31","guid":{"rendered":"https:\/\/basakcilastik.com.tr\/?post_type=product&#038;p=22371"},"modified":"2020-08-20T14:31:33","modified_gmt":"2020-08-20T14:31:33","slug":"1-06-st-cektirme-seti-teshir-standi-ile-birlikte","status":"publish","type":"product","link":"http:\/\/basakcilastik.com.tr\/?product=1-06-st-cektirme-seti-teshir-standi-ile-birlikte","title":{"rendered":"1.06-ST \u00c7ektirme Seti (Te\u015fhir Stand\u0131 ile Birlikte)"},"content":{"rendered":"<p>1.06-ST \u00c7ektirme Seti (Te\u015fhir Stand\u0131 ile Birlikte)<\/p>\n","protected":false},"excerpt":{"rendered":"<p>1.06-ST \u00c7ektirme Seti (Te\u015fhir Stand\u0131 ile Birlikte)<\/p>\n","protected":false},"featured_media":22374,"comment_status":"open","ping_status":"closed","template":"","meta":[],"product_brand":[],"product_cat":[15,238,72,85],"product_tag":[],"class_list":{"0":"post-22371","1":"product","2":"type-product","3":"status-publish","4":"has-post-thumbnail","6":"product_cat-genel","7":"product_cat-cektirmeler","8":"product_cat-hirdavat","9":"product_cat-otomotiv","11":"first","12":"instock","13":"shipping-taxable","14":"product-type-simple"},"_links":{"self":[{"href":"http:\/\/basakcilastik.com.tr\/index.php?rest_route=\/wp\/v2\/product\/22371","targetHints":{"allow":["GET"]}}],"collection":[{"href":"http:\/\/basakcilastik.com.tr\/index.php?rest_route=\/wp\/v2\/product"}],"about":[{"href":"http:\/\/basakcilastik.com.tr\/index.php?rest_route=\/wp\/v2\/types\/product"}],"replies":[{"embeddable":true,"href":"http:\/\/basakcilastik.com.tr\/index.php?rest_route=%2Fwp%2Fv2%2Fcomments&post=22371"}],"wp:featuredmedia":[{"embeddable":true,"href":"http:\/\/basakcilastik.com.tr\/index.php?rest_route=\/wp\/v2\/media\/22374"}],"wp:attachment":[{"href":"http:\/\/basakcilastik.com.tr\/index.php?rest_route=%2Fwp%2Fv2%2Fmedia&parent=22371"}],"wp:term":[{"taxonomy":"product_brand","embeddable":true,"href":"http:\/\/basakcilastik.com.tr\/index.php?rest_route=%2Fwp%2Fv2%2Fproduct_brand&post=22371"},{"taxonomy":"product_cat","embeddable":true,"href":"http:\/\/basakcilastik.com.tr\/index.php?rest_route=%2Fwp%2Fv2%2Fproduct_cat&post=22371"},{"taxonomy":"product_tag","embeddable":true,"href":"http:\/\/basakcilastik.com.tr\/index.php?rest_route=%2Fwp%2Fv2%2Fproduct_tag&post=22371"}],"curies":[{"name":"wp","href":"https:\/\/api.w.org\/{rel}","templated":true}]}}