{"id":22369,"date":"2020-08-20T14:30:21","date_gmt":"2020-08-20T14:30:21","guid":{"rendered":"https:\/\/basakcilastik.com.tr\/?post_type=product&#038;p=22369"},"modified":"2020-08-20T14:30:23","modified_gmt":"2020-08-20T14:30:23","slug":"1-06-h-cektirme-hidrolik-calisma-aletleri-1-50-icin","status":"publish","type":"product","link":"http:\/\/basakcilastik.com.tr\/?product=1-06-h-cektirme-hidrolik-calisma-aletleri-1-50-icin","title":{"rendered":"1.06-H \u00c7ektirme Hidrolik \u00c7al\u0131\u015fma Aletleri 1.50 i\u00e7in"},"content":{"rendered":"<p>1.06-H \u00c7ektirme Hidrolik \u00c7al\u0131\u015fma Aletleri 1.50 i\u00e7in<\/p>\n","protected":false},"excerpt":{"rendered":"<p>1.06-H \u00c7ektirme Hidrolik \u00c7al\u0131\u015fma Aletleri 1.50 i\u00e7in<\/p>\n","protected":false},"featured_media":22372,"comment_status":"open","ping_status":"closed","template":"","meta":[],"product_brand":[],"product_cat":[15,238,72,85],"product_tag":[],"class_list":{"0":"post-22369","1":"product","2":"type-product","3":"status-publish","4":"has-post-thumbnail","6":"product_cat-genel","7":"product_cat-cektirmeler","8":"product_cat-hirdavat","9":"product_cat-otomotiv","11":"first","12":"instock","13":"shipping-taxable","14":"product-type-simple"},"_links":{"self":[{"href":"http:\/\/basakcilastik.com.tr\/index.php?rest_route=\/wp\/v2\/product\/22369","targetHints":{"allow":["GET"]}}],"collection":[{"href":"http:\/\/basakcilastik.com.tr\/index.php?rest_route=\/wp\/v2\/product"}],"about":[{"href":"http:\/\/basakcilastik.com.tr\/index.php?rest_route=\/wp\/v2\/types\/product"}],"replies":[{"embeddable":true,"href":"http:\/\/basakcilastik.com.tr\/index.php?rest_route=%2Fwp%2Fv2%2Fcomments&post=22369"}],"wp:featuredmedia":[{"embeddable":true,"href":"http:\/\/basakcilastik.com.tr\/index.php?rest_route=\/wp\/v2\/media\/22372"}],"wp:attachment":[{"href":"http:\/\/basakcilastik.com.tr\/index.php?rest_route=%2Fwp%2Fv2%2Fmedia&parent=22369"}],"wp:term":[{"taxonomy":"product_brand","embeddable":true,"href":"http:\/\/basakcilastik.com.tr\/index.php?rest_route=%2Fwp%2Fv2%2Fproduct_brand&post=22369"},{"taxonomy":"product_cat","embeddable":true,"href":"http:\/\/basakcilastik.com.tr\/index.php?rest_route=%2Fwp%2Fv2%2Fproduct_cat&post=22369"},{"taxonomy":"product_tag","embeddable":true,"href":"http:\/\/basakcilastik.com.tr\/index.php?rest_route=%2Fwp%2Fv2%2Fproduct_tag&post=22369"}],"curies":[{"name":"wp","href":"https:\/\/api.w.org\/{rel}","templated":true}]}}