{"id":22357,"date":"2020-08-20T14:23:55","date_gmt":"2020-08-20T14:23:55","guid":{"rendered":"https:\/\/basakcilastik.com.tr\/?post_type=product&#038;p=22357"},"modified":"2020-08-20T14:23:56","modified_gmt":"2020-08-20T14:23:56","slug":"wert-2534-demir-testeresi-30cm","status":"publish","type":"product","link":"http:\/\/basakcilastik.com.tr\/?product=wert-2534-demir-testeresi-30cm","title":{"rendered":"WERT 2534 Demir Testeresi (30cm)"},"content":{"rendered":"<p>WERT 2534 Demir Testeresi (30cm)<\/p>\n<p>Epoksi kapl\u0131 \u00e7elik lama profilli<br \/>\n\u25cf Testere uzunlu\u011fu: 300mm<br \/>\n\u25cf Ergonomik ah\u015fap sapl\u0131<\/p>\n<p><strong>A\u011f\u0131rl\u0131k(Kg)<\/strong><\/p>\n<p><strong>:<\/strong><\/p>\n<p>0.66<\/p>\n<p>&nbsp;<\/p>\n","protected":false},"excerpt":{"rendered":"<p>WERT 2534 Demir Testeresi (30cm) Epoksi kapl\u0131 \u00e7elik lama profilli \u25cf Testere uzunlu\u011fu: 300mm \u25cf Ergonomik ah\u015fap sapl\u0131 A\u011f\u0131rl\u0131k(Kg) : 0.66 &nbsp;<\/p>\n","protected":false},"featured_media":22361,"comment_status":"open","ping_status":"closed","template":"","meta":[],"product_brand":[],"product_cat":[15,72,84,237],"product_tag":[],"class_list":{"0":"post-22357","1":"product","2":"type-product","3":"status-publish","4":"has-post-thumbnail","6":"product_cat-genel","7":"product_cat-hirdavat","8":"product_cat-mengeneler-ve-iskenceler","9":"product_cat-testereler-mengeneler-ve-iskenceler","11":"first","12":"instock","13":"shipping-taxable","14":"product-type-simple"},"_links":{"self":[{"href":"http:\/\/basakcilastik.com.tr\/index.php?rest_route=\/wp\/v2\/product\/22357","targetHints":{"allow":["GET"]}}],"collection":[{"href":"http:\/\/basakcilastik.com.tr\/index.php?rest_route=\/wp\/v2\/product"}],"about":[{"href":"http:\/\/basakcilastik.com.tr\/index.php?rest_route=\/wp\/v2\/types\/product"}],"replies":[{"embeddable":true,"href":"http:\/\/basakcilastik.com.tr\/index.php?rest_route=%2Fwp%2Fv2%2Fcomments&post=22357"}],"wp:featuredmedia":[{"embeddable":true,"href":"http:\/\/basakcilastik.com.tr\/index.php?rest_route=\/wp\/v2\/media\/22361"}],"wp:attachment":[{"href":"http:\/\/basakcilastik.com.tr\/index.php?rest_route=%2Fwp%2Fv2%2Fmedia&parent=22357"}],"wp:term":[{"taxonomy":"product_brand","embeddable":true,"href":"http:\/\/basakcilastik.com.tr\/index.php?rest_route=%2Fwp%2Fv2%2Fproduct_brand&post=22357"},{"taxonomy":"product_cat","embeddable":true,"href":"http:\/\/basakcilastik.com.tr\/index.php?rest_route=%2Fwp%2Fv2%2Fproduct_cat&post=22357"},{"taxonomy":"product_tag","embeddable":true,"href":"http:\/\/basakcilastik.com.tr\/index.php?rest_route=%2Fwp%2Fv2%2Fproduct_tag&post=22357"}],"curies":[{"name":"wp","href":"https:\/\/api.w.org\/{rel}","templated":true}]}}