{"id":22279,"date":"2020-08-20T11:20:37","date_gmt":"2020-08-20T11:20:37","guid":{"rendered":"https:\/\/basakcilastik.com.tr\/?post_type=product&#038;p=22279"},"modified":"2020-08-20T11:20:38","modified_gmt":"2020-08-20T11:20:38","slug":"mannesmann-340-demir-testeresi-300mm","status":"publish","type":"product","link":"http:\/\/basakcilastik.com.tr\/?product=mannesmann-340-demir-testeresi-300mm","title":{"rendered":"Mannesmann 340 Demir Testeresi, 300mm"},"content":{"rendered":"<p>Mannesmann 340 Demir Testeresi, 300mm<\/p>\n<p>&nbsp;<\/p>\n<ul>\n<li>Ayarlanabilir d\u00f6rt farkl\u0131 testere pozisyonu<br \/>\n\u25cf Dayan\u0131kl\u0131 dolu dikd\u00f6rtgen profil,<br \/>\n\u25cf Darbelere dayan\u0131kl\u0131 plastik sap<br \/>\n\u25cf Testere b\u0131\u00e7a\u011f\u0131: 300mm\/12&#8242;<\/li>\n<\/ul>\n<p><strong>A\u011f\u0131rl\u0131k(Kg)<\/strong><\/p>\n<p><strong>:<\/strong><\/p>\n<p>0.85<\/p>\n<p>&nbsp;<\/p>\n","protected":false},"excerpt":{"rendered":"<p>Mannesmann 340 Demir Testeresi, 300mm &nbsp; Ayarlanabilir d\u00f6rt farkl\u0131 testere pozisyonu \u25cf Dayan\u0131kl\u0131 dolu dikd\u00f6rtgen profil, \u25cf Darbelere dayan\u0131kl\u0131 plastik sap \u25cf Testere b\u0131\u00e7a\u011f\u0131: 300mm\/12&#8242; A\u011f\u0131rl\u0131k(Kg) : 0.85 &nbsp;<\/p>\n","protected":false},"featured_media":22282,"comment_status":"open","ping_status":"closed","template":"","meta":[],"product_brand":[],"product_cat":[15,72,84,237],"product_tag":[],"class_list":{"0":"post-22279","1":"product","2":"type-product","3":"status-publish","4":"has-post-thumbnail","6":"product_cat-genel","7":"product_cat-hirdavat","8":"product_cat-mengeneler-ve-iskenceler","9":"product_cat-testereler-mengeneler-ve-iskenceler","11":"first","12":"instock","13":"shipping-taxable","14":"product-type-simple"},"_links":{"self":[{"href":"http:\/\/basakcilastik.com.tr\/index.php?rest_route=\/wp\/v2\/product\/22279","targetHints":{"allow":["GET"]}}],"collection":[{"href":"http:\/\/basakcilastik.com.tr\/index.php?rest_route=\/wp\/v2\/product"}],"about":[{"href":"http:\/\/basakcilastik.com.tr\/index.php?rest_route=\/wp\/v2\/types\/product"}],"replies":[{"embeddable":true,"href":"http:\/\/basakcilastik.com.tr\/index.php?rest_route=%2Fwp%2Fv2%2Fcomments&post=22279"}],"wp:featuredmedia":[{"embeddable":true,"href":"http:\/\/basakcilastik.com.tr\/index.php?rest_route=\/wp\/v2\/media\/22282"}],"wp:attachment":[{"href":"http:\/\/basakcilastik.com.tr\/index.php?rest_route=%2Fwp%2Fv2%2Fmedia&parent=22279"}],"wp:term":[{"taxonomy":"product_brand","embeddable":true,"href":"http:\/\/basakcilastik.com.tr\/index.php?rest_route=%2Fwp%2Fv2%2Fproduct_brand&post=22279"},{"taxonomy":"product_cat","embeddable":true,"href":"http:\/\/basakcilastik.com.tr\/index.php?rest_route=%2Fwp%2Fv2%2Fproduct_cat&post=22279"},{"taxonomy":"product_tag","embeddable":true,"href":"http:\/\/basakcilastik.com.tr\/index.php?rest_route=%2Fwp%2Fv2%2Fproduct_tag&post=22279"}],"curies":[{"name":"wp","href":"https:\/\/api.w.org\/{rel}","templated":true}]}}