{"id":22248,"date":"2020-08-20T10:45:03","date_gmt":"2020-08-20T10:45:03","guid":{"rendered":"https:\/\/basakcilastik.com.tr\/?post_type=product&#038;p=22248"},"modified":"2020-08-20T10:45:05","modified_gmt":"2020-08-20T10:45:05","slug":"gaz-beton-testere-elmasli-50cm-eyt051","status":"publish","type":"product","link":"http:\/\/basakcilastik.com.tr\/?product=gaz-beton-testere-elmasli-50cm-eyt051","title":{"rendered":"Gaz Beton Testere \u2013 Elmasl\u0131 50cm EYT051"},"content":{"rendered":"<p><strong>Gaz Beton Testere \u2013 Elmasl\u0131 50cm<\/strong><\/p>\n<p>Kod: EYT 051<\/p>\n<p>-ALMAN \u00c7EL\u0130\u011e\u0130 A\u011eIZ<\/p>\n<p>-HIZLI VE KOLAY GAZ BETON TU\u011eLA KES\u0130M\u0130<\/p>\n<p>-ABS PLASTIK MALZEME ERGONOM\u0130K SAP<\/p>\n<p>-ELMAS U\u00c7LU D\u0130\u015eLER<\/p>\n","protected":false},"excerpt":{"rendered":"<p>Gaz Beton Testere \u2013 Elmasl\u0131 50cm Kod: EYT 051 -ALMAN \u00c7EL\u0130\u011e\u0130 A\u011eIZ -HIZLI VE KOLAY GAZ BETON TU\u011eLA KES\u0130M\u0130 -ABS PLASTIK MALZEME ERGONOM\u0130K SAP -ELMAS U\u00c7LU D\u0130\u015eLER<\/p>\n","protected":false},"featured_media":22251,"comment_status":"open","ping_status":"closed","template":"","meta":[],"product_brand":[],"product_cat":[15,72,84,237],"product_tag":[],"class_list":{"0":"post-22248","1":"product","2":"type-product","3":"status-publish","4":"has-post-thumbnail","6":"product_cat-genel","7":"product_cat-hirdavat","8":"product_cat-mengeneler-ve-iskenceler","9":"product_cat-testereler-mengeneler-ve-iskenceler","11":"first","12":"instock","13":"shipping-taxable","14":"product-type-simple"},"_links":{"self":[{"href":"http:\/\/basakcilastik.com.tr\/index.php?rest_route=\/wp\/v2\/product\/22248","targetHints":{"allow":["GET"]}}],"collection":[{"href":"http:\/\/basakcilastik.com.tr\/index.php?rest_route=\/wp\/v2\/product"}],"about":[{"href":"http:\/\/basakcilastik.com.tr\/index.php?rest_route=\/wp\/v2\/types\/product"}],"replies":[{"embeddable":true,"href":"http:\/\/basakcilastik.com.tr\/index.php?rest_route=%2Fwp%2Fv2%2Fcomments&post=22248"}],"wp:featuredmedia":[{"embeddable":true,"href":"http:\/\/basakcilastik.com.tr\/index.php?rest_route=\/wp\/v2\/media\/22251"}],"wp:attachment":[{"href":"http:\/\/basakcilastik.com.tr\/index.php?rest_route=%2Fwp%2Fv2%2Fmedia&parent=22248"}],"wp:term":[{"taxonomy":"product_brand","embeddable":true,"href":"http:\/\/basakcilastik.com.tr\/index.php?rest_route=%2Fwp%2Fv2%2Fproduct_brand&post=22248"},{"taxonomy":"product_cat","embeddable":true,"href":"http:\/\/basakcilastik.com.tr\/index.php?rest_route=%2Fwp%2Fv2%2Fproduct_cat&post=22248"},{"taxonomy":"product_tag","embeddable":true,"href":"http:\/\/basakcilastik.com.tr\/index.php?rest_route=%2Fwp%2Fv2%2Fproduct_tag&post=22248"}],"curies":[{"name":"wp","href":"https:\/\/api.w.org\/{rel}","templated":true}]}}