{"id":22016,"date":"2020-08-19T11:34:56","date_gmt":"2020-08-19T11:34:56","guid":{"rendered":"https:\/\/basakcilastik.com.tr\/?post_type=product&#038;p=22016"},"modified":"2020-08-19T11:34:58","modified_gmt":"2020-08-19T11:34:58","slug":"troy-25039-iskence-80x250mm","status":"publish","type":"product","link":"http:\/\/basakcilastik.com.tr\/?product=troy-25039-iskence-80x250mm","title":{"rendered":"TROY 25039 \u0130\u015fkence (80x250mm)"},"content":{"rendered":"<p>TROY 25039 \u0130\u015fkence (80x250mm)<\/p>\n<ul>\n<li>\nAlman Tipi F \u0130\u015fkenceler<br \/>\n\u25cf T\u0131rt\u0131kl\u0131 kanallar kavramay\u0131 iyile\u015ftirirken, kayar ba\u015fl\u0131klar h\u0131zl\u0131 ve kolay bir \u015fekilde ayarlan\u0131r.<br \/>\n\u25cf Rahat kavranan ergonomik ah\u015fap kol ile d\u00f6kme demir ba\u015fl\u0131klara kolay g\u00fc\u00e7 aktar\u0131m\u0131 sa\u011flar<br \/>\n\u25cf \u00c7al\u0131\u015fma par\u00e7as\u0131 \u00fczerinde iz b\u0131rakmayan plastik ba\u015fl\u0131k tamponlar\u0131<br \/>\n\u25cf Korozyona kar\u015f\u0131 nikel kapl\u0131 kayar kol<br \/>\n\u25cf Toz boya kapl\u0131, d\u00f6vme \u00e7elik a\u011f\u0131zlar<br \/>\n\u25cf So\u011fuk \u00e7ekme y\u00fcksek karbon \u00e7elik konkav i\u015flenmi\u015f raylar<br \/>\n\u25cf Sprey lake boyal\u0131 d\u00f6vme demir sabitleme kollar\u0131<br \/>\n\u25cf DIN5117 Standard\u0131na uygun<br \/>\n\u25cf A\u011f\u0131z uzunlu\u011fu: 80mm<br \/>\n\u25cf Kol uzunlu\u011fu: 250mm<\/li>\n<\/ul>\n<p><strong>A\u011f\u0131rl\u0131k(Kg)<\/strong><\/p>\n<p><strong>:<\/strong><\/p>\n<p>0.79<\/p>\n<p>&nbsp;<\/p>\n","protected":false},"excerpt":{"rendered":"<p>TROY 25039 \u0130\u015fkence (80x250mm) Alman Tipi F \u0130\u015fkenceler \u25cf T\u0131rt\u0131kl\u0131 kanallar kavramay\u0131 iyile\u015ftirirken, kayar ba\u015fl\u0131klar h\u0131zl\u0131 ve kolay bir \u015fekilde ayarlan\u0131r. \u25cf Rahat kavranan ergonomik ah\u015fap kol ile d\u00f6kme demir ba\u015fl\u0131klara kolay g\u00fc\u00e7 aktar\u0131m\u0131 sa\u011flar \u25cf \u00c7al\u0131\u015fma par\u00e7as\u0131 \u00fczerinde iz b\u0131rakmayan plastik ba\u015fl\u0131k tamponlar\u0131 \u25cf Korozyona kar\u015f\u0131 nikel kapl\u0131 kayar kol \u25cf Toz boya kapl\u0131, d\u00f6vme \u00e7elik a\u011f\u0131zlar \u25cf So\u011fuk [&hellip;]<\/p>\n","protected":false},"featured_media":22020,"comment_status":"open","ping_status":"closed","template":"","meta":[],"product_brand":[],"product_cat":[15,72,234,84],"product_tag":[],"class_list":{"0":"post-22016","1":"product","2":"type-product","3":"status-publish","4":"has-post-thumbnail","6":"product_cat-genel","7":"product_cat-hirdavat","8":"product_cat-iskenceler","9":"product_cat-mengeneler-ve-iskenceler","11":"first","12":"instock","13":"shipping-taxable","14":"product-type-simple"},"_links":{"self":[{"href":"http:\/\/basakcilastik.com.tr\/index.php?rest_route=\/wp\/v2\/product\/22016","targetHints":{"allow":["GET"]}}],"collection":[{"href":"http:\/\/basakcilastik.com.tr\/index.php?rest_route=\/wp\/v2\/product"}],"about":[{"href":"http:\/\/basakcilastik.com.tr\/index.php?rest_route=\/wp\/v2\/types\/product"}],"replies":[{"embeddable":true,"href":"http:\/\/basakcilastik.com.tr\/index.php?rest_route=%2Fwp%2Fv2%2Fcomments&post=22016"}],"wp:featuredmedia":[{"embeddable":true,"href":"http:\/\/basakcilastik.com.tr\/index.php?rest_route=\/wp\/v2\/media\/22020"}],"wp:attachment":[{"href":"http:\/\/basakcilastik.com.tr\/index.php?rest_route=%2Fwp%2Fv2%2Fmedia&parent=22016"}],"wp:term":[{"taxonomy":"product_brand","embeddable":true,"href":"http:\/\/basakcilastik.com.tr\/index.php?rest_route=%2Fwp%2Fv2%2Fproduct_brand&post=22016"},{"taxonomy":"product_cat","embeddable":true,"href":"http:\/\/basakcilastik.com.tr\/index.php?rest_route=%2Fwp%2Fv2%2Fproduct_cat&post=22016"},{"taxonomy":"product_tag","embeddable":true,"href":"http:\/\/basakcilastik.com.tr\/index.php?rest_route=%2Fwp%2Fv2%2Fproduct_tag&post=22016"}],"curies":[{"name":"wp","href":"https:\/\/api.w.org\/{rel}","templated":true}]}}