{"id":21966,"date":"2020-08-19T11:09:42","date_gmt":"2020-08-19T11:09:42","guid":{"rendered":"https:\/\/basakcilastik.com.tr\/?post_type=product&#038;p=21966"},"modified":"2020-08-19T11:09:43","modified_gmt":"2020-08-19T11:09:43","slug":"ant300-pnomatik-takim-cektirme","status":"publish","type":"product","link":"http:\/\/basakcilastik.com.tr\/?product=ant300-pnomatik-takim-cektirme","title":{"rendered":"ANT300 Pn\u00f6matik Tak\u0131m \u00c7ektirme"},"content":{"rendered":"<p>ANT300 Pn\u00f6matik Tak\u0131m \u00c7ektirme<\/p>\n","protected":false},"excerpt":{"rendered":"<p>ANT300 Pn\u00f6matik Tak\u0131m \u00c7ektirme<\/p>\n","protected":false},"featured_media":21968,"comment_status":"open","ping_status":"closed","template":"","meta":[],"product_brand":[],"product_cat":[15,233,72,84],"product_tag":[],"class_list":{"0":"post-21966","1":"product","2":"type-product","3":"status-publish","4":"has-post-thumbnail","6":"product_cat-genel","7":"product_cat-diger-aksamlar","8":"product_cat-hirdavat","9":"product_cat-mengeneler-ve-iskenceler","11":"first","12":"instock","13":"shipping-taxable","14":"product-type-simple"},"_links":{"self":[{"href":"http:\/\/basakcilastik.com.tr\/index.php?rest_route=\/wp\/v2\/product\/21966","targetHints":{"allow":["GET"]}}],"collection":[{"href":"http:\/\/basakcilastik.com.tr\/index.php?rest_route=\/wp\/v2\/product"}],"about":[{"href":"http:\/\/basakcilastik.com.tr\/index.php?rest_route=\/wp\/v2\/types\/product"}],"replies":[{"embeddable":true,"href":"http:\/\/basakcilastik.com.tr\/index.php?rest_route=%2Fwp%2Fv2%2Fcomments&post=21966"}],"wp:featuredmedia":[{"embeddable":true,"href":"http:\/\/basakcilastik.com.tr\/index.php?rest_route=\/wp\/v2\/media\/21968"}],"wp:attachment":[{"href":"http:\/\/basakcilastik.com.tr\/index.php?rest_route=%2Fwp%2Fv2%2Fmedia&parent=21966"}],"wp:term":[{"taxonomy":"product_brand","embeddable":true,"href":"http:\/\/basakcilastik.com.tr\/index.php?rest_route=%2Fwp%2Fv2%2Fproduct_brand&post=21966"},{"taxonomy":"product_cat","embeddable":true,"href":"http:\/\/basakcilastik.com.tr\/index.php?rest_route=%2Fwp%2Fv2%2Fproduct_cat&post=21966"},{"taxonomy":"product_tag","embeddable":true,"href":"http:\/\/basakcilastik.com.tr\/index.php?rest_route=%2Fwp%2Fv2%2Fproduct_tag&post=21966"}],"curies":[{"name":"wp","href":"https:\/\/api.w.org\/{rel}","templated":true}]}}