{"id":21035,"date":"2020-08-16T19:03:21","date_gmt":"2020-08-16T19:03:21","guid":{"rendered":"https:\/\/basakcilastik.com.tr\/?post_type=product&#038;p=21035"},"modified":"2020-08-16T19:03:24","modified_gmt":"2020-08-16T19:03:24","slug":"1107-14-karburator-lokma-takimi-18-parca-mm","status":"publish","type":"product","link":"http:\/\/basakcilastik.com.tr\/?product=1107-14-karburator-lokma-takimi-18-parca-mm","title":{"rendered":"1107 14 Karb\u00fcrat\u00f6r Lokma Tak\u0131m\u0131 (18 par\u00e7a mm)"},"content":{"rendered":"<table width=\"100%\">\n<tbody>\n<tr>\n<td><strong>KOD<\/strong><\/td>\n<td><strong>Lokmalar<\/strong><\/td>\n<td><strong>Avadanl\u0131klar<\/strong><\/td>\n<td><\/td>\n<td><\/td>\n<\/tr>\n<tr>\n<td rowspan=\"2\">1107 00 6018<\/td>\n<td rowspan=\"2\">4-5-6<br \/>\n7-8-9-10-11-12-13<br \/>\nAlt\u0131 K\u00f6\u015fe<\/p>\n<p>8-10<br \/>\nSekiz K\u00f6\u015fe<\/td>\n<td>1\/4&#8243; C\u0131rc\u0131r kolu<\/td>\n<td rowspan=\"2\">960<\/td>\n<td rowspan=\"2\">18<\/td>\n<\/tr>\n<tr>\n<td><\/td>\n<\/tr>\n<\/tbody>\n<\/table>\n<p>&nbsp;<\/p>\n","protected":false},"excerpt":{"rendered":"<p>KOD Lokmalar Avadanl\u0131klar 1107 00 6018 4-5-6 7-8-9-10-11-12-13 Alt\u0131 K\u00f6\u015fe 8-10 Sekiz K\u00f6\u015fe 1\/4&#8243; C\u0131rc\u0131r kolu 960 18 &nbsp;<\/p>\n","protected":false},"featured_media":21038,"comment_status":"open","ping_status":"closed","template":"","meta":[],"product_brand":[],"product_cat":[15,72,232,83],"product_tag":[],"class_list":{"0":"post-21035","1":"product","2":"type-product","3":"status-publish","4":"has-post-thumbnail","6":"product_cat-genel","7":"product_cat-hirdavat","8":"product_cat-lokma","9":"product_cat-lokma-ve-bijon-anahtarlari","11":"first","12":"instock","13":"shipping-taxable","14":"product-type-simple"},"_links":{"self":[{"href":"http:\/\/basakcilastik.com.tr\/index.php?rest_route=\/wp\/v2\/product\/21035","targetHints":{"allow":["GET"]}}],"collection":[{"href":"http:\/\/basakcilastik.com.tr\/index.php?rest_route=\/wp\/v2\/product"}],"about":[{"href":"http:\/\/basakcilastik.com.tr\/index.php?rest_route=\/wp\/v2\/types\/product"}],"replies":[{"embeddable":true,"href":"http:\/\/basakcilastik.com.tr\/index.php?rest_route=%2Fwp%2Fv2%2Fcomments&post=21035"}],"wp:featuredmedia":[{"embeddable":true,"href":"http:\/\/basakcilastik.com.tr\/index.php?rest_route=\/wp\/v2\/media\/21038"}],"wp:attachment":[{"href":"http:\/\/basakcilastik.com.tr\/index.php?rest_route=%2Fwp%2Fv2%2Fmedia&parent=21035"}],"wp:term":[{"taxonomy":"product_brand","embeddable":true,"href":"http:\/\/basakcilastik.com.tr\/index.php?rest_route=%2Fwp%2Fv2%2Fproduct_brand&post=21035"},{"taxonomy":"product_cat","embeddable":true,"href":"http:\/\/basakcilastik.com.tr\/index.php?rest_route=%2Fwp%2Fv2%2Fproduct_cat&post=21035"},{"taxonomy":"product_tag","embeddable":true,"href":"http:\/\/basakcilastik.com.tr\/index.php?rest_route=%2Fwp%2Fv2%2Fproduct_tag&post=21035"}],"curies":[{"name":"wp","href":"https:\/\/api.w.org\/{rel}","templated":true}]}}