{"id":21033,"date":"2020-08-16T19:01:09","date_gmt":"2020-08-16T19:01:09","guid":{"rendered":"https:\/\/basakcilastik.com.tr\/?post_type=product&#038;p=21033"},"modified":"2020-08-16T19:01:12","modified_gmt":"2020-08-16T19:01:12","slug":"1107-14-alti-kose-derin-lokma-anahtar-mm","status":"publish","type":"product","link":"http:\/\/basakcilastik.com.tr\/?product=1107-14-alti-kose-derin-lokma-anahtar-mm","title":{"rendered":"1107 14 Alt\u0131 K\u00f6\u015fe Derin Lokma Anahtar (mm)"},"content":{"rendered":"<table width=\"100%\">\n<tbody>\n<tr>\n<td><strong>KOD<\/strong><\/td>\n<td><\/td>\n<td><\/td>\n<td><\/td>\n<td><\/td>\n<td><\/td>\n<td><\/td>\n<td><\/td>\n<\/tr>\n<tr>\n<td><\/td>\n<td><\/td>\n<td><\/td>\n<td><\/td>\n<td><\/td>\n<td><\/td>\n<td><\/td>\n<td><\/td>\n<\/tr>\n<tr>\n<td>1107 06 4004<\/td>\n<td>4<\/td>\n<td>6.8<\/td>\n<td>11.8<\/td>\n<td>6<\/td>\n<td>50<\/td>\n<td>10<\/td>\n<td>10<\/td>\n<\/tr>\n<tr>\n<td>1107 06 4045<\/td>\n<td>4.5<\/td>\n<td>7.4<\/td>\n<td>11.8<\/td>\n<td>7<\/td>\n<td>50<\/td>\n<td>10<\/td>\n<td>10<\/td>\n<\/tr>\n<tr>\n<td><\/td>\n<td><\/td>\n<td><\/td>\n<td><\/td>\n<td><\/td>\n<td><\/td>\n<td><\/td>\n<td><\/td>\n<\/tr>\n<tr>\n<td>1107 06 4005<\/td>\n<td>5<\/td>\n<td>8<\/td>\n<td>11.8<\/td>\n<td>7<\/td>\n<td>50<\/td>\n<td>20<\/td>\n<td>10<\/td>\n<\/tr>\n<tr>\n<td>1107 06 4055<\/td>\n<td>5.5<\/td>\n<td>8.7<\/td>\n<td>11.8<\/td>\n<td>9<\/td>\n<td>50<\/td>\n<td>20<\/td>\n<td>10<\/td>\n<\/tr>\n<tr>\n<td><\/td>\n<td><\/td>\n<td><\/td>\n<td><\/td>\n<td><\/td>\n<td><\/td>\n<td><\/td>\n<td><\/td>\n<\/tr>\n<tr>\n<td>1107 06 4006<\/td>\n<td>6<\/td>\n<td>9.2<\/td>\n<td>11.8<\/td>\n<td>9<\/td>\n<td>50<\/td>\n<td>25<\/td>\n<td>10<\/td>\n<\/tr>\n<tr>\n<td>1107 06 4007<\/td>\n<td>7<\/td>\n<td>10.3<\/td>\n<td>11.8<\/td>\n<td>15<\/td>\n<td>50<\/td>\n<td>25<\/td>\n<td>10<\/td>\n<\/tr>\n<tr>\n<td><\/td>\n<td><\/td>\n<td><\/td>\n<td><\/td>\n<td><\/td>\n<td><\/td>\n<td><\/td>\n<td><\/td>\n<\/tr>\n<tr>\n<td>1107 06 4008<\/td>\n<td>8<\/td>\n<td>11.8<\/td>\n<td>11.8<\/td>\n<td>15<\/td>\n<td>50<\/td>\n<td>25<\/td>\n<td>10<\/td>\n<\/tr>\n<tr>\n<td>1107 06 4009<\/td>\n<td>9<\/td>\n<td>13<\/td>\n<td>13<\/td>\n<td>15<\/td>\n<td>50<\/td>\n<td>30<\/td>\n<td>10<\/td>\n<\/tr>\n<tr>\n<td><\/td>\n<td><\/td>\n<td><\/td>\n<td><\/td>\n<td><\/td>\n<td><\/td>\n<td><\/td>\n<td><\/td>\n<\/tr>\n<tr>\n<td>1107 06 4010<\/td>\n<td>10<\/td>\n<td>14.5<\/td>\n<td>14.5<\/td>\n<td>15<\/td>\n<td>50<\/td>\n<td>40<\/td>\n<td>10<\/td>\n<\/tr>\n<tr>\n<td>1107 06 4011<\/td>\n<td>11<\/td>\n<td>15.8<\/td>\n<td>15.8<\/td>\n<td>21<\/td>\n<td>50<\/td>\n<td>45<\/td>\n<td>10<\/td>\n<\/tr>\n<tr>\n<td><\/td>\n<td><\/td>\n<td><\/td>\n<td><\/td>\n<td><\/td>\n<td><\/td>\n<td><\/td>\n<td><\/td>\n<\/tr>\n<tr>\n<td>1107 06 4012<\/td>\n<td>12<\/td>\n<td>16.8<\/td>\n<td>16.8<\/td>\n<td>21<\/td>\n<td>50<\/td>\n<td>50<\/td>\n<td>10<\/td>\n<\/tr>\n<tr>\n<td>1107 06 4013<\/td>\n<td>13<\/td>\n<td>17.8<\/td>\n<td>17.8<\/td>\n<td>21<\/td>\n<td>50<\/td>\n<td>55<\/td>\n<td>10<\/td>\n<\/tr>\n<\/tbody>\n<\/table>\n<p>&nbsp;<\/p>\n","protected":false},"excerpt":{"rendered":"<p>KOD 1107 06 4004 4 6.8 11.8 6 50 10 10 1107 06 4045 4.5 7.4 11.8 7 50 10 10 1107 06 4005 5 8 11.8 7 50 20 10 1107 06 4055 5.5 8.7 11.8 9 50 20 10 1107 06 4006 6 9.2 11.8 9 50 25 10 1107 06 4007 7 10.3 11.8 15 50 25 [&hellip;]<\/p>\n","protected":false},"featured_media":21034,"comment_status":"open","ping_status":"closed","template":"","meta":[],"product_brand":[],"product_cat":[15,72,232,83],"product_tag":[],"class_list":{"0":"post-21033","1":"product","2":"type-product","3":"status-publish","4":"has-post-thumbnail","6":"product_cat-genel","7":"product_cat-hirdavat","8":"product_cat-lokma","9":"product_cat-lokma-ve-bijon-anahtarlari","11":"first","12":"instock","13":"shipping-taxable","14":"product-type-simple"},"_links":{"self":[{"href":"http:\/\/basakcilastik.com.tr\/index.php?rest_route=\/wp\/v2\/product\/21033","targetHints":{"allow":["GET"]}}],"collection":[{"href":"http:\/\/basakcilastik.com.tr\/index.php?rest_route=\/wp\/v2\/product"}],"about":[{"href":"http:\/\/basakcilastik.com.tr\/index.php?rest_route=\/wp\/v2\/types\/product"}],"replies":[{"embeddable":true,"href":"http:\/\/basakcilastik.com.tr\/index.php?rest_route=%2Fwp%2Fv2%2Fcomments&post=21033"}],"wp:featuredmedia":[{"embeddable":true,"href":"http:\/\/basakcilastik.com.tr\/index.php?rest_route=\/wp\/v2\/media\/21034"}],"wp:attachment":[{"href":"http:\/\/basakcilastik.com.tr\/index.php?rest_route=%2Fwp%2Fv2%2Fmedia&parent=21033"}],"wp:term":[{"taxonomy":"product_brand","embeddable":true,"href":"http:\/\/basakcilastik.com.tr\/index.php?rest_route=%2Fwp%2Fv2%2Fproduct_brand&post=21033"},{"taxonomy":"product_cat","embeddable":true,"href":"http:\/\/basakcilastik.com.tr\/index.php?rest_route=%2Fwp%2Fv2%2Fproduct_cat&post=21033"},{"taxonomy":"product_tag","embeddable":true,"href":"http:\/\/basakcilastik.com.tr\/index.php?rest_route=%2Fwp%2Fv2%2Fproduct_tag&post=21033"}],"curies":[{"name":"wp","href":"https:\/\/api.w.org\/{rel}","templated":true}]}}