{"id":21006,"date":"2020-08-16T14:29:09","date_gmt":"2020-08-16T14:29:09","guid":{"rendered":"https:\/\/basakcilastik.com.tr\/?post_type=product&#038;p=21006"},"modified":"2020-08-16T14:29:12","modified_gmt":"2020-08-16T14:29:12","slug":"38f-14-m-lokma-adaptor-pvc","status":"publish","type":"product","link":"http:\/\/basakcilastik.com.tr\/?product=38f-14-m-lokma-adaptor-pvc","title":{"rendered":"38\u201dF &#8211; 14\u201d M LOKMA ADAPT\u00d6R PVC"},"content":{"rendered":"<p>3\/8\u201dF &#8211; 1\/4\u201d M LOKMA ADAPT\u00d6R PVC<\/p>\n<table width=\"540\">\n<thead>\n<tr>\n<td><strong>Kod<\/strong><\/td>\n<td><strong>\u00dcr\u00fcn Ad\u0131<\/strong><\/td>\n<td><strong>Koli<\/strong><\/td>\n<td><strong>Paket<\/strong><\/td>\n<\/tr>\n<\/thead>\n<tbody>\n<tr>\n<td>007-RC7418P<\/td>\n<td>3\/8\u201dF-1\/4\u201d PVC<\/td>\n<td>10<\/td>\n<td>150<\/td>\n<\/tr>\n<\/tbody>\n<\/table>\n<p>&nbsp;<\/p>\n","protected":false},"excerpt":{"rendered":"<p>3\/8\u201dF &#8211; 1\/4\u201d M LOKMA ADAPT\u00d6R PVC Kod \u00dcr\u00fcn Ad\u0131 Koli Paket 007-RC7418P 3\/8\u201dF-1\/4\u201d PVC 10 150 &nbsp;<\/p>\n","protected":false},"featured_media":21009,"comment_status":"open","ping_status":"closed","template":"","meta":[],"product_brand":[],"product_cat":[15,72,232,83],"product_tag":[],"class_list":{"0":"post-21006","1":"product","2":"type-product","3":"status-publish","4":"has-post-thumbnail","6":"product_cat-genel","7":"product_cat-hirdavat","8":"product_cat-lokma","9":"product_cat-lokma-ve-bijon-anahtarlari","11":"first","12":"instock","13":"shipping-taxable","14":"product-type-simple"},"_links":{"self":[{"href":"http:\/\/basakcilastik.com.tr\/index.php?rest_route=\/wp\/v2\/product\/21006","targetHints":{"allow":["GET"]}}],"collection":[{"href":"http:\/\/basakcilastik.com.tr\/index.php?rest_route=\/wp\/v2\/product"}],"about":[{"href":"http:\/\/basakcilastik.com.tr\/index.php?rest_route=\/wp\/v2\/types\/product"}],"replies":[{"embeddable":true,"href":"http:\/\/basakcilastik.com.tr\/index.php?rest_route=%2Fwp%2Fv2%2Fcomments&post=21006"}],"wp:featuredmedia":[{"embeddable":true,"href":"http:\/\/basakcilastik.com.tr\/index.php?rest_route=\/wp\/v2\/media\/21009"}],"wp:attachment":[{"href":"http:\/\/basakcilastik.com.tr\/index.php?rest_route=%2Fwp%2Fv2%2Fmedia&parent=21006"}],"wp:term":[{"taxonomy":"product_brand","embeddable":true,"href":"http:\/\/basakcilastik.com.tr\/index.php?rest_route=%2Fwp%2Fv2%2Fproduct_brand&post=21006"},{"taxonomy":"product_cat","embeddable":true,"href":"http:\/\/basakcilastik.com.tr\/index.php?rest_route=%2Fwp%2Fv2%2Fproduct_cat&post=21006"},{"taxonomy":"product_tag","embeddable":true,"href":"http:\/\/basakcilastik.com.tr\/index.php?rest_route=%2Fwp%2Fv2%2Fproduct_tag&post=21006"}],"curies":[{"name":"wp","href":"https:\/\/api.w.org\/{rel}","templated":true}]}}