{"id":20994,"date":"2020-08-16T14:24:44","date_gmt":"2020-08-16T14:24:44","guid":{"rendered":"https:\/\/basakcilastik.com.tr\/?post_type=product&#038;p=20994"},"modified":"2020-08-16T14:24:46","modified_gmt":"2020-08-16T14:24:46","slug":"38-buji-lokma-14mm-12-kose","status":"publish","type":"product","link":"http:\/\/basakcilastik.com.tr\/?product=38-buji-lokma-14mm-12-kose","title":{"rendered":"38\u201d BUJ\u0130 LOKMA 14MM 12 K\u00d6\u015eE"},"content":{"rendered":"<p>3\/8\u201d BUJ\u0130 LOKMA 14MM 12 K\u00d6\u015eE<\/p>\n<table width=\"540\">\n<thead>\n<tr>\n<td><strong>Kod<\/strong><\/td>\n<td><strong>\u00dcr\u00fcn Ad\u0131<\/strong><\/td>\n<td><strong>Koli<\/strong><\/td>\n<td><strong>Paket<\/strong><\/td>\n<\/tr>\n<\/thead>\n<tbody>\n<tr>\n<td>007-RC2997<\/td>\n<td>3\/8&#8243; Buji Lokma 14mm 9cm<\/td>\n<td>10<\/td>\n<td>180<\/td>\n<\/tr>\n<tr>\n<td>007-RC2998<\/td>\n<td>3\/8&#8243; Buji Lokma 14mm 25cm<\/td>\n<td>5<\/td>\n<td>60<\/td>\n<\/tr>\n<\/tbody>\n<\/table>\n<p>&nbsp;<\/p>\n","protected":false},"excerpt":{"rendered":"<p>3\/8\u201d BUJ\u0130 LOKMA 14MM 12 K\u00d6\u015eE Kod \u00dcr\u00fcn Ad\u0131 Koli Paket 007-RC2997 3\/8&#8243; Buji Lokma 14mm 9cm 10 180 007-RC2998 3\/8&#8243; Buji Lokma 14mm 25cm 5 60 &nbsp;<\/p>\n","protected":false},"featured_media":20997,"comment_status":"open","ping_status":"closed","template":"","meta":[],"product_brand":[],"product_cat":[15,72,232,83],"product_tag":[],"class_list":{"0":"post-20994","1":"product","2":"type-product","3":"status-publish","4":"has-post-thumbnail","6":"product_cat-genel","7":"product_cat-hirdavat","8":"product_cat-lokma","9":"product_cat-lokma-ve-bijon-anahtarlari","11":"first","12":"instock","13":"shipping-taxable","14":"product-type-simple"},"_links":{"self":[{"href":"http:\/\/basakcilastik.com.tr\/index.php?rest_route=\/wp\/v2\/product\/20994","targetHints":{"allow":["GET"]}}],"collection":[{"href":"http:\/\/basakcilastik.com.tr\/index.php?rest_route=\/wp\/v2\/product"}],"about":[{"href":"http:\/\/basakcilastik.com.tr\/index.php?rest_route=\/wp\/v2\/types\/product"}],"replies":[{"embeddable":true,"href":"http:\/\/basakcilastik.com.tr\/index.php?rest_route=%2Fwp%2Fv2%2Fcomments&post=20994"}],"wp:featuredmedia":[{"embeddable":true,"href":"http:\/\/basakcilastik.com.tr\/index.php?rest_route=\/wp\/v2\/media\/20997"}],"wp:attachment":[{"href":"http:\/\/basakcilastik.com.tr\/index.php?rest_route=%2Fwp%2Fv2%2Fmedia&parent=20994"}],"wp:term":[{"taxonomy":"product_brand","embeddable":true,"href":"http:\/\/basakcilastik.com.tr\/index.php?rest_route=%2Fwp%2Fv2%2Fproduct_brand&post=20994"},{"taxonomy":"product_cat","embeddable":true,"href":"http:\/\/basakcilastik.com.tr\/index.php?rest_route=%2Fwp%2Fv2%2Fproduct_cat&post=20994"},{"taxonomy":"product_tag","embeddable":true,"href":"http:\/\/basakcilastik.com.tr\/index.php?rest_route=%2Fwp%2Fv2%2Fproduct_tag&post=20994"}],"curies":[{"name":"wp","href":"https:\/\/api.w.org\/{rel}","templated":true}]}}