{"id":20992,"date":"2020-08-16T14:24:08","date_gmt":"2020-08-16T14:24:08","guid":{"rendered":"https:\/\/basakcilastik.com.tr\/?post_type=product&#038;p=20992"},"modified":"2020-08-16T14:24:10","modified_gmt":"2020-08-16T14:24:10","slug":"38-6-kose-lokma-pvc","status":"publish","type":"product","link":"http:\/\/basakcilastik.com.tr\/?product=38-6-kose-lokma-pvc","title":{"rendered":"38\u201d 6 K\u00d6\u015eE LOKMA PVC"},"content":{"rendered":"<p>3\/8\u201d 6 K\u00d6\u015eE LOKMA PVC<\/p>\n<table width=\"540\">\n<thead>\n<tr>\n<td><strong>Kod<\/strong><\/td>\n<td><strong>\u00dcr\u00fcn Ad\u0131<\/strong><\/td>\n<td><strong>Koli<\/strong><\/td>\n<td><strong>Paket<\/strong><\/td>\n<\/tr>\n<\/thead>\n<tbody>\n<tr>\n<td>007-RC4810P<\/td>\n<td>10 mm PVC<\/td>\n<td>10<\/td>\n<td>200<\/td>\n<\/tr>\n<tr>\n<td>007-RC4811P<\/td>\n<td>11 mm PVC<\/td>\n<td>10<\/td>\n<td>200<\/td>\n<\/tr>\n<tr>\n<td>007-RC4812P<\/td>\n<td>12 mm PVC<\/td>\n<td>10<\/td>\n<td>200<\/td>\n<\/tr>\n<tr>\n<td>007-RC4813P<\/td>\n<td>13 mm PVC<\/td>\n<td>10<\/td>\n<td>200<\/td>\n<\/tr>\n<tr>\n<td>007-RC4814P<\/td>\n<td>14 mm PVC<\/td>\n<td>10<\/td>\n<td>200<\/td>\n<\/tr>\n<tr>\n<td>007-RC4815P<\/td>\n<td>15 mm PVC<\/td>\n<td>10<\/td>\n<td>200<\/td>\n<\/tr>\n<tr>\n<td>007-RC4816P<\/td>\n<td>16 mm PVC<\/td>\n<td>10<\/td>\n<td>200<\/td>\n<\/tr>\n<tr>\n<td>007-RC4817P<\/td>\n<td>17 mm PVC<\/td>\n<td>10<\/td>\n<td>200<\/td>\n<\/tr>\n<tr>\n<td>007-RC4819P<\/td>\n<td>19 mm PVC<\/td>\n<td>10<\/td>\n<td>200<\/td>\n<\/tr>\n<\/tbody>\n<\/table>\n<p>&nbsp;<\/p>\n","protected":false},"excerpt":{"rendered":"<p>3\/8\u201d 6 K\u00d6\u015eE LOKMA PVC Kod \u00dcr\u00fcn Ad\u0131 Koli Paket 007-RC4810P 10 mm PVC 10 200 007-RC4811P 11 mm PVC 10 200 007-RC4812P 12 mm PVC 10 200 007-RC4813P 13 mm PVC 10 200 007-RC4814P 14 mm PVC 10 200 007-RC4815P 15 mm PVC 10 200 007-RC4816P 16 mm PVC 10 200 007-RC4817P 17 mm PVC 10 200 007-RC4819P 19 [&hellip;]<\/p>\n","protected":false},"featured_media":20995,"comment_status":"open","ping_status":"closed","template":"","meta":[],"product_brand":[],"product_cat":[15,72,232,83],"product_tag":[],"class_list":{"0":"post-20992","1":"product","2":"type-product","3":"status-publish","4":"has-post-thumbnail","6":"product_cat-genel","7":"product_cat-hirdavat","8":"product_cat-lokma","9":"product_cat-lokma-ve-bijon-anahtarlari","11":"first","12":"instock","13":"shipping-taxable","14":"product-type-simple"},"_links":{"self":[{"href":"http:\/\/basakcilastik.com.tr\/index.php?rest_route=\/wp\/v2\/product\/20992","targetHints":{"allow":["GET"]}}],"collection":[{"href":"http:\/\/basakcilastik.com.tr\/index.php?rest_route=\/wp\/v2\/product"}],"about":[{"href":"http:\/\/basakcilastik.com.tr\/index.php?rest_route=\/wp\/v2\/types\/product"}],"replies":[{"embeddable":true,"href":"http:\/\/basakcilastik.com.tr\/index.php?rest_route=%2Fwp%2Fv2%2Fcomments&post=20992"}],"wp:featuredmedia":[{"embeddable":true,"href":"http:\/\/basakcilastik.com.tr\/index.php?rest_route=\/wp\/v2\/media\/20995"}],"wp:attachment":[{"href":"http:\/\/basakcilastik.com.tr\/index.php?rest_route=%2Fwp%2Fv2%2Fmedia&parent=20992"}],"wp:term":[{"taxonomy":"product_brand","embeddable":true,"href":"http:\/\/basakcilastik.com.tr\/index.php?rest_route=%2Fwp%2Fv2%2Fproduct_brand&post=20992"},{"taxonomy":"product_cat","embeddable":true,"href":"http:\/\/basakcilastik.com.tr\/index.php?rest_route=%2Fwp%2Fv2%2Fproduct_cat&post=20992"},{"taxonomy":"product_tag","embeddable":true,"href":"http:\/\/basakcilastik.com.tr\/index.php?rest_route=%2Fwp%2Fv2%2Fproduct_tag&post=20992"}],"curies":[{"name":"wp","href":"https:\/\/api.w.org\/{rel}","templated":true}]}}