{"id":20969,"date":"2020-08-16T10:07:52","date_gmt":"2020-08-16T10:07:52","guid":{"rendered":"https:\/\/basakcilastik.com.tr\/?post_type=product&#038;p=20969"},"modified":"2020-08-16T10:07:53","modified_gmt":"2020-08-16T10:07:53","slug":"38-6-kose-lokma-anahtar","status":"publish","type":"product","link":"http:\/\/basakcilastik.com.tr\/?product=38-6-kose-lokma-anahtar","title":{"rendered":"38 6 K\u00f6\u015fe Lokma Anahtar"},"content":{"rendered":"<table>\n<tbody>\n<tr>\n<td rowspan=\"2\"><strong>AL<\/strong><br \/>\n3\/8&#8243; 6-k\u00f6\u015fe lokma anahtarlar<br \/>\ny\u00fcksek tork performans\u0131.<br \/>\nt\u00fcm \u00f6l\u00e7\u00fcler parlak krom kaplamad\u0131r.<br \/>\ny\u00fcksek vas\u0131fl\u0131 krom-vanadium \u00e7eli\u011finden imal<br \/>\nedilir ve \u0131s\u0131l i\u015flemden ge\u00e7er.<br \/>\npaketleme: barkodlu alfatech ambalaj\u0131<\/td>\n<td colspan=\"2\" width=\"17\">&nbsp;<\/td>\n<td width=\"0\"><\/td>\n<\/tr>\n<tr>\n<td width=\"10\"><\/td>\n<td width=\"10\"><\/td>\n<td width=\"0\">&nbsp;<\/td>\n<\/tr>\n<\/tbody>\n<\/table>\n<p>&nbsp;<\/p>\n<table width=\"633\">\n<tbody>\n<tr>\n<td>Stok Kodu<\/td>\n<td>\u00d6l\u00e7\u00fc (mm)<\/td>\n<td>Adet<\/td>\n<\/tr>\n<tr>\n<td>AL-3810<\/td>\n<td>10<\/td>\n<td>10<\/td>\n<\/tr>\n<tr>\n<td>AL-3811<\/td>\n<td>11<\/td>\n<td>10<\/td>\n<\/tr>\n<tr>\n<td>AL-3812<\/td>\n<td>12<\/td>\n<td>10<\/td>\n<\/tr>\n<tr>\n<td>AL-3813<\/td>\n<td>13<\/td>\n<td>10<\/td>\n<\/tr>\n<tr>\n<td>AL-3814<\/td>\n<td>14<\/td>\n<td>10<\/td>\n<\/tr>\n<tr>\n<td>AL-3815<\/td>\n<td>15<\/td>\n<td>10<\/td>\n<\/tr>\n<tr>\n<td>AL-3816<\/td>\n<td>16<\/td>\n<td>10<\/td>\n<\/tr>\n<tr>\n<td>AL-3817<\/td>\n<td>17<\/td>\n<td>10<\/td>\n<\/tr>\n<tr>\n<td>AL-3818<\/td>\n<td>18<\/td>\n<td>10<\/td>\n<\/tr>\n<tr>\n<td>AL-3819<\/td>\n<td>19<\/td>\n<td>10<\/td>\n<\/tr>\n<\/tbody>\n<\/table>\n<p>&nbsp;<\/p>\n","protected":false},"excerpt":{"rendered":"<p>AL 3\/8&#8243; 6-k\u00f6\u015fe lokma anahtarlar y\u00fcksek tork performans\u0131. t\u00fcm \u00f6l\u00e7\u00fcler parlak krom kaplamad\u0131r. y\u00fcksek vas\u0131fl\u0131 krom-vanadium \u00e7eli\u011finden imal edilir ve \u0131s\u0131l i\u015flemden ge\u00e7er. paketleme: barkodlu alfatech ambalaj\u0131 &nbsp; &nbsp; &nbsp; Stok Kodu \u00d6l\u00e7\u00fc (mm) Adet AL-3810 10 10 AL-3811 11 10 AL-3812 12 10 AL-3813 13 10 AL-3814 14 10 AL-3815 15 10 AL-3816 16 10 AL-3817 17 10 AL-3818 [&hellip;]<\/p>\n","protected":false},"featured_media":20972,"comment_status":"open","ping_status":"closed","template":"","meta":[],"product_brand":[],"product_cat":[15,72,232,83],"product_tag":[],"class_list":{"0":"post-20969","1":"product","2":"type-product","3":"status-publish","4":"has-post-thumbnail","6":"product_cat-genel","7":"product_cat-hirdavat","8":"product_cat-lokma","9":"product_cat-lokma-ve-bijon-anahtarlari","11":"first","12":"instock","13":"shipping-taxable","14":"product-type-simple"},"_links":{"self":[{"href":"http:\/\/basakcilastik.com.tr\/index.php?rest_route=\/wp\/v2\/product\/20969","targetHints":{"allow":["GET"]}}],"collection":[{"href":"http:\/\/basakcilastik.com.tr\/index.php?rest_route=\/wp\/v2\/product"}],"about":[{"href":"http:\/\/basakcilastik.com.tr\/index.php?rest_route=\/wp\/v2\/types\/product"}],"replies":[{"embeddable":true,"href":"http:\/\/basakcilastik.com.tr\/index.php?rest_route=%2Fwp%2Fv2%2Fcomments&post=20969"}],"wp:featuredmedia":[{"embeddable":true,"href":"http:\/\/basakcilastik.com.tr\/index.php?rest_route=\/wp\/v2\/media\/20972"}],"wp:attachment":[{"href":"http:\/\/basakcilastik.com.tr\/index.php?rest_route=%2Fwp%2Fv2%2Fmedia&parent=20969"}],"wp:term":[{"taxonomy":"product_brand","embeddable":true,"href":"http:\/\/basakcilastik.com.tr\/index.php?rest_route=%2Fwp%2Fv2%2Fproduct_brand&post=20969"},{"taxonomy":"product_cat","embeddable":true,"href":"http:\/\/basakcilastik.com.tr\/index.php?rest_route=%2Fwp%2Fv2%2Fproduct_cat&post=20969"},{"taxonomy":"product_tag","embeddable":true,"href":"http:\/\/basakcilastik.com.tr\/index.php?rest_route=%2Fwp%2Fv2%2Fproduct_tag&post=20969"}],"curies":[{"name":"wp","href":"https:\/\/api.w.org\/{rel}","templated":true}]}}