{"id":20965,"date":"2020-08-16T10:06:09","date_gmt":"2020-08-16T10:06:09","guid":{"rendered":"https:\/\/basakcilastik.com.tr\/?post_type=product&#038;p=20965"},"modified":"2020-08-16T10:06:11","modified_gmt":"2020-08-16T10:06:11","slug":"38-14-bit-adaptoru","status":"publish","type":"product","link":"http:\/\/basakcilastik.com.tr\/?product=38-14-bit-adaptoru","title":{"rendered":"38 &#8211; 14 Bit Adapt\u00f6r\u00fc"},"content":{"rendered":"<table>\n<tbody>\n<tr>\n<td rowspan=\"2\"><strong><br \/>\nABA<\/strong><br \/>\n3\/8&#8243; x 1\/4&#8243; bit adapt\u00f6r\u00fc<br \/>\ny\u00fcksek vas\u0131fl\u0131 krom-vanadium \u00e7eli\u011finden imal<br \/>\nedilir ve \u0131s\u0131l i\u015flemden ge\u00e7er.<br \/>\npaketleme: barkodlu alfatech ambalaj\u0131<\/td>\n<td colspan=\"2\" width=\"17\">&nbsp;<\/td>\n<td width=\"0\"><\/td>\n<\/tr>\n<tr>\n<td width=\"10\"><\/td>\n<td width=\"10\"><\/td>\n<td width=\"0\">&nbsp;<\/td>\n<\/tr>\n<\/tbody>\n<\/table>\n<p>&nbsp;<\/p>\n<table width=\"633\">\n<thead>\n<tr>\n<td><strong>Stok Kodu<\/strong><\/td>\n<td><strong>\u00d6l\u00e7\u00fc<\/strong><\/td>\n<td><strong>Adet<\/strong><\/td>\n<\/tr>\n<\/thead>\n<tbody>\n<tr>\n<td>ABA-3814<\/td>\n<td>3\/8\u201d(F) x<br \/>\n1\/4\u201d (F)<\/td>\n<td>10<\/td>\n<\/tr>\n<\/tbody>\n<\/table>\n<p>&nbsp;<\/p>\n","protected":false},"excerpt":{"rendered":"<p>ABA 3\/8&#8243; x 1\/4&#8243; bit adapt\u00f6r\u00fc y\u00fcksek vas\u0131fl\u0131 krom-vanadium \u00e7eli\u011finden imal edilir ve \u0131s\u0131l i\u015flemden ge\u00e7er. paketleme: barkodlu alfatech ambalaj\u0131 &nbsp; &nbsp; &nbsp; Stok Kodu \u00d6l\u00e7\u00fc Adet ABA-3814 3\/8\u201d(F) x 1\/4\u201d (F) 10 &nbsp;<\/p>\n","protected":false},"featured_media":20968,"comment_status":"open","ping_status":"closed","template":"","meta":[],"product_brand":[],"product_cat":[15,72,232,83],"product_tag":[],"class_list":{"0":"post-20965","1":"product","2":"type-product","3":"status-publish","4":"has-post-thumbnail","6":"product_cat-genel","7":"product_cat-hirdavat","8":"product_cat-lokma","9":"product_cat-lokma-ve-bijon-anahtarlari","11":"first","12":"instock","13":"shipping-taxable","14":"product-type-simple"},"_links":{"self":[{"href":"http:\/\/basakcilastik.com.tr\/index.php?rest_route=\/wp\/v2\/product\/20965","targetHints":{"allow":["GET"]}}],"collection":[{"href":"http:\/\/basakcilastik.com.tr\/index.php?rest_route=\/wp\/v2\/product"}],"about":[{"href":"http:\/\/basakcilastik.com.tr\/index.php?rest_route=\/wp\/v2\/types\/product"}],"replies":[{"embeddable":true,"href":"http:\/\/basakcilastik.com.tr\/index.php?rest_route=%2Fwp%2Fv2%2Fcomments&post=20965"}],"wp:featuredmedia":[{"embeddable":true,"href":"http:\/\/basakcilastik.com.tr\/index.php?rest_route=\/wp\/v2\/media\/20968"}],"wp:attachment":[{"href":"http:\/\/basakcilastik.com.tr\/index.php?rest_route=%2Fwp%2Fv2%2Fmedia&parent=20965"}],"wp:term":[{"taxonomy":"product_brand","embeddable":true,"href":"http:\/\/basakcilastik.com.tr\/index.php?rest_route=%2Fwp%2Fv2%2Fproduct_brand&post=20965"},{"taxonomy":"product_cat","embeddable":true,"href":"http:\/\/basakcilastik.com.tr\/index.php?rest_route=%2Fwp%2Fv2%2Fproduct_cat&post=20965"},{"taxonomy":"product_tag","embeddable":true,"href":"http:\/\/basakcilastik.com.tr\/index.php?rest_route=%2Fwp%2Fv2%2Fproduct_tag&post=20965"}],"curies":[{"name":"wp","href":"https:\/\/api.w.org\/{rel}","templated":true}]}}